{"id":36655,"date":"2025-04-15T06:09:33","date_gmt":"2025-04-15T06:09:33","guid":{"rendered":"http:\/\/egtc.ee\/?page_id=36655"},"modified":"2026-01-23T17:18:29","modified_gmt":"2026-01-23T17:18:29","slug":"cookies-and-privacy-policy","status":"publish","type":"page","link":"https:\/\/egtc.ee\/et\/cookies-and-privacy-policy\/","title":{"rendered":"K\u00fcpsiste ja Privaatsuse Poliitika"},"content":{"rendered":"<div class=\"brz-root__container brz-reset-all brz brz-root__container-page\">\n<section id=\"2f5cf4c7f0712e5577cf_aHnb4yPV8DtT\" class=\"brz-section brz-css-hvqsxi brz-css-11luoui\">\n<div class=\"brz-section__content brz-section--boxed brz-css-17upi0f brz-css-16gw2xi\" data-brz-custom-id=\"wqqeb8ZGPAbY\">\n<div class=\"brz-bg\">\n<div class=\"brz-bg-color\"><\/div>\n<div class=\"brz-bg-shape brz-bg-shape__top\"><\/div>\n<div class=\"brz-bg-shape brz-bg-shape__bottom\"><\/div>\n<\/div>\n<div class=\"brz-container brz-css-14n03rn\">\n<div class=\"brz-row__container brz-css-13frsog\" data-brz-custom-id=\"sMijjFBSdfn_\">\n<div class=\"brz-bg\"><\/div>\n<div class=\"brz-row brz-css-tgu31x\">\n<div class=\"brz-columns brz-css-1t40txg\" data-brz-custom-id=\"a4KaSndb0xPV\">\n<div class=\"brz-bg\"><\/div>\n<div class=\"brz-column__items brz-css-13al8mg\"><\/div>\n<\/div>\n<div class=\"brz-columns brz-css-1t40txg\" data-brz-custom-id=\"hNAKPSeOdJxY\">\n<div class=\"brz-bg\"><\/div>\n<div class=\"brz-column__items brz-css-13al8mg\"><\/div>\n<\/div>\n<\/div>\n<\/div>\n<div id=\"\" class=\"brz-css-9cexqi brz-css-7q2ffd brz-wrapper\">\n<div class=\"brz-spacer brz-css-9r3jyk brz-css-ka8mre\"><\/div>\n<\/div>\n<\/div>\n<\/div>\n<\/section>\n<section id=\"342eee485d20ade5752c_fCiNBf7X4GCs\" class=\"brz-section brz-css-hvqsxi\">\n<div class=\"brz-section__content brz-section--boxed brz-css-17upi0f brz-css-14lc3fr\" data-brz-custom-id=\"bKFLV5tzWgKm\">\n<div class=\"brz-container brz-css-14n03rn brz-css-18uqe73\">\n<div class=\"brz-row__container brz-css-13frsog\" data-brz-custom-id=\"eaAharwoou1L\">\n<div class=\"brz-bg\"><\/div>\n<div class=\"brz-row brz-css-tgu31x\">\n<div class=\"brz-columns brz-css-1t40txg brz-css-cs5oli\" data-brz-custom-id=\"iWmjTS6daMxY\">\n<div class=\"brz-bg\"><\/div>\n<div class=\"brz-column__items brz-css-13al8mg\">\n<div id=\"\" class=\"brz-css-9cexqi brz-css-7q2ffd brz-wrapper\">\n<div class=\"brz-spacer brz-css-9r3jyk\"><\/div>\n<\/div>\n<\/div>\n<\/div>\n<div class=\"brz-columns brz-css-1t40txg brz-css-1n5ff0v\" data-brz-custom-id=\"mn6k42IwkYKV\">\n<div class=\"brz-bg\"><\/div>\n<div class=\"brz-column__items brz-css-13al8mg brz-css-xjz2ek\">\n<div id=\"\" class=\"brz-css-9cexqi brz-wrapper\">\n<div class=\"brz-rich-text brz-rich-text__custom brz-css-5x84ck\" data-brz-custom-id=\"a3CeMWAHQaDJ\">\n<div data-brz-translate-text=\"1\">\n<h3 class=\"brz-tp-lg-heading3 brz-css-eWl_k\" data-uniq-id=\"aXIzI\" data-generated-css=\"brz-css-im1H5\"><span class=\"brz-cp-color4\">K\u00fcpsiste ja Privaatsuse Poliitika<\/span><\/h3>\n<\/div>\n<\/div>\n<\/div>\n<div id=\"\" class=\"brz-css-9cexqi brz-wrapper\">\n<div class=\"brz-rich-text brz-rich-text__custom brz-css-5x84ck\" data-brz-custom-id=\"eqPXH8YiWAC3\">\n<div data-brz-translate-text=\"1\">\n<h5 data-uniq-id=\"pnZzk\" data-generated-css=\"brz-css-icGgU\" class=\"brz-tp-lg-heading5 brz-css-ob94H\"><span class=\"brz-cp-color4\">Sissejuhatus<\/span><\/h5>\n<\/div>\n<\/div>\n<\/div>\n<div id=\"\" class=\"brz-css-9cexqi brz-wrapper\">\n<div class=\"brz-rich-text brz-rich-text__custom brz-css-5x84ck\" data-brz-custom-id=\"cZdulyElf524\">\n<div data-brz-translate-text=\"1\">\n<p class=\"brz-tp-lg-paragraph brz-css-lVUqB\" data-uniq-id=\"i8nq4\" data-generated-css=\"brz-css-k7TAT\"><span class=\"brz-cp-color7\">K\u00e4esolev k\u00fcpsiste ja privaatsuse poliitika selgitab, kuidas me kogume, kasutame ja kaitseme teie isikuandmeid, kui k\u00fclastate meie veebilehte&nbsp;<\/span><strong class=\"brz-cp-color7\">egtc.ee<\/strong><span class=\"brz-cp-color7\">. Me austame teie privaatsust ja k\u00e4sitleme teie andmeid vastavalt kehtivatele seadustele, sealhulgas Euroopa Liidu isikuandmete kaitse \u00fcldm\u00e4\u00e4rusele (GDPR).<\/span><\/p>\n<\/div>\n<\/div>\n<\/div>\n<div id=\"\" class=\"brz-css-9cexqi brz-wrapper\">\n<div class=\"brz-rich-text brz-rich-text__custom brz-css-5x84ck\" data-brz-custom-id=\"iA1LWXSm6W9c\">\n<div data-brz-translate-text=\"1\">\n<h5 data-generated-css=\"brz-css-jgFDA\" data-uniq-id=\"xXdHH\" class=\"brz-tp-lg-heading5 brz-css-mBTpr\"><span class=\"brz-cp-color4\">1. Milliseid andmeid kogume?<\/span><\/h5>\n<\/div>\n<\/div>\n<\/div>\n<div id=\"\" class=\"brz-css-9cexqi brz-wrapper\">\n<div class=\"brz-rich-text brz-rich-text__custom brz-css-5x84ck\" data-brz-custom-id=\"kuey49rnW7ds\">\n<div data-brz-translate-text=\"1\">\n<p class=\"brz-tp-lg-paragraph brz-css-xyrPk\" data-generated-css=\"brz-css-sSC6m\" data-uniq-id=\"mVsnm\"><span class=\"brz-cp-color7\">Me v\u00f5ime koguda j\u00e4rgmisi andmeid:<\/span><\/p>\n<ul>\n<li class=\"brz-tp-lg-paragraph brz-bcp-color7 brz-css-r56nq\" data-generated-css=\"brz-css-o77DV\" data-uniq-id=\"fiqLP\"><span class=\"brz-cp-color7\">Teie nime ja e-posti aadressi (nt kontaktivormi kaudu)<\/span><\/li>\n<li class=\"brz-tp-lg-paragraph brz-bcp-color7 brz-css-pmdvb\" data-generated-css=\"brz-css-mThcA\" data-uniq-id=\"esg7Z\"><span class=\"brz-cp-color7\">Teavet teie seadme ja brauseri kohta<\/span><\/li>\n<li class=\"brz-tp-lg-paragraph brz-bcp-color7 brz-css-nhLRk\" data-generated-css=\"brz-css-zenn_\" data-uniq-id=\"pw_xm\"><span class=\"brz-cp-color7\">IP-aadressi<\/span><\/li>\n<li class=\"brz-tp-lg-paragraph brz-bcp-color7 brz-css-s8DyK\" data-generated-css=\"brz-css-ub0JG\" data-uniq-id=\"n12Wr\"><span class=\"brz-cp-color7\">K\u00fclastuste statistikat ja lehe kasutust<\/span><\/li>\n<\/ul>\n<\/div>\n<\/div>\n<\/div>\n<div id=\"\" class=\"brz-css-9cexqi brz-wrapper\">\n<div class=\"brz-rich-text brz-rich-text__custom brz-css-5x84ck\" data-brz-custom-id=\"xgFRYUz6vnEZ\">\n<div data-brz-translate-text=\"1\">\n<h5 data-generated-css=\"brz-css-jgFDA\" data-uniq-id=\"xXdHH\" class=\"brz-tp-lg-heading5 brz-css-ehrfs\"><span class=\"brz-cp-color4\">2. K\u00fcpsised<\/span><\/h5>\n<\/div>\n<\/div>\n<\/div>\n<div id=\"\" class=\"brz-css-9cexqi brz-wrapper\">\n<div class=\"brz-rich-text brz-rich-text__custom brz-css-5x84ck\" data-brz-custom-id=\"oPNjUULplM4R\">\n<div data-brz-translate-text=\"1\">\n<p class=\"brz-tp-lg-paragraph brz-css-n3YpY\" data-uniq-id=\"rs0F0\" data-generated-css=\"brz-css-jN3zc\"><span class=\"brz-cp-color7\">Meie veebileht kasutab k\u00fcpsiseid (cookies), et parandada kasutajakogemust ja koguda statistikat. K\u00fcpsised on v\u00e4ikesed tekstifailid, mis salvestatakse teie seadmesse.<\/span><\/p>\n<p class=\"brz-tp-lg-paragraph brz-css-kicns\" data-uniq-id=\"r7Kek\" data-generated-css=\"brz-css-amcyn\"><span class=\"brz-cp-color7\"> <\/span><\/p>\n<p class=\"brz-tp-lg-paragraph brz-css-fZw1B\" data-uniq-id=\"r7Kek\" data-generated-css=\"brz-css-amcyn\"><span class=\"brz-cp-color7\">Kasutame j\u00e4rgmisi k\u00fcpsiseid:<\/span><\/p>\n<ul>\n<li data-uniq-id=\"wwf6E\" data-generated-css=\"brz-css-nWdfo\" class=\"brz-tp-lg-paragraph brz-css-oXsvo\"><strong class=\"brz-cp-color7\">Olulised k\u00fcpsised<\/strong><span class=\"brz-cp-color7\">&nbsp;\u2013 vajalikud lehe p\u00f5hifunktsioonideks. <\/span><\/li>\n<li class=\"brz-tp-lg-paragraph brz-css-esrQF\" data-uniq-id=\"i5e7w\" data-generated-css=\"brz-css-tO0rP\"><strong class=\"brz-cp-color7\">Statistika<\/strong><span class=\"brz-cp-color7\">&nbsp;\u2013 aitavad m\u00f5ista, kuidas k\u00fclastajad veebilehte kasutavad.<\/span><\/li>\n<li class=\"brz-tp-lg-paragraph brz-css-uYSYa\" data-uniq-id=\"olrkW\" data-generated-css=\"brz-css-d0wHj\"><strong class=\"brz-cp-color7\">Turundus<\/strong><span class=\"brz-cp-color7\">&nbsp;\u2013 aitavad n\u00e4idata asjakohaseid reklaame (kui rakendub).<\/span><\/li>\n<\/ul>\n<p data-uniq-id=\"esKMO\" data-generated-css=\"brz-css-aQYea\" class=\"brz-tp-lg-paragraph brz-bcp-color7 brz-css-qMyAR\"><span class=\"brz-cp-color7\"> <\/span><\/p>\n<p data-uniq-id=\"esKMO\" data-generated-css=\"brz-css-aQYea\" class=\"brz-tp-lg-paragraph brz-bcp-color7 brz-css-cQGnZ\"><span class=\"brz-cp-color7\">Soovi korral saate k\u00fcpsised oma brauseri seadetes keelata.<\/span><\/p>\n<\/div>\n<\/div>\n<\/div>\n<div id=\"\" class=\"brz-css-9cexqi brz-wrapper\">\n<div class=\"brz-rich-text brz-rich-text__custom brz-css-5x84ck\" data-brz-custom-id=\"s02KsfJz33NP\">\n<div data-brz-translate-text=\"1\">\n<h5 class=\"brz-tp-lg-heading5 brz-css-vgoTg\" data-uniq-id=\"aCZBs\" data-generated-css=\"brz-css-f4gAl\"><span class=\"brz-cp-color4\">3. Milleks me andmeid kasutame?<\/span><\/h5>\n<\/div>\n<\/div>\n<\/div>\n<div id=\"\" class=\"brz-css-9cexqi brz-wrapper\">\n<div class=\"brz-rich-text brz-rich-text__custom brz-css-5x84ck\" data-brz-custom-id=\"uE1hRQLiLVZv\">\n<div data-brz-translate-text=\"1\">\n<ul>\n<li data-generated-css=\"brz-css-vwomP\" data-uniq-id=\"hfhyO\" class=\"brz-tp-lg-paragraph brz-bcp-color7 brz-css-v30zq\"><span class=\"brz-cp-color7\">Veebilehe toimimise tagamiseks<\/span><\/li>\n<li data-generated-css=\"brz-css-vwomP\" data-uniq-id=\"hfhyO\" class=\"brz-tp-lg-paragraph brz-bcp-color7 brz-css-uwbvT\"><span class=\"brz-cp-color7\">Kasutajakogemuse parandamiseks<\/span><\/li>\n<li data-generated-css=\"brz-css-vwomP\" data-uniq-id=\"hfhyO\" class=\"brz-tp-lg-paragraph brz-bcp-color7 brz-css-i_Uop\"><span class=\"brz-cp-color7\">K\u00fclastusstatistika anal\u00fc\u00fcsimiseks<\/span><\/li>\n<li class=\"brz-tp-lg-paragraph brz-bcp-color7 brz-css-k1p9W\" data-generated-css=\"brz-css-x533Q\" data-uniq-id=\"aYZHL\"><span class=\"brz-cp-color7\">K\u00fcsimustele vastamiseks ja teiega suhtlemiseks<\/span><\/li>\n<\/ul>\n<\/div>\n<\/div>\n<\/div>\n<div id=\"\" class=\"brz-css-9cexqi brz-wrapper\">\n<div class=\"brz-rich-text brz-rich-text__custom brz-css-5x84ck\" data-brz-custom-id=\"bCzebgmNSoul\">\n<div data-brz-translate-text=\"1\">\n<h5 class=\"brz-tp-lg-heading5 brz-css-zr1yf\" data-generated-css=\"brz-css-mJyk1\" data-uniq-id=\"xBvE1\"><span class=\"brz-cp-color4\">4. Andmete jagamine<\/span><\/h5>\n<\/div>\n<\/div>\n<\/div>\n<div id=\"\" class=\"brz-css-9cexqi brz-wrapper\">\n<div class=\"brz-rich-text brz-rich-text__custom brz-css-5x84ck\" data-brz-custom-id=\"bg3lVOsMAw8f\">\n<div data-brz-translate-text=\"1\">\n<p class=\"brz-bcp-color7 brz-tp-lg-paragraph brz-css-hulmX\" data-generated-css=\"brz-css-zTavo\" data-uniq-id=\"gtx0D\"><span class=\"brz-cp-color7\">Me ei jaga teie isikuandmeid kolmandate osapooltega, v\u00e4lja arvatud juhul, kui see on seadusega ette n\u00e4htud v\u00f5i vajalik teenuse osutamiseks (nt veebimajutaja, statistikat\u00f6\u00f6riistad nagu Google Analytics).<\/span><\/p>\n<\/div>\n<\/div>\n<\/div>\n<div id=\"\" class=\"brz-css-9cexqi brz-wrapper\">\n<div class=\"brz-rich-text brz-rich-text__custom brz-css-5x84ck\" data-brz-custom-id=\"n2eH3Cq1h0yr\">\n<div data-brz-translate-text=\"1\">\n<h5 class=\"brz-tp-lg-heading5 brz-css-u92Gx\" data-uniq-id=\"ipdYp\" data-generated-css=\"brz-css-s5xvJ\"><span class=\"brz-cp-color4\">5. Andmete s\u00e4ilitamine<\/span><\/h5>\n<\/div>\n<\/div>\n<\/div>\n<div id=\"\" class=\"brz-css-9cexqi brz-wrapper\">\n<div class=\"brz-rich-text brz-rich-text__custom brz-css-5x84ck\" data-brz-custom-id=\"eRF2uqCqcAWD\">\n<div data-brz-translate-text=\"1\">\n<p class=\"brz-tp-lg-paragraph brz-bcp-color7 brz-css-xOH4z\" data-uniq-id=\"ruWsN\" data-generated-css=\"brz-css-vjKok\"><span class=\"brz-cp-color7\">S\u00e4ilitame teie andmeid nii kaua, kui see on vajalik poliitikas kirjeldatud eesm\u00e4rkide t\u00e4itmiseks v\u00f5i kui seadus seda n\u00f5uab.<\/span><\/p>\n<\/div>\n<\/div>\n<\/div>\n<div id=\"\" class=\"brz-css-9cexqi brz-wrapper\">\n<div class=\"brz-rich-text brz-rich-text__custom brz-css-5x84ck\" data-brz-custom-id=\"yiE5kCDnIVUJ\">\n<div data-brz-translate-text=\"1\">\n<h5 class=\"brz-tp-lg-heading5 brz-css-jJloc\" data-generated-css=\"brz-css-eiLCo\" data-uniq-id=\"dz1pJ\"><span class=\"brz-cp-color4\">6. Teie \u00f5igused<\/span><\/h5>\n<\/div>\n<\/div>\n<\/div>\n<div id=\"\" class=\"brz-css-9cexqi brz-wrapper\">\n<div class=\"brz-rich-text brz-rich-text__custom brz-css-5x84ck\" data-brz-custom-id=\"rqy7aekH_Jba\">\n<div data-brz-translate-text=\"1\">\n<p class=\"brz-tp-lg-paragraph brz-bcp-color7 brz-css-mm8EC\" data-uniq-id=\"xN705\" data-generated-css=\"brz-css-vW80H\"><span class=\"brz-cp-color7\">Teil on \u00f5igus:<\/span><\/p>\n<ul>\n<li class=\"brz-tp-lg-paragraph brz-bcp-color7 brz-css-tVFW_\" data-uniq-id=\"oxxIo\" data-generated-css=\"brz-css-ceLiU\"><span class=\"brz-cp-color7\">Teada, milliseid andmeid me teie kohta kogume<\/span><\/li>\n<li class=\"brz-tp-lg-paragraph brz-bcp-color7 brz-css-mjMvB\" data-uniq-id=\"oGpo6\" data-generated-css=\"brz-css-i_0lK\"><span class=\"brz-cp-color7\">Taotleda oma andmete parandamist v\u00f5i kustutamist<\/span><\/li>\n<li class=\"brz-tp-lg-paragraph brz-bcp-color7 brz-css-vWt_P\" data-uniq-id=\"c_Hvy\" data-generated-css=\"brz-css-wQZI_\"><span class=\"brz-cp-color7\">V\u00f5tta tagasi n\u00f5usolek isikuandmete t\u00f6\u00f6tlemiseks<\/span><\/li>\n<li class=\"brz-tp-lg-paragraph brz-bcp-color7 brz-css-bUwOh\" data-uniq-id=\"fDscp\" data-generated-css=\"brz-css-iaCVo\"><span class=\"brz-cp-color7\">Esitada kaebus andmekaitseametile<\/span><\/li>\n<\/ul>\n<\/div>\n<\/div>\n<\/div>\n<div id=\"\" class=\"brz-css-9cexqi brz-wrapper\">\n<div class=\"brz-rich-text brz-rich-text__custom brz-css-5x84ck\" data-brz-custom-id=\"yGo85Lp9VF9M\">\n<div data-brz-translate-text=\"1\">\n<h5 class=\"brz-tp-lg-heading5 brz-css-nFdTS\" data-uniq-id=\"r6M7w\" data-generated-css=\"brz-css-zXtMy\"><span class=\"brz-cp-color4\">7. Kontakt<\/span><\/h5>\n<\/div>\n<\/div>\n<\/div>\n<div id=\"\" class=\"brz-css-9cexqi brz-wrapper\">\n<div class=\"brz-rich-text brz-rich-text__custom brz-css-5x84ck\" data-brz-custom-id=\"iZuDoJJdS41i\">\n<div data-brz-translate-text=\"1\">\n<p class=\"brz-bcp-color7 brz-tp-lg-paragraph brz-css-ha1gN\" data-generated-css=\"brz-css-ua1dG\" data-uniq-id=\"paS3N\"><span class=\"brz-cp-color7\">Kui teil on k\u00fcsimusi v\u00f5i soovite oma \u00f5igusi kasutada, v\u00f5tke meiega \u00fchendust:<\/span><\/p>\n<p class=\"brz-bcp-color7 brz-tp-lg-paragraph brz-css-zsIvZ\" data-generated-css=\"brz-css-e_mKV\" data-uniq-id=\"kdcMz\"><span class=\"brz-cp-color4\">info@egtc.ee<\/span><\/p>\n<\/div>\n<\/div>\n<\/div>\n<\/div>\n<\/div>\n<div class=\"brz-columns brz-css-1t40txg brz-css-ww51u8\" data-brz-custom-id=\"hdxq2GDZQ_9k\">\n<div class=\"brz-bg\"><\/div>\n<div class=\"brz-column__items brz-css-13al8mg\">\n<div id=\"\" class=\"brz-css-9cexqi brz-css-7q2ffd brz-wrapper\">\n<div class=\"brz-spacer brz-css-9r3jyk\"><\/div>\n<\/div>\n<\/div>\n<\/div>\n<\/div>\n<\/div>\n<\/div>\n<\/div>\n<\/section>\n<\/div>\n<p>    <!-- version:1744700013 --><\/p>","protected":false},"excerpt":{"rendered":"<p>Cookies and Privacy Policy Introduction This cookies and privacy policy explains how we collect, use, and protect your personal data when you visit our website&nbsp;egtc.ee. We respect your privacy and handle your data in accordance with applicable laws, including the General Data Protection Regulation (GDPR) of the European Union. 1. What Data Do We Collect? [&hellip;]<\/p>\n","protected":false},"author":1,"featured_media":0,"parent":0,"menu_order":0,"comment_status":"closed","ping_status":"closed","template":"brizy-blank-template.php","meta":{"footnotes":""},"class_list":["post-36655","page","type-page","status-publish","hentry"],"brizy_media":[],"_links":{"self":[{"href":"https:\/\/egtc.ee\/et\/wp-json\/wp\/v2\/pages\/36655","targetHints":{"allow":["GET"]}}],"collection":[{"href":"https:\/\/egtc.ee\/et\/wp-json\/wp\/v2\/pages"}],"about":[{"href":"https:\/\/egtc.ee\/et\/wp-json\/wp\/v2\/types\/page"}],"author":[{"embeddable":true,"href":"https:\/\/egtc.ee\/et\/wp-json\/wp\/v2\/users\/1"}],"replies":[{"embeddable":true,"href":"https:\/\/egtc.ee\/et\/wp-json\/wp\/v2\/comments?post=36655"}],"version-history":[{"count":5,"href":"https:\/\/egtc.ee\/et\/wp-json\/wp\/v2\/pages\/36655\/revisions"}],"predecessor-version":[{"id":36666,"href":"https:\/\/egtc.ee\/et\/wp-json\/wp\/v2\/pages\/36655\/revisions\/36666"}],"wp:attachment":[{"href":"https:\/\/egtc.ee\/et\/wp-json\/wp\/v2\/media?parent=36655"}],"curies":[{"name":"wp","href":"https:\/\/api.w.org\/{rel}","templated":true}]}}