{"id":36409,"date":"2025-03-08T13:24:57","date_gmt":"2025-03-08T13:24:57","guid":{"rendered":"http:\/\/egtc.ee\/?page_id=36409"},"modified":"2026-01-23T00:41:06","modified_gmt":"2026-01-23T00:41:06","slug":"self-care-for-helpers-in-riga","status":"publish","type":"page","link":"https:\/\/egtc.ee\/et\/self-care-for-helpers-in-riga\/","title":{"rendered":"Self-care for helpers in Riga"},"content":{"rendered":"<div class=\"brz-root__container brz-reset-all brz brz-root__container-page\">\n<section id=\"3e77617032c705dda007_gl50tRi3g4ZB\" class=\"brz-section brz-css-19ub59u brz-css-12zzoq3\">\n<div class=\"brz-section__content brz-section--boxed brz-css-r9zhpq brz-css-1hwshk\" data-brz-custom-id=\"kp9Oe3hYJp_C\">\n<div class=\"brz-bg\">\n<div class=\"brz-bg-image\"><\/div>\n<div class=\"brz-bg-color\"><\/div>\n<div class=\"brz-bg-shape brz-bg-shape__top\"><\/div>\n<div class=\"brz-bg-shape brz-bg-shape__bottom\"><\/div>\n<\/div>\n<div class=\"brz-container brz-css-vnlqdi\">\n<div class=\"brz-row__container brz-css-5mue56\" data-brz-custom-id=\"qGNmyXgMVs9x\">\n<div class=\"brz-bg\"><\/div>\n<div class=\"brz-row brz-css-h7g03i brz-css-99k2x0\">\n<div class=\"brz-columns brz-css-m1paqh brz-css-vhctm9\" data-brz-custom-id=\"izM2Lz_T8nia\">\n<div class=\"brz-bg\"><\/div>\n<div class=\"brz-column__items brz-css-rvtps5\">\n<div id=\"\" class=\"brz-css-jr63z brz-wrapper\">\n<div class=\"brz-rich-text brz-rich-text__custom brz-css-18a6ih7\" data-brz-custom-id=\"i8NRaZ0kO9h6\">\n<div data-brz-translate-text=\"1\">\n<h2 class=\"brz-tp-lg-heading2 brz-css-l6EHk\" data-uniq-id=\"vTMFj\" data-generated-css=\"brz-css-pbZ4c\"><span style=\"opacity: 0.61\">Kursus<\/span><\/h2>\n<\/div>\n<\/div>\n<\/div>\n<div id=\"\" class=\"brz-css-jr63z brz-css-bwgd9a brz-wrapper\">\n<div class=\"brz-spacer brz-css-g1q49a brz-css-5tchla\"><\/div>\n<\/div>\n<\/div>\n<\/div>\n<div class=\"brz-columns brz-css-m1paqh\" data-brz-custom-id=\"lQ86M2uXpOn9\">\n<div class=\"brz-bg\"><\/div>\n<div class=\"brz-column__items brz-css-rvtps5\">\n<div id=\"\" class=\"brz-css-jr63z brz-css-bwgd9a brz-wrapper\">\n<div class=\"brz-spacer brz-css-g1q49a\"><\/div>\n<\/div>\n<\/div>\n<\/div>\n<\/div>\n<\/div>\n<\/div>\n<\/div>\n<\/section>\n<section id=\"c8487c0f9a8e4f58e342_kFt9XaDhEm9v\" class=\"brz-section brz-css-19ub59u\">\n<div class=\"brz-section__content brz-section--boxed brz-css-r9zhpq brz-css-vhogeq\" data-brz-custom-id=\"agA56TY0EhCE\">\n<div class=\"brz-container brz-css-vnlqdi brz-css-1q8o38g\">\n<div class=\"brz-row__container brz-css-5mue56\" data-brz-custom-id=\"uxwijF4mVuu4\">\n<div class=\"brz-bg\"><\/div>\n<div class=\"brz-row brz-css-h7g03i brz-css-99k2x0\">\n<div class=\"brz-columns brz-css-m1paqh brz-css-5clrkf\" data-brz-custom-id=\"thvDVfYBGBpj\">\n<div class=\"brz-bg\">\n<div class=\"brz-bg-color\"><\/div>\n<\/div>\n<div class=\"brz-column__items brz-css-rvtps5 brz-css-ybe0fc\">\n<div id=\"\" class=\"brz-css-jr63z brz-wrapper\">\n<div class=\"brz-image brz-css-15k8fi5\" data-brz-custom-id=\"wN4ddOSOrvbe\"><img decoding=\"async\" class=\"brz-img\" src=\"http:\/\/egtc.ee\/en_gb\/?brizy_media=wp-c7fa529bab50e4223ad5d6f46b7c0e88.png&amp;brizy_crop=iW%3D300%26iH%3D300%26oX%3D0%26oY%3D38%26cW%3D300%26cH%3D225\" alt=\"\" loading=\"lazy\"><\/div>\n<\/div>\n<div id=\"\" class=\"brz-css-jr63z brz-wrapper\">\n<div class=\"brz-rich-text brz-rich-text__custom brz-css-18a6ih7\" data-brz-custom-id=\"bZ2RM1mcmDHM\">\n<div data-brz-translate-text=\"1\">\n<h5 data-uniq-id=\"f4rtC\" data-generated-css=\"brz-css-bvZS8\" class=\"brz-text-xs-center brz-tp-lg-heading5 brz-css-vC6Qp\"><span class=\"brz-cp-color7\">Info<\/span><\/h5>\n<\/div>\n<\/div>\n<\/div>\n<div id=\"\" class=\"brz-css-jr63z brz-wrapper\">\n<div class=\"brz-icon-text brz-css-1sosp6m\" data-brz-custom-id=\"jOYqdOuioNZg\">\n<div class=\"brz-icon__container\" data-brz-custom-id=\"jNxPk2LFiFqI\"><span class=\"brz-icon brz-span brz-css-15lh5cy brz-css-1mobfgw\"><\/span><\/div>\n<div class=\"brz-text-btn\">\n<div class=\"brz-rich-text brz-rich-text__custom brz-css-18a6ih7\" data-brz-custom-id=\"cbVJ9Czwwq5c\">\n<div data-brz-translate-text=\"1\">\n<p class=\"brz-tp-lg-subtitle brz-css-dJ84T\" data-generated-css=\"brz-css-tn8jb\" data-uniq-id=\"l95jj\"><strong style=\"opacity: 1\" class=\"brz-cp-color5\">14.-16.03.2025 <\/strong><\/p>\n<\/div>\n<\/div>\n<\/div>\n<\/div>\n<\/div>\n<div id=\"\" class=\"brz-css-jr63z brz-wrapper\">\n<div class=\"brz-icon-text brz-css-1sosp6m\" data-brz-custom-id=\"i4jiL6HX0ZUI\">\n<div class=\"brz-icon__container\" data-brz-custom-id=\"kdN8CerayhFX\"><span class=\"brz-icon brz-span brz-css-15lh5cy brz-css-1yxnncx\"><\/span><\/div>\n<div class=\"brz-text-btn\">\n<div class=\"brz-rich-text brz-rich-text__custom brz-css-18a6ih7\" data-brz-custom-id=\"pCYuis5Iz4uC\">\n<div data-brz-translate-text=\"1\">\n<p class=\"brz-tp-lg-subtitle brz-css-bhDF4\" data-generated-css=\"brz-css-pucoR\" data-uniq-id=\"yYFJP\"><span class=\"brz-cp-color5 brz-span\" style=\"opacity: 1\"><strong>Studio Quantum <u>Elijas iela 8<\/u>, <\/strong><\/span><\/p>\n<p class=\"brz-tp-lg-subtitle brz-css-cYcis\" data-generated-css=\"brz-css-pMIag\" data-uniq-id=\"avLKj\"><span class=\"brz-cp-color5 brz-span\" style=\"opacity: 1\"><strong>R\u012bga, LV-1050<\/strong><\/span><\/p>\n<p class=\"brz-tp-lg-subtitle brz-css-rC0Eh\" data-generated-css=\"brz-css-yihOe\" data-uniq-id=\"w1pxW\"><span class=\"brz-cp-color5 brz-span\" style=\"opacity: 1\"><strong>In collaboration with LGTA (Latvijas Ge\u0161talta Terapijas Asoci\u0101cija). <\/strong><\/span><span class=\"brz-cp-color5 brz-span\" style=\"opacity: 1\"><strong> <\/strong><\/span><\/p>\n<\/div>\n<\/div>\n<\/div>\n<\/div>\n<\/div>\n<div id=\"\" class=\"brz-css-jr63z brz-wrapper\">\n<div class=\"brz-icon-text brz-css-1sosp6m\" data-brz-custom-id=\"iQuNO5V97cRf\">\n<div class=\"brz-icon__container\" data-brz-custom-id=\"v1uKPNXaeV0Z\"><span class=\"brz-icon brz-span brz-css-15lh5cy brz-css-1s3iad1\"><\/span><\/div>\n<div class=\"brz-text-btn\">\n<div class=\"brz-rich-text brz-rich-text__custom brz-css-18a6ih7\" data-brz-custom-id=\"l3fzWjvZXEC7\">\n<div data-brz-translate-text=\"1\">\n<p data-uniq-id=\"nd1zB\" data-generated-css=\"brz-css-oE044\" class=\"brz-tp-lg-subtitle brz-css-buynx\"><strong style=\"opacity: 1\" class=\"brz-cp-color5\">Inglise keeles <\/strong><\/p>\n<\/div>\n<\/div>\n<\/div>\n<\/div>\n<\/div>\n<div id=\"\" class=\"brz-css-jr63z brz-wrapper\">\n<div class=\"brz-icon-text brz-css-1sosp6m\" data-brz-custom-id=\"qJjDiZ4fH2D7\">\n<div class=\"brz-icon__container\" data-brz-custom-id=\"oTUleXWbfSy6\"><span class=\"brz-icon brz-span brz-css-15lh5cy brz-css-6uou4l\"><\/span><\/div>\n<div class=\"brz-text-btn\">\n<div class=\"brz-rich-text brz-rich-text__custom brz-css-18a6ih7\" data-brz-custom-id=\"h8AE9rp9dnuL\">\n<div data-brz-translate-text=\"1\">\n<p class=\"brz-tp-lg-subtitle brz-css-hQMf2\" data-generated-css=\"brz-css-bBDcw\" data-uniq-id=\"rqFF5\"><strong style=\"opacity: 1\" class=\"brz-cp-color5\">Koolitajad: Oliver Baiocco<\/strong><\/p>\n<p class=\"brz-tp-lg-subtitle brz-css-bdXVO\" data-generated-css=\"brz-css-bBDcw\" data-uniq-id=\"rqFF5\"><strong style=\"opacity: 1\" class=\"brz-cp-color5\">Kaire Talviste-Baiocco <\/strong><\/p>\n<\/div>\n<\/div>\n<\/div>\n<\/div>\n<\/div>\n<div id=\"\" class=\"brz-css-jr63z brz-wrapper\">\n<div class=\"brz-icon-text brz-css-1sosp6m\" data-brz-custom-id=\"a_oerJ84h6dr\">\n<div class=\"brz-icon__container\" data-brz-custom-id=\"kXRQP3aOUNOu\"><span class=\"brz-icon brz-span brz-css-15lh5cy brz-css-y0jkq\"><\/span><\/div>\n<div class=\"brz-text-btn\">\n<div class=\"brz-rich-text brz-rich-text__custom brz-css-18a6ih7\" data-brz-custom-id=\"b4orpzp_TLhZ\">\n<div data-brz-translate-text=\"1\">\n<p class=\"brz-tp-lg-subtitle brz-css-hBeL5\" data-uniq-id=\"ilqT_\" data-generated-css=\"brz-css-xa4D2\"><strong style=\"opacity: 1\" class=\"brz-cp-color5\">Register: oliver.baiocco@egtc.ee<\/strong><\/p>\n<\/div>\n<\/div>\n<\/div>\n<\/div>\n<\/div>\n<div id=\"\" class=\"brz-css-jr63z brz-wrapper\">\n<div class=\"brz-image brz-css-r2nvp\" data-brz-custom-id=\"dzd8shWLGaJt\"><img decoding=\"async\" class=\"brz-img\" src=\"http:\/\/egtc.ee\/en_gb\/?brizy_media=wp-a1ed0e84a3fab632d05768ffb9420716.png&amp;brizy_crop=original\" alt=\"\" loading=\"lazy\"><\/div>\n<\/div>\n<div id=\"\" class=\"brz-css-jr63z brz-wrapper\">\n<div class=\"brz-rich-text brz-rich-text__custom brz-css-18a6ih7\" data-brz-custom-id=\"cfMvUOmZ4GoN\">\n<div data-brz-translate-text=\"1\">\n<p class=\"brz-fsft-lg-0 brz-fwdth-lg-100 brz-vfw-lg-400 brz-lh-lg-1_4 brz-ls-lg-0 brz-fw-lg-600 brz-fss-lg-px brz-fs-lg-16 brz-ft-google brz-ff-titillium_web brz-tp-lg-empty brz-css-m9eKj\" data-generated-css=\"brz-css-wBin8\" data-uniq-id=\"ksITQ\"><span class=\"brz-cp-color5\">Projekt 2023-1-EE01-KA220-YOU-000159097 on kaasrahastanud ERASMUS+: <\/span><\/p>\n<p class=\"brz-tp-lg-paragraph brz-css-mU9mg\" data-generated-css=\"brz-css-eMBkU\" data-uniq-id=\"sbgFV\"><span class=\"brz-cp-color5\">Noorsoot\u00f6\u00f6tajad ja kaastrauma oht professionaalsel maastikul<\/span><\/p>\n<\/div>\n<\/div>\n<\/div>\n<\/div>\n<\/div>\n<div class=\"brz-columns brz-css-m1paqh brz-css-1y65xlz\" data-brz-custom-id=\"c1e33VAeUbLU\">\n<div class=\"brz-bg\"><\/div>\n<div class=\"brz-column__items brz-css-rvtps5 brz-css-tilrc4\">\n<div class=\"brz-row__container brz-css-5mue56\" data-brz-custom-id=\"qVhnK21iRgaS\">\n<div class=\"brz-bg\"><\/div>\n<div class=\"brz-row brz-row--inner brz-css-h7g03i brz-css-99k2x0\">\n<div class=\"brz-columns brz-css-m1paqh brz-css-pub614\" data-brz-custom-id=\"uvWHLBp3GpWS\">\n<div class=\"brz-bg\"><\/div>\n<div class=\"brz-column__items brz-css-rvtps5 brz-css-lnctps\">\n<div id=\"\" class=\"brz-css-jr63z brz-wrapper\">\n<div class=\"brz-rich-text brz-rich-text__custom brz-css-18a6ih7\" data-brz-custom-id=\"bkP5IqpFetL4\">\n<div data-brz-translate-text=\"1\">\n<p class=\"brz-tp-lg-abovetitle brz-css-w3EY8\" data-generated-css=\"brz-css-hsKTj\" data-uniq-id=\"wk92N\"><span class=\"brz-cp-color7\">SPETSIALISTIDELE<\/span><\/p>\n<\/div>\n<\/div>\n<\/div>\n<div id=\"\" class=\"brz-css-jr63z brz-wrapper\">\n<div class=\"brz-rich-text brz-rich-text__custom brz-css-18a6ih7\" data-brz-custom-id=\"d6FgADAApsjS\">\n<div data-brz-translate-text=\"1\">\n<h2 class=\"brz-text-xs-center brz-tp-lg-heading2 brz-css-hY5K5\" data-generated-css=\"brz-css-rmDBj\" data-uniq-id=\"mGfEi\"><strong style=\"opacity: 1\" class=\"brz-cp-color5\">Aitajate enesehool <\/strong><\/h2>\n<\/div>\n<\/div>\n<\/div>\n<div id=\"\" class=\"brz-css-jr63z brz-wrapper\">\n<div class=\"brz-rich-text brz-rich-text__custom brz-css-18a6ih7\" data-brz-custom-id=\"ycF5bgzfgHeH\">\n<div data-brz-translate-text=\"1\">\n<h3 class=\"brz-text-lg-left brz-text-xs-center brz-tp-lg-heading3 brz-css-viSh_\" data-uniq-id=\"vQRWg\" data-generated-css=\"brz-css-koA3x\"><strong style=\"opacity: 1\" class=\"brz-cp-color5\">T\u00f6\u00f6 koormatud ja traumeeritud klientide ja noortega<\/strong><\/h3>\n<\/div>\n<\/div>\n<\/div>\n<div id=\"\" class=\"brz-css-jr63z brz-wrapper\">\n<div class=\"brz-rich-text brz-rich-text__custom brz-css-18a6ih7\" data-brz-custom-id=\"oaRwpW20q6k4\">\n<div data-brz-translate-text=\"1\">\n<p class=\"brz-text-xs-center brz-tp-lg-empty brz-fsft-lg-0 brz-fwdth-lg-100 brz-vfw-lg-400 brz-lh-lg-1_4 brz-ls-lg-0 brz-fw-lg-600 brz-fss-lg-px brz-fs-lg-16 brz-ft-google brz-ff-titillium_web brz-css-tIirl\" data-uniq-id=\"hpFQs\" data-generated-css=\"brz-css-kmTzm\"><span class=\"brz-cp-color5\">The aim of the course is to raise awareness, support and empower people on the topic of &#8220;trauma work and self-care&#8221;. We are dealing with occupational injuries, with the risk of secondary trauma and the concept of self-care. It is about valuing existing resources, developing new skills, practicing new behaviors and developing a healthy attitude.<\/span><\/p>\n<p class=\"brz-text-xs-center brz-tp-lg-empty brz-fsft-lg-0 brz-fwdth-lg-100 brz-vfw-lg-400 brz-lh-lg-1_4 brz-ls-lg-0 brz-fw-lg-600 brz-fss-lg-px brz-fs-lg-16 brz-ft-google brz-ff-titillium_web brz-css-fL0jt\" data-uniq-id=\"skAz2\" data-generated-css=\"brz-css-eaV3F\"><span class=\"brz-cp-color5\"> <\/span><\/p>\n<p class=\"brz-text-xs-center brz-tp-lg-empty brz-fsft-lg-0 brz-fwdth-lg-100 brz-vfw-lg-400 brz-lh-lg-1_4 brz-ls-lg-0 brz-fw-lg-600 brz-fss-lg-px brz-fs-lg-16 brz-ft-google brz-ff-titillium_web brz-css-vL1vW\" data-uniq-id=\"xjbo_\" data-generated-css=\"brz-css-oO2ME\"><span class=\"brz-cp-color5\">Uurime, millised on olemasolevad ressursid, arendame uusi oskusi, harjutame ennasts\u00e4\u00e4stvaid k\u00e4itumisviise. Eesm\u00e4rk on tugevdada individuaalset ja professionaalset toimetulekut, koosk\u00f5las personaalsete ja sotsiaalsete vajadustega. Koolituse eesm\u00e4rk on toetada spetsialiste oma professionaalse rolli ja enesehinnangu reflekteerimisel, tugevdamisel ja laiendamisel sotsiaalvaldkonna teenuseosutajana. <\/span><\/p>\n<p class=\"brz-text-xs-center brz-tp-lg-empty brz-fsft-lg-0 brz-fwdth-lg-100 brz-vfw-lg-400 brz-lh-lg-1_4 brz-ls-lg-0 brz-fw-lg-600 brz-fss-lg-px brz-fs-lg-16 brz-ft-google brz-ff-titillium_web brz-css-xSe1C\" data-uniq-id=\"z3f0X\" data-generated-css=\"brz-css-d8pyM\"><span class=\"brz-cp-color5\"> <\/span><\/p>\n<p class=\"brz-text-xs-center brz-tp-lg-empty brz-fsft-lg-0 brz-fwdth-lg-100 brz-vfw-lg-400 brz-lh-lg-1_4 brz-ls-lg-0 brz-fw-lg-600 brz-fss-lg-px brz-fs-lg-16 brz-ft-google brz-ff-titillium_web brz-css-sXvRD\" data-uniq-id=\"c5ABv\" data-generated-css=\"brz-css-tLKEh\"><strong class=\"brz-cp-color5\">Our professional training is holistic and will include: <\/strong><\/p>\n<p class=\"brz-text-xs-center brz-tp-lg-empty brz-fsft-lg-0 brz-fwdth-lg-100 brz-vfw-lg-400 brz-lh-lg-1_4 brz-ls-lg-0 brz-fw-lg-600 brz-fss-lg-px brz-fs-lg-16 brz-ft-google brz-ff-titillium_web brz-css-r4nAq\" data-uniq-id=\"c5ABv\" data-generated-css=\"brz-css-tLKEh\"><strong class=\"brz-cp-color5\"> <\/strong><\/p>\n<p class=\"brz-text-xs-center brz-tp-lg-empty brz-fsft-lg-0 brz-fwdth-lg-100 brz-vfw-lg-400 brz-lh-lg-1_4 brz-ls-lg-0 brz-fw-lg-600 brz-fss-lg-px brz-fs-lg-16 brz-ft-google brz-ff-titillium_web brz-css-e3Qcz\" data-uniq-id=\"xEMvt\" data-generated-css=\"brz-css-mV452\"><span class=\"brz-cp-color5\">\u00b7&nbsp;&nbsp;&nbsp;&nbsp;<\/span><strong class=\"brz-cp-color5\">Professional knowledge<\/strong><\/p>\n<p class=\"brz-text-xs-center brz-tp-lg-empty brz-fsft-lg-0 brz-fwdth-lg-100 brz-vfw-lg-400 brz-lh-lg-1_4 brz-ls-lg-0 brz-fw-lg-600 brz-fss-lg-px brz-fs-lg-16 brz-ft-google brz-ff-titillium_web brz-css-tPxSJ\" data-uniq-id=\"lKIgm\" data-generated-css=\"brz-css-f_pza\"><span class=\"brz-cp-color5\">about working with traumatized young people and possible effects on the helpers: compassion fatigue, secondary trauma, and vicarious trauma.<\/span><\/p>\n<p class=\"brz-text-xs-center brz-tp-lg-empty brz-fsft-lg-0 brz-fwdth-lg-100 brz-vfw-lg-400 brz-lh-lg-1_4 brz-ls-lg-0 brz-fw-lg-600 brz-fss-lg-px brz-fs-lg-16 brz-ft-google brz-ff-titillium_web brz-css-pc8vi\" data-uniq-id=\"c3XfJ\" data-generated-css=\"brz-css-bLpMY\"><span class=\"brz-cp-color5\">\u00b7&nbsp;&nbsp;&nbsp;&nbsp;&nbsp;<\/span><strong class=\"brz-cp-color5\">Self-awareness training<\/strong><\/p>\n<p class=\"brz-text-xs-center brz-tp-lg-empty brz-fsft-lg-0 brz-fwdth-lg-100 brz-vfw-lg-400 brz-lh-lg-1_4 brz-ls-lg-0 brz-fw-lg-600 brz-fss-lg-px brz-fs-lg-16 brz-ft-google brz-ff-titillium_web brz-css-f6e7D\" data-uniq-id=\"kEWtB\" data-generated-css=\"brz-css-qqdiQ\"><span class=\"brz-cp-color5\">Self-awareness is an important first step in recognizing how you are doing and where your strengths and insecurities lie and what you would like to change. <\/span><\/p>\n<p class=\"brz-text-xs-center brz-tp-lg-empty brz-fsft-lg-0 brz-fwdth-lg-100 brz-vfw-lg-400 brz-lh-lg-1_4 brz-ls-lg-0 brz-fw-lg-600 brz-fss-lg-px brz-fs-lg-16 brz-ft-google brz-ff-titillium_web brz-css-ooNKL\" data-uniq-id=\"inWmg\" data-generated-css=\"brz-css-gikPc\"><span class=\"brz-cp-color5\">\u00b7&nbsp;&nbsp;&nbsp;&nbsp;&nbsp;the next step is to reflect on your own strategies for strengthening yourself in the acquisition of <\/span><strong class=\"brz-cp-color5\">new<\/strong><\/p>\n<p class=\"brz-text-xs-center brz-tp-lg-empty brz-fsft-lg-0 brz-fwdth-lg-100 brz-vfw-lg-400 brz-lh-lg-1_4 brz-ls-lg-0 brz-fw-lg-600 brz-fss-lg-px brz-fs-lg-16 brz-ft-google brz-ff-titillium_web brz-css-miKSC\" data-uniq-id=\"v_iWk\" data-generated-css=\"brz-css-cfCBs\"><strong class=\"brz-cp-color5\">skills and competences<\/strong><span class=\"brz-cp-color5\">, <\/span><\/p>\n<p class=\"brz-text-xs-center brz-tp-lg-empty brz-fsft-lg-0 brz-fwdth-lg-100 brz-vfw-lg-400 brz-lh-lg-1_4 brz-ls-lg-0 brz-fw-lg-600 brz-fss-lg-px brz-fs-lg-16 brz-ft-google brz-ff-titillium_web brz-css-pGqKz\" data-uniq-id=\"az10G\" data-generated-css=\"brz-css-wvbMD\"><span class=\"brz-cp-color5\">\u00b7&nbsp;&nbsp;&nbsp;&nbsp;&nbsp;This includes the <\/span><strong class=\"brz-cp-color5\">development of an individual self-care practice<\/strong><span class=\"brz-cp-color5\"> that is completely focused on your<\/span><\/p>\n<p class=\"brz-text-xs-center brz-tp-lg-empty brz-fsft-lg-0 brz-fwdth-lg-100 brz-vfw-lg-400 brz-lh-lg-1_4 brz-ls-lg-0 brz-fw-lg-600 brz-fss-lg-px brz-fs-lg-16 brz-ft-google brz-ff-titillium_web brz-css-hzhtJ\" data-uniq-id=\"d8BE5\" data-generated-css=\"brz-css-cDzrk\"><span class=\"brz-cp-color5\">circumstances. <\/span><\/p>\n<p class=\"brz-text-xs-center brz-tp-lg-empty brz-fsft-lg-0 brz-fwdth-lg-100 brz-vfw-lg-400 brz-lh-lg-1_4 brz-ls-lg-0 brz-fw-lg-600 brz-fss-lg-px brz-fs-lg-16 brz-ft-google brz-ff-titillium_web brz-css-gEThp\" data-uniq-id=\"d8BE5\" data-generated-css=\"brz-css-cDzrk\"><span class=\"brz-cp-color5\"> <\/span><\/p>\n<p class=\"brz-text-xs-center brz-tp-lg-empty brz-fsft-lg-0 brz-fwdth-lg-100 brz-vfw-lg-400 brz-lh-lg-1_4 brz-ls-lg-0 brz-fw-lg-600 brz-fss-lg-px brz-fs-lg-16 brz-ft-google brz-ff-titillium_web brz-css-zEvSz\" data-uniq-id=\"uMnXD\" data-generated-css=\"brz-css-blI76\"><span class=\"brz-cp-color5\">The training thus combines knowledge, skills, and feelings, which is the necessary prerequisite for learning well. <\/span><\/p>\n<p class=\"brz-text-xs-center brz-tp-lg-empty brz-fsft-lg-0 brz-fwdth-lg-100 brz-vfw-lg-400 brz-lh-lg-1_4 brz-ls-lg-0 brz-fw-lg-600 brz-fss-lg-px brz-fs-lg-16 brz-ft-google brz-ff-titillium_web brz-css-gbsSz\" data-uniq-id=\"ewE30\" data-generated-css=\"brz-css-mZ_Qc\"><span class=\"brz-cp-color5\">You will get to know many different creative methods and the group will be a stable anchor for your personal development.<\/span><\/p>\n<p class=\"brz-text-xs-center brz-tp-lg-empty brz-bcp-color5 brz-fsft-lg-0 brz-fwdth-lg-100 brz-vfw-lg-400 brz-lh-lg-1_4 brz-ls-lg-0 brz-fw-lg-600 brz-fss-lg-px brz-fs-lg-16 brz-ft-google brz-ff-titillium_web brz-css-v4IE7\" data-uniq-id=\"bEVOf\" data-generated-css=\"brz-css-kbQlO\"><span class=\"brz-cp-color5\"> <\/span><\/p>\n<p class=\"brz-text-xs-center brz-tp-lg-empty brz-bcp-color5 brz-fsft-lg-0 brz-fwdth-lg-100 brz-vfw-lg-400 brz-lh-lg-1_4 brz-ls-lg-0 brz-fw-lg-600 brz-fss-lg-px brz-fs-lg-16 brz-ft-google brz-ff-titillium_web brz-css-vhnp_\" data-uniq-id=\"wcPGR\" data-generated-css=\"brz-css-xBXEk\"><strong class=\"brz-cp-color5\">Koolitajad: <\/strong><\/p>\n<ul>\n<li class=\"brz-text-xs-center brz-tp-lg-empty brz-fsft-lg-0 brz-fwdth-lg-100 brz-vfw-lg-400 brz-lh-lg-1_4 brz-ls-lg-0 brz-fw-lg-600 brz-fss-lg-px brz-fs-lg-16 brz-ft-google brz-ff-titillium_web brz-bcp-color5 brz-css-wqXc6\" data-uniq-id=\"gJyAl\" data-generated-css=\"brz-css-qb5Nm\"><span class=\"brz-cp-color5\">Oliver Baiocco: gestalt- ja kehaterapeut, traumaterapeut, n\u00f5ustaja, sotsiaalteadlane, M.Sc (DVG, EAGT).<\/span><\/li>\n<li class=\"brz-text-xs-center brz-tp-lg-empty brz-fsft-lg-0 brz-fwdth-lg-100 brz-vfw-lg-400 brz-lh-lg-1_4 brz-ls-lg-0 brz-fw-lg-600 brz-fss-lg-px brz-fs-lg-16 brz-ft-google brz-ff-titillium_web brz-bcp-color5 brz-css-qFUj6\" data-uniq-id=\"ulKhT\" data-generated-css=\"brz-css-oaVa9\"><span class=\"brz-cp-color5\">Kaire Talviste-Baiocco<\/span><strong class=\"brz-cp-color5\">: <\/strong><span class=\"brz-cp-color5\">gestaltps\u00fchhoterapeut, traumaterapeut, seksuaaln\u00f5ustaja, M.A (EGP\u00dc, EAGT, EAP).<\/span><\/li>\n<\/ul>\n<p class=\"brz-text-xs-center brz-tp-lg-paragraph brz-css-bEPOf\" data-uniq-id=\"ftSmF\" data-generated-css=\"brz-css-pPtY9\"><\/p>\n<\/div>\n<\/div>\n<\/div>\n<div id=\"\" class=\"brz-css-jr63z brz-css-bwgd9a brz-css-h6y4dd brz-wrapper\">\n<div class=\"brz-spacer brz-css-g1q49a brz-css-y3dhnz\"><\/div>\n<\/div>\n<div id=\"\" class=\"brz-css-jr63z brz-css-bwgd9a brz-css-8dp432 brz-wrapper\">\n<div class=\"brz-spacer brz-css-g1q49a brz-css-ia3o4e\"><\/div>\n<\/div>\n<\/div>\n<\/div>\n<\/div>\n<\/div>\n<\/div>\n<\/div>\n<\/div>\n<\/div>\n<\/div>\n<\/div>\n<\/section>\n<\/div>\n<p>    <!-- version:1747769229 --><\/p>","protected":false},"excerpt":{"rendered":"<p>Course Information: 14.-16.03.2025 Studio Quantum Elijas iela 8, R\u012bga, LV-1050 In collaboration with LGTA (Latvijas Ge\u0161talta Terapijas Asoci\u0101cija). Language: English Leaders: Oliver Baiocco, Kaire Talviste-Baiocco Register: oliver.baiocco@egtc.ee The project 2023-1-EE01-KA220-YOU-000159097i s co-financed by ERASMUS+ and it`s official name is: Youth workers and the threat of vicarious trauma in the professional field. SELF-CARE FOR PROFESSIONALS Self-care [&hellip;]<\/p>\n","protected":false},"author":1,"featured_media":0,"parent":0,"menu_order":0,"comment_status":"closed","ping_status":"closed","template":"brizy-blank-template.php","meta":{"footnotes":""},"class_list":["post-36409","page","type-page","status-publish","hentry"],"brizy_media":[{"id":19207,"url":"https:\/\/egtc.ee\/wp-content\/uploads\/2023\/12\/405283213_679892987583039_2688172068698456557_n.png","name":"405283213_679892987583039_2688172068698456557_n.png","meta":{"brizy_attachment_uid":"wp-c7fa529bab50e4223ad5d6f46b7c0e88.png","brizy_post_uid":["6efcce11d1b622b0f1e23d4450487299","5a004cce1706da123300559dc64e541c","465bb0abce16ac92a7a6b29c1b59d25a","888329e164d1223675bdefecef39bc6a","8e5dbbb9ffedd7f2b96de61ec37f35c4","6e9e27fecdf9bd7a2282a98cfddd43a2","2fa2d230280de14f9f0dc0783c3fb00b","c0d38d91d130d3f5c1a9c1b95b9acfab"]}},{"id":36336,"url":"https:\/\/egtc.ee\/wp-content\/uploads\/2025\/01\/EN_Co-fundedbytheEU_RGB_Monochrome-1.png","name":"EN_Co-fundedbytheEU_RGB_Monochrome-1.png","meta":{"brizy_attachment_uid":"wp-a1ed0e84a3fab632d05768ffb9420716.png","brizy_post_uid":["886229c97ea8756ee8bd1d327bc3551b","2fa2d230280de14f9f0dc0783c3fb00b","c0d38d91d130d3f5c1a9c1b95b9acfab"]}}],"_links":{"self":[{"href":"https:\/\/egtc.ee\/et\/wp-json\/wp\/v2\/pages\/36409","targetHints":{"allow":["GET"]}}],"collection":[{"href":"https:\/\/egtc.ee\/et\/wp-json\/wp\/v2\/pages"}],"about":[{"href":"https:\/\/egtc.ee\/et\/wp-json\/wp\/v2\/types\/page"}],"author":[{"embeddable":true,"href":"https:\/\/egtc.ee\/et\/wp-json\/wp\/v2\/users\/1"}],"replies":[{"embeddable":true,"href":"https:\/\/egtc.ee\/et\/wp-json\/wp\/v2\/comments?post=36409"}],"version-history":[{"count":5,"href":"https:\/\/egtc.ee\/et\/wp-json\/wp\/v2\/pages\/36409\/revisions"}],"predecessor-version":[{"id":36705,"href":"https:\/\/egtc.ee\/et\/wp-json\/wp\/v2\/pages\/36409\/revisions\/36705"}],"wp:attachment":[{"href":"https:\/\/egtc.ee\/et\/wp-json\/wp\/v2\/media?parent=36409"}],"curies":[{"name":"wp","href":"https:\/\/api.w.org\/{rel}","templated":true}]}}