{"id":34169,"date":"2024-12-23T10:35:52","date_gmt":"2024-12-23T10:35:52","guid":{"rendered":"http:\/\/egtc.ee\/?page_id=34169"},"modified":"2026-01-22T18:59:59","modified_gmt":"2026-01-22T18:59:59","slug":"field-theories-in-gestalt-therapy-and-contemporary-clinical-issues","status":"publish","type":"page","link":"https:\/\/egtc.ee\/et\/field-theories-in-gestalt-therapy-and-contemporary-clinical-issues\/","title":{"rendered":"Gestaltteraapia v\u00e4ljateooriad ja kaasaegsed kliinilised k\u00fcsimused"},"content":{"rendered":"<div class=\"brz brz-root__container brz-reset-all brz-root__container-page\">\n<section id=\"f941d236016160f4229c_tLNlZzAuFXHN\" class=\"brz-section brz-css-d0h50n brz-css-1ngxbba\">\n<div class=\"brz-section__content brz-section--boxed brz-css-14ycepo brz-css-1hm2zm8\" data-brz-custom-id=\"spvqGwSMWxz5\">\n<div class=\"brz-bg\">\n<div class=\"brz-bg-image\"><\/div>\n<div class=\"brz-bg-color\"><\/div>\n<div class=\"brz-bg-shape brz-bg-shape__top\"><\/div>\n<div class=\"brz-bg-shape brz-bg-shape__bottom\"><\/div>\n<\/div>\n<div class=\"brz-container brz-css-1xzliwy brz-css-e26s06\">\n<div class=\"brz-row__container brz-css-1czmrqi brz-css-7b9f04\" data-brz-custom-id=\"zZtNjYA_dY7a\">\n<div class=\"brz-row brz-css-11gyyzi brz-css-1p2oyfg brz-css-r00yb4\">\n<div class=\"brz-columns brz-css-1xcj0y1 brz-css-1xjhpnm\" data-brz-custom-id=\"tS5lnLCFRqRr\">\n<div class=\"brz-column__items brz-css-155w4r5 brz-css-feghze\">\n<div id=\"\" class=\"brz-css-sfbaqt brz-css-1xlvjv brz-wrapper\">\n<div class=\"brz-rich-text brz-rich-text__custom brz-css-l0q22n brz-css-vzhu9b\" data-brz-custom-id=\"bL0ITx5Jkg3A\">\n<div data-brz-translate-text=\"1\">\n<h2 class=\"brz-tp-lg-heading2 brz-css-ddUiX\" data-generated-css=\"brz-css-cZ6BV\" data-uniq-id=\"hDtVs\"><span style=\"opacity: 0.61\">Kahep\u00e4evane online-kursus<\/span><\/h2>\n<\/div>\n<\/div>\n<\/div>\n<div id=\"\" class=\"brz-css-sfbaqt brz-css-1ob2dcd brz-css-t7gi8w brz-wrapper\">\n<div class=\"brz-spacer brz-css-edhq4l brz-css-pkw9s2\"><\/div>\n<\/div>\n<\/div>\n<\/div>\n<div class=\"brz-columns brz-css-1xcj0y1 brz-css-xx2ewy\" data-brz-custom-id=\"xDQPxxlHLjLM\">\n<div class=\"brz-column__items brz-css-155w4r5 brz-css-15fhk01\">\n<div id=\"\" class=\"brz-css-sfbaqt brz-css-1ob2dcd brz-css-pv7xwm brz-wrapper\">\n<div class=\"brz-spacer brz-css-edhq4l brz-css-1my75oa\"><\/div>\n<\/div>\n<\/div>\n<\/div>\n<\/div>\n<\/div>\n<\/div>\n<\/div>\n<\/section>\n<section id=\"25a9be2c4e966cc4b580_kH5keWbYMO2q\" class=\"brz-section brz-css-1st3u3d brz-css-1iqsa8x\">\n<div class=\"brz-section__content brz-section--boxed brz-css-hkkmxf brz-css-n2c9f8\" data-brz-custom-id=\"ybmC7TcubQT1\">\n<div class=\"brz-container brz-css-xyknfl brz-css-tirqo0\">\n<div class=\"brz-row__container brz-css-1upmj3 brz-css-1rwfkva\" data-brz-custom-id=\"wwj1R_uewb8L\">\n<div class=\"brz-row brz-css-uo0khk brz-css-het1g3 brz-css-3lb48h\">\n<div class=\"brz-columns brz-css-qmqdh5 brz-css-nrl8zo\" data-brz-custom-id=\"cNUIUBAr37TK\">\n<div class=\"brz-bg\">\n<div class=\"brz-bg-color\"><\/div>\n<\/div>\n<div class=\"brz-column__items brz-css-esgl6w brz-css-zzyq9l\">\n<div id=\"\" class=\"brz-css-13xwwli brz-css-1c22qzf brz-wrapper\">\n<div class=\"brz-image brz-css-qnfmlu brz-css-1fnaxbk\" data-brz-custom-id=\"zFPYLWzCgyUL\"><img decoding=\"async\" class=\"brz-img\" src=\"http:\/\/egtc.ee\/wp-content\/uploads\/brizy\/imgs\/IFFP-francesetti-4-300x449x0x72x300x225x1734950850.jpg\" alt=\"\" title=\"IFFP-francesetti-4\" loading=\"lazy\"><\/div>\n<\/div>\n<div id=\"\" class=\"brz-css-13xwwli brz-css-t4dt8q brz-wrapper\">\n<div class=\"brz-rich-text brz-rich-text__custom brz-css-yduvp1 brz-css-1m608tq\" data-brz-custom-id=\"mIrgnpyXN8n2\">\n<div data-brz-translate-text=\"1\">\n<h5 data-uniq-id=\"f4rtC\" data-generated-css=\"brz-css-bvZS8\" class=\"brz-text-xs-center brz-tp-lg-heading5 brz-css-dTS8q\"><span class=\"brz-cp-color7\">Info<\/span><\/h5>\n<\/div>\n<\/div>\n<\/div>\n<div id=\"\" class=\"brz-css-13xwwli brz-css-15c5otn brz-wrapper\">\n<div class=\"brz-icon-text brz-css-lv40uu brz-css-1jfc49r\" data-brz-custom-id=\"jZU5kcigSZec\">\n<div class=\"brz-icon__container\" data-brz-custom-id=\"q6HpVnqxS_CW\"><span class=\"brz-icon brz-span brz-css-1pa9cjp brz-css-wu1i03\"><\/span><\/div>\n<div class=\"brz-text-btn\">\n<div class=\"brz-rich-text brz-rich-text__custom brz-css-yduvp1 brz-css-o15ma5\" data-brz-custom-id=\"hnKjcond_0kv\">\n<div data-brz-translate-text=\"1\">\n<p class=\"brz-tp-lg-subtitle brz-css-inoEP\" data-uniq-id=\"pCB1w\" data-generated-css=\"brz-css-wu1d0\"><strong style=\"opacity: 1\" class=\"brz-cp-color5\">26.-27.09.2025, 10-18 Zoomis<\/strong><\/p>\n<\/div>\n<\/div>\n<\/div>\n<\/div>\n<\/div>\n<div id=\"\" class=\"brz-css-13xwwli brz-css-38h1pd brz-wrapper\">\n<div class=\"brz-icon-text brz-css-lv40uu brz-css-wl7bzw\" data-brz-custom-id=\"yQPotQc9mOxo\">\n<div class=\"brz-icon__container\" data-brz-custom-id=\"qNfsNNmmfYWo\"><span class=\"brz-icon brz-span brz-css-1pa9cjp brz-css-1lz7rh0\"><\/span><\/div>\n<div class=\"brz-text-btn\">\n<div class=\"brz-rich-text brz-rich-text__custom brz-css-yduvp1 brz-css-9hysvn\" data-brz-custom-id=\"iMGQqpRGaVkJ\">\n<div data-brz-translate-text=\"1\">\n<p class=\"brz-tp-lg-subtitle brz-css-cbNYw\" data-generated-css=\"brz-css-e1kVa\" data-uniq-id=\"d9tS2\"><strong style=\"opacity: 1\" class=\"brz-cp-color5\">Koolituse viib l\u00e4bi: Gianni Francesetti<\/strong><\/p>\n<p class=\"brz-tp-lg-subtitle brz-css-in_xM\" data-generated-css=\"brz-css-uMCXV\" data-uniq-id=\"ou53R\"><strong style=\"opacity: 1\" class=\"brz-cp-color5\"> <\/strong><\/p>\n<p class=\"brz-tp-lg-subtitle brz-bcp-color5 brz-css-znKGp\" data-generated-css=\"brz-css-pacBx\" data-uniq-id=\"wbXRH\"><strong style=\"opacity: 1\" class=\"brz-cp-color5\">Korraldaja: <\/strong><\/p>\n<p class=\"brz-tp-lg-subtitle brz-css-k9VpL\" data-generated-css=\"brz-css-y6RiD\" data-uniq-id=\"uIhOg\"><strong style=\"opacity: 1\" class=\"brz-cp-color5\">EGTC: Oliver Baiocco <\/strong><\/p>\n<\/div>\n<\/div>\n<\/div>\n<\/div>\n<\/div>\n<div id=\"\" class=\"brz-css-13xwwli brz-css-a1fa24 brz-wrapper\">\n<div class=\"brz-icon-text brz-css-lv40uu brz-css-1i6lmgj\" data-brz-custom-id=\"sqyz22HJmUgt\">\n<div class=\"brz-icon__container\" data-brz-custom-id=\"fkFiV5HWtrHQ\"><span class=\"brz-icon brz-span brz-css-1pa9cjp brz-css-181lxam\"><\/span><\/div>\n<div class=\"brz-text-btn\">\n<div class=\"brz-rich-text brz-rich-text__custom brz-css-yduvp1 brz-css-k4c24d\" data-brz-custom-id=\"b0NVUujCrtyn\">\n<div data-brz-translate-text=\"1\">\n<p class=\"brz-tp-lg-subtitle brz-css-u6cgC\" data-generated-css=\"brz-css-kGt3K\" data-uniq-id=\"lHgsb\">oliver.baiocco<span class=\"brz-pre-population-visible\">@egtc.ee<\/span><\/p>\n<\/div>\n<\/div>\n<\/div>\n<\/div>\n<\/div>\n<div id=\"\" class=\"brz-css-13xwwli brz-css-2nvg8p brz-wrapper\">\n<div class=\"brz-icon-text brz-css-lv40uu brz-css-8svo0g\" data-brz-custom-id=\"nRsuoROUq947\">\n<div class=\"brz-icon__container\" data-brz-custom-id=\"rS__NoYKITil\"><span class=\"brz-icon brz-span brz-css-1pa9cjp brz-css-r0jv0m\"><\/span><\/div>\n<div class=\"brz-text-btn\">\n<div class=\"brz-rich-text brz-rich-text__custom brz-css-yduvp1 brz-css-kz5bep\" data-brz-custom-id=\"t7Ny6kcrRG_p\">\n<div data-brz-translate-text=\"1\">\n<p data-uniq-id=\"nd1zB\" data-generated-css=\"brz-css-oE044\" class=\"brz-tp-lg-subtitle brz-css-ax7L4\"><strong style=\"opacity: 1\" class=\"brz-cp-color5\">Inglise keeles <\/strong><\/p>\n<\/div>\n<\/div>\n<\/div>\n<\/div>\n<\/div>\n<div id=\"\" class=\"brz-css-13xwwli brz-css-1jw2vmn brz-wrapper\">\n<div class=\"brz-icon-text brz-css-lv40uu brz-css-6s5vik\" data-brz-custom-id=\"x9SpzKU4t95F\">\n<div class=\"brz-icon__container\" data-brz-custom-id=\"fk6nfpz7ht3w\"><span class=\"brz-icon brz-span brz-css-1pa9cjp brz-css-1gateoq\"><\/span><\/div>\n<div class=\"brz-text-btn\">\n<div class=\"brz-rich-text brz-rich-text__custom brz-css-yduvp1 brz-css-ffqbu7\" data-brz-custom-id=\"kmsc_CZZMBWC\">\n<div data-brz-translate-text=\"1\">\n<p class=\"brz-tp-lg-subtitle brz-css-tnD64\" data-generated-css=\"brz-css-xlrCB\" data-uniq-id=\"n0qde\"><strong class=\"brz-cp-color5\">Maksumus 255 \u20ac. <\/strong><\/p>\n<\/div>\n<\/div>\n<\/div>\n<\/div>\n<\/div>\n<div id=\"\" class=\"brz-css-13xwwli brz-css-1w7xpw brz-wrapper\">\n<div class=\"brz-icon-text brz-css-lv40uu brz-css-1e7zycl\" data-brz-custom-id=\"w0PBFOYLvnWQ\">\n<div class=\"brz-icon__container\" data-brz-custom-id=\"lhnTWbn89Rka\"><span class=\"brz-icon brz-span brz-css-1pa9cjp brz-css-1jmjlrn\"><\/span><\/div>\n<div class=\"brz-text-btn\">\n<div class=\"brz-rich-text brz-rich-text__custom brz-css-yduvp1 brz-css-18on0hm\" data-brz-custom-id=\"bEDTo5VBDE92\">\n<div data-brz-translate-text=\"1\">\n<p class=\"brz-tp-lg-subtitle brz-css-wcWyW\" data-generated-css=\"brz-css-tZFOi\" data-uniq-id=\"szzW0\"><strong style=\"opacity: 1\" class=\"brz-cp-color5\">Sihtgrupp: <\/strong><span class=\"brz-cp-color5\">spetsialistid (ps\u00fchhoterapeudid, ps\u00fchhiaatrid, n\u00f5ustajad, treenerid, ps\u00fchholoogid jne), kes soovivad s\u00fcvendada oma teadmisi integratiivse ja humanistliku l\u00e4henemise kohta ps\u00fchhopatoloogiale. <\/span><\/p>\n<p class=\"brz-tp-lg-subtitle brz-css-pxUS2\" data-generated-css=\"brz-css-hBUYm\" data-uniq-id=\"qgVL9\"><span class=\"brz-cp-color5\"> <\/span><\/p>\n<p class=\"brz-tp-lg-subtitle brz-css-oHpOa\" data-generated-css=\"brz-css-dlszx\" data-uniq-id=\"hluSo\"><span class=\"brz-cp-color5\">K\u00f5ikide<\/span><u class=\"brz-cp-color5\"> modaalsuste esindajad on teretulnud, <\/u><span class=\"brz-cp-color5\">et luua avatud ruum kogemuste jagamiseks. <\/span><\/p>\n<p class=\"brz-tp-lg-subtitle brz-css-ckWQY\" data-generated-css=\"brz-css-nZBIK\" data-uniq-id=\"fhIYK\"><\/p>\n<\/div>\n<\/div>\n<\/div>\n<\/div>\n<\/div>\n<\/div>\n<\/div>\n<div class=\"brz-columns brz-css-qmqdh5 brz-css-l62ym8\" data-brz-custom-id=\"egXR1GRPubk_\">\n<div class=\"brz-bg\"><\/div>\n<div class=\"brz-column__items brz-css-esgl6w brz-css-t15uja\">\n<div class=\"brz-row__container brz-css-1upmj3 brz-css-1gibu5a\" data-brz-custom-id=\"eBD6UijfGc6i\">\n<div class=\"brz-row brz-row--inner brz-css-uo0khk brz-css-het1g3 brz-css-1slb0ik\">\n<div class=\"brz-columns brz-css-qmqdh5 brz-css-djq7h2\" data-brz-custom-id=\"xZP9rqpjQ7jz\">\n<div class=\"brz-column__items brz-css-esgl6w brz-css-c328pp\">\n<div id=\"\" class=\"brz-css-13xwwli brz-css-1l5699z brz-wrapper\">\n<div class=\"brz-rich-text brz-rich-text__custom brz-css-yduvp1 brz-css-5d2a67\" data-brz-custom-id=\"dBbpkUgQyAWa\">\n<div data-brz-translate-text=\"1\">\n<p class=\"brz-tp-lg-abovetitle brz-css-cWEaW\" data-generated-css=\"brz-css-jtFtJ\" data-uniq-id=\"nq8fm\"><span class=\"brz-cp-color7\">KURSUS SPETSIALISTIDELE<\/span><\/p>\n<\/div>\n<\/div>\n<\/div>\n<div id=\"\" class=\"brz-css-13xwwli brz-css-1tgp38r brz-wrapper\">\n<div class=\"brz-rich-text brz-rich-text__custom brz-css-yduvp1 brz-css-127k3iz\" data-brz-custom-id=\"otiitE4ghB8j\">\n<div data-brz-translate-text=\"1\">\n<h2 class=\"brz-text-xs-center brz-tp-lg-heading2 brz-css-tWt7k\" data-generated-css=\"brz-css-nGZeJ\" data-uniq-id=\"hPbYc\"><span style=\"opacity: 1\" class=\"brz-cp-color5\">Gestaltteraapia v\u00e4ljateooriad ja kaasaegsed kliinilised k\u00fcsimused<\/span><\/h2>\n<\/div>\n<\/div>\n<\/div>\n<div id=\"\" class=\"brz-css-13xwwli brz-css-s71uhv brz-wrapper\">\n<div class=\"brz-rich-text brz-rich-text__custom brz-css-yduvp1 brz-css-gblsdk\" data-brz-custom-id=\"jSzu41rjzbCU\">\n<div data-brz-translate-text=\"1\">\n<p class=\"brz-text-xs-center brz-vfw-lg-400 brz-fwdth-lg-100 brz-fsft-lg-0 brz-tp-lg-empty brz-ff-titillium_web brz-ft-google brz-fs-lg-16 brz-fss-lg-px brz-fw-lg-600 brz-ls-lg-0 brz-lh-lg-1_4 brz-css-hasNL\" data-generated-css=\"brz-css-y5uAC\" data-uniq-id=\"sJahz\"><span class=\"brz-cp-color5\">Selles t\u00f6\u00f6toas keskendume v\u00e4ljateooriale kui viisile, kuidas kontseptualiseerida fenomenaalset v\u00e4lja, s.t. tekkivat v\u00e4ljad\u00fcnaamikat teraapiaprotsessis. V\u00e4ljateooria m\u00f5jud ps\u00fchhopatoloogias ja teraapias on s\u00fcgavad. Tahame uurida, kuidas me saame seda teooriat praktikas rakendada, kuidas terapeudid saavad moduleerida oma kohalolekut seansside ajal, et toetada muutuste protsessi.<\/span><\/p>\n<p class=\"brz-text-xs-center brz-tp-lg-empty brz-ff-titillium_web brz-ft-google brz-fs-lg-16 brz-fss-lg-px brz-fw-lg-600 brz-ls-lg-0 brz-lh-lg-1_6 brz-vfw-lg-400 brz-fwdth-lg-100 brz-fsft-lg-0 brz-css-kJ7Gb\" data-generated-css=\"brz-css-x0wLJ\" data-uniq-id=\"gBxcG\"><span class=\"brz-cp-color5\"> <\/span><\/p>\n<p class=\"brz-text-xs-center brz-tp-lg-empty brz-ff-titillium_web brz-ft-google brz-fs-lg-16 brz-fss-lg-px brz-fw-lg-600 brz-ls-lg-0 brz-lh-lg-1_6 brz-vfw-lg-400 brz-fwdth-lg-100 brz-fsft-lg-0 brz-css-enYJd\" data-generated-css=\"brz-css-nFOeF\" data-uniq-id=\"i23dU\"><span class=\"brz-cp-color5\">Gianni Francesetti esitatud teooria on viis, kuidas k\u00e4sitleda gestaltteraapia vaatenurgast l\u00e4htudes suhetevahelisi n\u00e4htusi, mida ps\u00fchhoanal\u00fc\u00fcs on nimetanud \u201e\u00fclekandeks ja vastu\u00fclekandeks\u201c (transference and counter-transference). Gestaltlik arusaam tugineb aga teistsugusele epistemoloogiale, mis on radikaalselt suhete ja v\u00e4ljateooriap\u00f5hine,  k\u00e4sitledes mind ja teist kui lakkamatuid protsesse.<\/span><\/p>\n<p class=\"brz-text-xs-center brz-tp-lg-empty brz-ff-titillium_web brz-ft-google brz-fs-lg-16 brz-fss-lg-px brz-fw-lg-600 brz-ls-lg-0 brz-lh-lg-1_6 brz-vfw-lg-400 brz-fwdth-lg-100 brz-fsft-lg-0 brz-css-akPGf\" data-generated-css=\"brz-css-weGaI\" data-uniq-id=\"u2YZz\"><span class=\"brz-cp-color5\"> <\/span><\/p>\n<p class=\"brz-text-xs-center brz-tp-lg-empty brz-ff-titillium_web brz-ft-google brz-fs-lg-16 brz-fss-lg-px brz-fw-lg-600 brz-ls-lg-0 brz-lh-lg-1_6 brz-vfw-lg-400 brz-fwdth-lg-100 brz-fsft-lg-0 brz-css-eb4iC\" data-generated-css=\"brz-css-jhLBi\" data-uniq-id=\"ws4Zd\"><span class=\"brz-cp-color5\">From this basis, we can discover that what is emerging in the therapeutic relationship are, somehow, characters seeking for an author, pushing in order to exist, in order to become present. These characters \u2013 or unprocessed affects &#8211; are of course relevant for the personal history of the client and of the therapist. But they are also the result of the contemporary society and culture. <\/span><\/p>\n<p class=\"brz-text-xs-center brz-tp-lg-empty brz-ff-titillium_web brz-ft-google brz-fs-lg-16 brz-fss-lg-px brz-fw-lg-600 brz-ls-lg-0 brz-lh-lg-1_6 brz-vfw-lg-400 brz-fwdth-lg-100 brz-fsft-lg-0 brz-css-sL0m2\" data-generated-css=\"brz-css-sNuwg\" data-uniq-id=\"vrJCJ\"><span class=\"brz-cp-color5\"> <\/span><\/p>\n<p class=\"brz-text-xs-center brz-tp-lg-empty brz-ff-titillium_web brz-ft-google brz-fs-lg-16 brz-fss-lg-px brz-fw-lg-600 brz-ls-lg-0 brz-lh-lg-1_6 brz-vfw-lg-400 brz-fwdth-lg-100 brz-fsft-lg-0 brz-css-mkXeX\" data-generated-css=\"brz-css-osvyj\" data-uniq-id=\"ytsy5\"><span class=\"brz-cp-color5\">Selles m\u00f5ttes on ps\u00fchhopatoloogia alati muutuv, peegeldades \u201eprohvetlikult\u201c \u00fchiskonna arengut. Sellest tulenevalt peab teraapia muutuma vastavalt sotsiaalse ja kultuurilise konteksti muutustele.<\/span><\/p>\n<p class=\"brz-text-xs-center brz-tp-lg-empty brz-ff-titillium_web brz-ft-google brz-fs-lg-16 brz-fss-lg-px brz-fw-lg-600 brz-ls-lg-0 brz-lh-lg-1_6 brz-vfw-lg-400 brz-fwdth-lg-100 brz-fsft-lg-0 brz-css-xJy4E\" data-generated-css=\"brz-css-c2pcE\" data-uniq-id=\"mu2yg\"><span class=\"brz-cp-color5\"> <\/span><\/p>\n<h4 class=\"brz-text-xs-center brz-ff-titillium_web brz-ft-google brz-fs-lg-16 brz-fss-lg-px brz-fw-lg-600 brz-ls-lg-0 brz-lh-lg-1_6 brz-vfw-lg-400 brz-fwdth-lg-100 brz-fsft-lg-0 brz-tp-lg-heading4 brz-css-eU1Yb\" data-generated-css=\"brz-css-hxf2p\" data-uniq-id=\"kButX\"><strong class=\"brz-cp-color5\">Gianni Francesetti <\/strong><\/h4>\n<p class=\"brz-text-xs-center brz-tp-lg-empty brz-ff-titillium_web brz-ft-google brz-fs-lg-16 brz-fss-lg-px brz-fw-lg-600 brz-ls-lg-0 brz-lh-lg-1_6 brz-vfw-lg-400 brz-fwdth-lg-100 brz-fsft-lg-0 brz-css-lpC_p\" data-generated-css=\"brz-css-kvSDo\" data-uniq-id=\"wKu0g\"><span class=\"brz-cp-color5\">Ps\u00fchhiaater, gestaltterapeut, Torino \u00dclikooli (Itaalia) ps\u00fchholoogia osakonna fenomenoloogilise ja eksistentsiaalse l\u00e4henemise ajutine professor, rahvusvaheline koolitaja ja superviisor, ta on avaldanud palju ps\u00fchhoteraapia ja ps\u00fchhopatoloogia alaseid publikatsioone. <\/span><\/p>\n<p class=\"brz-text-xs-center brz-tp-lg-empty brz-ff-titillium_web brz-ft-google brz-fs-lg-16 brz-fss-lg-px brz-fw-lg-600 brz-ls-lg-0 brz-lh-lg-1_6 brz-vfw-lg-400 brz-fwdth-lg-100 brz-fsft-lg-0 brz-css-oMFAe\" data-generated-css=\"brz-css-mLhgx\" data-uniq-id=\"s8ajq\"><span class=\"brz-cp-color5\">He is Co-Director of IPsiG &#8211; International Institute for Gestalt Therapy and Psychopathology and of Turin School pf Psychopathology. President of Poiesis &#8211; Gestalt Therapy Clinical Centre of Torino and Past President of the EAGT (European Association for Gestalt Therapy), of the SIPG (Italian Society for Gestalt therapy), of the FIAP (Italian Federation of Psychotherapy Associations), member of the New York Institute for Gestalt Therapy. <\/span><\/p>\n<\/div>\n<\/div>\n<\/div>\n<div id=\"\" class=\"brz-css-13xwwli brz-css-1wxxgx5 brz-css-w7pzw4 brz-wrapper\">\n<div class=\"brz-spacer brz-css-1dz82jd brz-css-aqrace\"><\/div>\n<\/div>\n<div id=\"\" class=\"brz-css-13xwwli brz-css-1wxxgx5 brz-css-1a5sxwi brz-wrapper\">\n<div class=\"brz-spacer brz-css-1dz82jd brz-css-ly2u4r\"><\/div>\n<\/div>\n<\/div>\n<\/div>\n<\/div>\n<\/div>\n<\/div>\n<\/div>\n<\/div>\n<\/div>\n<\/div>\n<\/div>\n<\/section>\n<section id=\"49edd1002a19e9fe7a53_foBR9nsCqbsj\" class=\"brz-section brz-css-nsmr7w brz-css-w25oc7\">\n<div class=\"brz-section__content brz-section--boxed brz-css-1mdq25c brz-css-zcy7i3\" data-brz-custom-id=\"sCalHeUErGBx\">\n<div class=\"brz-bg\">\n<div class=\"brz-bg-image\"><\/div>\n<div class=\"brz-bg-color\"><\/div>\n<\/div>\n<div class=\"brz-container brz-css-1s6h9a3 brz-css-98naud\">\n<div class=\"brz-row__container brz-css-oahua0 brz-css-tn2pd6\" data-brz-custom-id=\"xQZPHOaqjRQF\">\n<div class=\"brz-row brz-css-ud4pne brz-css-854lqz brz-css-13zjls4\">\n<div class=\"brz-columns brz-css-wjq0s4 brz-css-1y1vzjy\" data-brz-custom-id=\"qImcgNxzvPwq\">\n<div class=\"brz-column__items brz-css-6dfsjb brz-css-1u6r7vs\">\n<div id=\"\" class=\"brz-css-4tk3ea brz-css-1lo6tyw brz-wrapper\">\n<div class=\"brz-rich-text brz-rich-text__custom brz-css-7ebjrt brz-css-1x2do31\" data-brz-custom-id=\"uXFbDSNlfBTQ\">\n<div data-brz-translate-text=\"1\">\n<h2 class=\"brz-tp-lg-heading2 brz-text-xs-center brz-css-b_JWy\" data-uniq-id=\"vpxoE\" data-generated-css=\"brz-css-aMOx9\"><span class=\"brz-cp-color3\">Registreeru kursusele!<\/span><\/h2>\n<\/div>\n<\/div>\n<\/div>\n<div id=\"\" class=\"brz-css-4tk3ea brz-css-i66iji brz-css-1xsjt2w brz-wrapper\">\n<div class=\"brz-spacer brz-css-1fpb06k brz-css-gx00mo\"><\/div>\n<\/div>\n<div id=\"\" class=\"brz-css-4tk3ea brz-css-i66iji brz-css-1l0068v brz-wrapper\">\n<div class=\"brz-spacer brz-css-1fpb06k brz-css-aruj0o\"><\/div>\n<\/div>\n<div id=\"\" class=\"brz-css-4tk3ea brz-css-i66iji brz-css-l6lq2z brz-wrapper\">\n<div class=\"brz-spacer brz-css-1fpb06k brz-css-10ocv2u\"><\/div>\n<\/div>\n<div id=\"\" class=\"brz-css-4tk3ea brz-css-i66iji brz-css-1du1u3u brz-wrapper\">\n<div class=\"brz-spacer brz-css-1fpb06k brz-css-1vj3cnr\"><\/div>\n<\/div>\n<\/div>\n<\/div>\n<div class=\"brz-columns brz-css-wjq0s4 brz-css-1epbh8b\" data-brz-custom-id=\"jrdmgPFBEvB7\">\n<div class=\"brz-bg\">\n<div class=\"brz-bg-color\"><\/div>\n<\/div>\n<div class=\"brz-column__items brz-css-6dfsjb brz-css-15o70pk\">\n<div id=\"\" class=\"brz-css-4tk3ea brz-css-i66iji brz-css-ze0itw brz-wrapper\">\n<div class=\"brz-spacer brz-css-1fpb06k brz-css-x6vfiv\"><\/div>\n<\/div>\n<div id=\"\" class=\"brz-css-4tk3ea brz-css-fs2fwa brz-wrapper\">\n<div class=\"brz-rich-text brz-rich-text__custom brz-css-7ebjrt brz-css-1ljqqoi\" data-brz-custom-id=\"wmxBP5CdoD5z\">\n<div data-brz-translate-text=\"1\">\n<p class=\"brz-tp-lg-subtitle brz-css-mcy2z\" data-uniq-id=\"lzSl8\" data-generated-css=\"brz-css-mezsm\"><strong class=\"brz-cp-color3\">LIITU<\/strong><\/p>\n<\/div>\n<\/div>\n<\/div>\n<div id=\"\" class=\"brz-css-4tk3ea brz-css-fpvj3y brz-wrapper\">\n<div data-brz-form-version=\"2\" class=\"brz-forms2 brz-css-fm4b95 brz-css-xtbfwd\" data-brz-custom-id=\"xgAfMk29uI8N\">\n<div data-brz-translate-text=\"1\" class=\"brz-forms2__item brz-css-jmgcbt brz-css-pjr1xk brz-css-1qjkpet brz-css-18llnfl\"><\/div>\n<div data-brz-translate-text=\"1\" class=\"brz-forms2__item brz-css-jmgcbt brz-css-pjr1xk brz-css-1qjkpet brz-css-1oed2va\"><\/div>\n<div data-brz-translate-text=\"1\" class=\"brz-forms2__item brz-css-jmgcbt brz-css-pjr1xk brz-css-1qjkpet brz-css-14bnhpd\"><\/div>\n<div data-brz-translate-text=\"1\" class=\"brz-forms2__item brz-css-jmgcbt brz-css-pjr1xk brz-css-1qjkpet brz-css-e79m1b\"><\/div>\n<div data-brz-translate-text=\"1\" class=\"brz-forms2__item brz-css-jmgcbt brz-css-pjr1xk brz-css-1qjkpet brz-css-eo0bzq\"><textarea id=\"b0C9qNIodV4J_3322a33691403a4db321\" name=\"pJdIYxm8ZbUt\" data-brz-type=\"Paragraph\" data-brz-label=\"Your text...Data for invoice...\" data-brz-placeholder=\"Your text...Data for invoice...\" class=\"brz-textarea brz-forms2__field brz-forms2__field-paragraph\"><\/textarea><\/div>\n<div class=\"brz-forms2 brz-forms2__item brz-forms2__item-button\" data-brz-custom-id=\"xgAfMk29uI8N\"><button class=\"brz-btn brz-btn-submit brz-css-1em58k5 brz-css-1ft4v24\" data-brz-custom-id=\"aivEtcod5XJJ\"><span data-brz-translate-text=\"1\" class=\"brz-span brz-text__editor\">SAADA<\/span><\/button><\/div>\n<div class=\"brz-g-recaptcha\" data-sitekey=\"\" data-size=\"invisible\" data-callback=\"brzFormV2Captcha\"><\/div>\n<\/div>\n<\/div>\n<div id=\"\" class=\"brz-css-4tk3ea brz-css-i66iji brz-css-hgpvos brz-wrapper\">\n<div class=\"brz-spacer brz-css-1fpb06k brz-css-11zf2u3\"><\/div>\n<\/div>\n<\/div>\n<\/div>\n<\/div>\n<\/div>\n<\/div>\n<\/div>\n<\/section><\/div>\n<p><!-- version:1758863669 --><\/p>","protected":false},"excerpt":{"rendered":"<p>Two day online-course Information: 26.-27.09.2025, 10-18 in Zoom The training will be conducted by: Gianni Francesetti Organizer: EGTC: Oliver Baiocco oliver.baiocco@egtc.ee Language: English Price 255\u20ac Target group: professionals (psychotherapists, psychiatrists, counsellors, coaches, psychologists etc.) wishing to deepen their knowledge about integrative and humanistic approach to psychopathology. Representatives of all modalities are welcome to create an [&hellip;]<\/p>\n","protected":false},"author":1,"featured_media":0,"parent":0,"menu_order":0,"comment_status":"closed","ping_status":"closed","template":"brizy-blank-template.php","meta":{"footnotes":""},"class_list":["post-34169","page","type-page","status-publish","hentry"],"brizy_media":[{"id":34176,"url":"https:\/\/egtc.ee\/wp-content\/uploads\/2024\/12\/IFFP-francesetti-4.jpg","name":"IFFP-francesetti-4.jpg","meta":{"brizy_attachment_uid":"wp-6acc73f3ade0008c4aadecc99601d3cc.jpg","brizy_post_uid":["f35399c877b1a0663cbddc73c6583f3d","888329e164d1223675bdefecef39bc6a","465bb0abce16ac92a7a6b29c1b59d25a"]}}],"_links":{"self":[{"href":"https:\/\/egtc.ee\/et\/wp-json\/wp\/v2\/pages\/34169","targetHints":{"allow":["GET"]}}],"collection":[{"href":"https:\/\/egtc.ee\/et\/wp-json\/wp\/v2\/pages"}],"about":[{"href":"https:\/\/egtc.ee\/et\/wp-json\/wp\/v2\/types\/page"}],"author":[{"embeddable":true,"href":"https:\/\/egtc.ee\/et\/wp-json\/wp\/v2\/users\/1"}],"replies":[{"embeddable":true,"href":"https:\/\/egtc.ee\/et\/wp-json\/wp\/v2\/comments?post=34169"}],"version-history":[{"count":5,"href":"https:\/\/egtc.ee\/et\/wp-json\/wp\/v2\/pages\/34169\/revisions"}],"predecessor-version":[{"id":37011,"href":"https:\/\/egtc.ee\/et\/wp-json\/wp\/v2\/pages\/34169\/revisions\/37011"}],"wp:attachment":[{"href":"https:\/\/egtc.ee\/et\/wp-json\/wp\/v2\/media?parent=34169"}],"curies":[{"name":"wp","href":"https:\/\/api.w.org\/{rel}","templated":true}]}}