{"id":32042,"date":"2024-10-05T13:34:17","date_gmt":"2024-10-05T13:34:17","guid":{"rendered":"http:\/\/egtc.ee\/?page_id=32042"},"modified":"2026-01-23T11:13:07","modified_gmt":"2026-01-23T11:13:07","slug":"childhood-sexual-abuse-and-revictimization","status":"publish","type":"page","link":"https:\/\/egtc.ee\/et\/childhood-sexual-abuse-and-revictimization\/","title":{"rendered":"Childhood sexual abuse and revictimization"},"content":{"rendered":"<div class=\"brz-root__container brz-reset-all brz brz-root__container-page\">\n<section id=\"_u2hkzMyGLhsH\" class=\"brz-section brz-css-5062g6 brz-css-bnj703\">\n<div class=\"brz-section__content brz-section--boxed brz-css-1gbpas4 brz-css-17p0fzi\" data-brz-custom-id=\"yB0cKYuoqTWz\">\n<div class=\"brz-bg\">\n<div class=\"brz-bg-color\"><\/div>\n<div class=\"brz-bg-shape brz-bg-shape__top\"><\/div>\n<div class=\"brz-bg-shape brz-bg-shape__bottom\"><\/div>\n<\/div>\n<div class=\"brz-container brz-css-7gm486\">\n<div class=\"brz-row__container brz-css-1epy64z\" data-brz-custom-id=\"xfKZHIX_8RgS\">\n<div class=\"brz-bg\"><\/div>\n<div class=\"brz-row brz-css-hewmlg brz-css-bbg1cv\">\n<div class=\"brz-columns brz-css-itgy62 brz-css-1r883qc\" data-brz-custom-id=\"bml0vX2hcb7A\">\n<div class=\"brz-bg\"><\/div>\n<div class=\"brz-column__items brz-css-1e8p5nf\">\n<div id=\"\" class=\"brz-css-t2ml2n brz-wrapper\">\n<div class=\"brz-rich-text brz-rich-text__custom brz-css-1jscx62\" data-brz-custom-id=\"iGn_Q396R7uy\">\n<div data-brz-translate-text=\"1\">\n<h2 class=\"brz-tp-lg-heading2 brz-css-bJLlI\" data-generated-css=\"brz-css-t4Ar_\" data-uniq-id=\"tEcLl\"><span class=\"brz-cp-color4\">Annetamistalgud: <\/span><\/h2>\n<h2 class=\"brz-tp-lg-heading2 brz-css-xJbQ2\" data-generated-css=\"brz-css-t4Ar_\" data-uniq-id=\"tEcLl\"><span class=\"brz-cp-color4\">heade tegude p\u00e4ev <\/span> <\/h2>\n<\/div>\n<\/div>\n<\/div>\n<div id=\"\" class=\"brz-css-t2ml2n brz-css-rqt93v brz-wrapper\">\n<div class=\"brz-spacer brz-css-1kd1fp1 brz-css-1s6ak2z\"><\/div>\n<\/div>\n<\/div>\n<\/div>\n<div class=\"brz-columns brz-css-itgy62\" data-brz-custom-id=\"f9ckomlA2s8S\">\n<div class=\"brz-bg\"><\/div>\n<div class=\"brz-column__items brz-css-1e8p5nf\">\n<div id=\"\" class=\"brz-css-t2ml2n brz-css-rqt93v brz-wrapper\">\n<div class=\"brz-spacer brz-css-1kd1fp1\"><\/div>\n<\/div>\n<\/div>\n<\/div>\n<\/div>\n<\/div>\n<\/div>\n<\/div>\n<\/section>\n<section id=\"_mTkOLDKGxSQX\" class=\"brz-section brz-css-5062g6\">\n<div class=\"brz-section__content brz-section--boxed brz-css-1gbpas4 brz-css-uyonxt\" data-brz-custom-id=\"guVdSsP0cpul\">\n<div class=\"brz-container brz-css-7gm486 brz-css-1rj7o73\">\n<div class=\"brz-row__container brz-css-1epy64z\" data-brz-custom-id=\"vYp1w7efBl7H\">\n<div class=\"brz-bg\"><\/div>\n<div class=\"brz-row brz-css-hewmlg brz-css-bbg1cv\">\n<div class=\"brz-columns brz-css-itgy62 brz-css-1g4snup\" data-brz-custom-id=\"y9aOu33gogwO\">\n<div class=\"brz-bg\">\n<div class=\"brz-bg-color\"><\/div>\n<\/div>\n<div class=\"brz-column__items brz-css-1e8p5nf brz-css-j5h5he\">\n<div id=\"\" class=\"brz-css-t2ml2n brz-wrapper\">\n<div class=\"brz-image brz-css-qnmfwj\" data-brz-custom-id=\"rziwTAnArYKG\"><img decoding=\"async\" class=\"brz-img\" src=\"http:\/\/egtc.ee\/wp-content\/uploads\/brizy\/imgs\/child-6969637_1280-338x225x0x0x300x225x1728068968.jpg\" alt=\"\" loading=\"lazy\"><\/div>\n<\/div>\n<div id=\"\" class=\"brz-css-t2ml2n brz-wrapper\">\n<div class=\"brz-rich-text brz-rich-text__custom brz-css-1jscx62\" data-brz-custom-id=\"jEP1HU3MJcCy\">\n<div data-brz-translate-text=\"1\">\n<h5 data-uniq-id=\"f4rtC\" data-generated-css=\"brz-css-bvZS8\" class=\"brz-text-xs-center brz-tp-lg-heading5 brz-css-lRCzq\"><span class=\"brz-cp-color7\">Info<\/span><\/h5>\n<\/div>\n<\/div>\n<\/div>\n<div id=\"\" class=\"brz-css-t2ml2n brz-wrapper\">\n<div class=\"brz-icon-text brz-css-bef753\" data-brz-custom-id=\"rZ5q0bUeItIC\">\n<div class=\"brz-icon__container\" data-brz-custom-id=\"x1GAE3ihUQpR\"><span class=\"brz-icon brz-span brz-css-11wcdrh brz-css-16xwre2\"><\/span><\/div>\n<div class=\"brz-text-btn\">\n<div class=\"brz-rich-text brz-rich-text__custom brz-css-1jscx62\" data-brz-custom-id=\"yEW8OgMsOAsb\">\n<div data-brz-translate-text=\"1\">\n<p class=\"brz-tp-lg-subtitle brz-css-nNDuc\" data-generated-css=\"brz-css-tCW1I\" data-uniq-id=\"tjWqi\"><strong style=\"opacity: 1\" class=\"brz-cp-color5\">16.11.2024, Sat 11-13 <\/strong><\/p>\n<\/div>\n<\/div>\n<\/div>\n<\/div>\n<\/div>\n<div id=\"\" class=\"brz-css-t2ml2n brz-wrapper\">\n<div class=\"brz-icon-text brz-css-bef753\" data-brz-custom-id=\"eCZ8FdLQgiUe\">\n<div class=\"brz-icon__container\" data-brz-custom-id=\"eJME46F_yqxT\"><span class=\"brz-icon brz-span brz-css-11wcdrh brz-css-nuldf3\"><\/span><\/div>\n<div class=\"brz-text-btn\">\n<div class=\"brz-rich-text brz-rich-text__custom brz-css-1jscx62\" data-brz-custom-id=\"e95yfsV8rajc\">\n<div data-brz-translate-text=\"1\">\n<p class=\"brz-tp-lg-subtitle brz-css-ag9w3\" data-uniq-id=\"eS9nS\" data-generated-css=\"brz-css-aFi4a\"><span class=\"brz-cp-color5 brz-span\" style=\"opacity: 1\"><strong>Online<\/strong><\/span><\/p>\n<\/div>\n<\/div>\n<\/div>\n<\/div>\n<\/div>\n<div id=\"\" class=\"brz-css-t2ml2n brz-wrapper\">\n<div class=\"brz-icon-text brz-css-bef753\" data-brz-custom-id=\"s71MttSInJfV\">\n<div class=\"brz-icon__container\" data-brz-custom-id=\"olZgPakU0RA8\"><span class=\"brz-icon brz-span brz-css-11wcdrh brz-css-1tb7xmh\"><\/span><\/div>\n<div class=\"brz-text-btn\">\n<div class=\"brz-rich-text brz-rich-text__custom brz-css-1jscx62\" data-brz-custom-id=\"joSSlFDsdVEo\">\n<div data-brz-translate-text=\"1\">\n<p class=\"brz-tp-lg-subtitle brz-css-tf7p6\" data-generated-css=\"brz-css-dCS7Q\" data-uniq-id=\"neU5H\"><strong style=\"opacity: 1\" class=\"brz-cp-color5\">Keel: eesti <\/strong><\/p>\n<\/div>\n<\/div>\n<\/div>\n<\/div>\n<\/div>\n<div id=\"\" class=\"brz-css-t2ml2n brz-wrapper\">\n<div class=\"brz-icon-text brz-css-bef753\" data-brz-custom-id=\"tV4CCaEVsSLd\">\n<div class=\"brz-icon__container\" data-brz-custom-id=\"fa2dl0CylxWS\"><span class=\"brz-icon brz-span brz-css-11wcdrh brz-css-6nlcvf\"><\/span><\/div>\n<div class=\"brz-text-btn\">\n<div class=\"brz-rich-text brz-rich-text__custom brz-css-1jscx62\" data-brz-custom-id=\"l7tu6H4ufoqP\">\n<div data-brz-translate-text=\"1\">\n<p class=\"brz-tp-lg-subtitle brz-css-ipgp4\" data-uniq-id=\"gJ1HX\" data-generated-css=\"brz-css-kYZBQ\"><strong style=\"opacity: 1\" class=\"brz-cp-color5\">Juhib: Kaire Talviste-Baiocco <\/strong><\/p>\n<\/div>\n<\/div>\n<\/div>\n<\/div>\n<\/div>\n<div id=\"\" class=\"brz-css-t2ml2n brz-wrapper\">\n<div class=\"brz-icon-text brz-css-bef753\" data-brz-custom-id=\"qEWJAmgz4RTs\">\n<div class=\"brz-icon__container\" data-brz-custom-id=\"qaVp2ONZaMM4\"><span class=\"brz-icon brz-span brz-css-11wcdrh brz-css-itaybe\"><\/span><\/div>\n<div class=\"brz-text-btn\">\n<div class=\"brz-rich-text brz-rich-text__custom brz-css-1jscx62\" data-brz-custom-id=\"nLe2vZD9QQJb\">\n<div data-brz-translate-text=\"1\">\n<p class=\"brz-tp-lg-subtitle brz-css-usfId\" data-generated-css=\"brz-css-cDruT\" data-uniq-id=\"lWpEG\"><a class=\"brz-cp-color5 link--external\" href=\"https:\/\/us02web.zoom.us\/j\/89512798278?pwd=NshmfggkWFh8ZUa9RF1SS8oyQeOorm.1\" data-brz-link-type=\"external\"><strong>Link Zoom`i \u00fchenduseks<\/strong><\/a><\/p>\n<p class=\"brz-tp-lg-subtitle brz-css-bco0d\" data-generated-css=\"brz-css-elsdt\" data-uniq-id=\"zWAxg\"><\/p>\n<p class=\"brz-tp-lg-subtitle brz-css-cUYlQ\" data-generated-css=\"brz-css-mvKsc\" data-uniq-id=\"jQ1zy\"><strong class=\"brz-cp-color5\">Meeting ID: 895 1279 8278<\/strong><\/p>\n<p class=\"brz-tp-lg-subtitle brz-css-wtp7b\" data-generated-css=\"brz-css-fuDAK\" data-uniq-id=\"tXfi7\"><strong class=\"brz-cp-color5\">Passcode: 041381<\/strong><\/p>\n<\/div>\n<\/div>\n<\/div>\n<\/div>\n<\/div>\n<\/div>\n<\/div>\n<div class=\"brz-columns brz-css-itgy62 brz-css-16157zd\" data-brz-custom-id=\"qMeIzfCQJVu2\">\n<div class=\"brz-bg\"><\/div>\n<div class=\"brz-column__items brz-css-1e8p5nf brz-css-k2z2mq\">\n<div class=\"brz-row__container brz-css-1epy64z\" data-brz-custom-id=\"j5MMC06V6ife\">\n<div class=\"brz-bg\"><\/div>\n<div class=\"brz-row brz-row--inner brz-css-hewmlg brz-css-bbg1cv\">\n<div class=\"brz-columns brz-css-itgy62 brz-css-1vd8zb1\" data-brz-custom-id=\"t4oOfetXHUNC\">\n<div class=\"brz-bg\"><\/div>\n<div class=\"brz-column__items brz-css-1e8p5nf brz-css-1b2k4dn\">\n<div id=\"\" class=\"brz-css-t2ml2n brz-wrapper\">\n<div class=\"brz-rich-text brz-rich-text__custom brz-css-1jscx62\" data-brz-custom-id=\"rR_T31S3UUvr\">\n<div data-brz-translate-text=\"1\">\n<p class=\"brz-tp-lg-abovetitle brz-css-m6CyZ\" data-generated-css=\"brz-css-qZLOB\" data-uniq-id=\"xIFym\"><span class=\"brz-cp-color7\">ARUTELU<\/span><\/p>\n<\/div>\n<\/div>\n<\/div>\n<div id=\"\" class=\"brz-css-t2ml2n brz-wrapper\">\n<div class=\"brz-rich-text brz-rich-text__custom brz-css-1jscx62\" data-brz-custom-id=\"b9gVWTZxw56o\">\n<div data-brz-translate-text=\"1\">\n<h2 class=\"brz-text-xs-center brz-tp-lg-heading2 brz-css-gm6Kt\" data-generated-css=\"brz-css-edKEJ\" data-uniq-id=\"b2qOs\"><span style=\"opacity: 1\" class=\"brz-cp-color5\">Lapsep\u00f5lve seksuaalne v\u00e4\u00e4rkohtlemine ja ohvri s\u00fc\u00fcdistamine<\/span><\/h2>\n<\/div>\n<\/div>\n<\/div>\n<div id=\"\" class=\"brz-css-t2ml2n brz-wrapper\">\n<div class=\"brz-rich-text brz-rich-text__custom brz-css-1jscx62\" data-brz-custom-id=\"pAcUoI7NKfgH\">\n<div data-brz-translate-text=\"1\">\n<h5 class=\"brz-text-xs-center brz-tp-lg-heading5 brz-text-lg-center brz-css-c0i4l\" data-uniq-id=\"qEOzc\" data-generated-css=\"brz-css-mMrF5\"><span class=\"brz-cp-color7\">18 November &#8211; World Day for the Prevention of and Healing from Child Sexual Exploitation, Abuse and Violence <\/span><\/h5>\n<\/div>\n<\/div>\n<\/div>\n<div id=\"\" class=\"brz-css-t2ml2n brz-wrapper\">\n<div class=\"brz-rich-text brz-rich-text__custom brz-css-1jscx62\" data-brz-custom-id=\"aJYaJ986oUqs\">\n<div data-brz-translate-text=\"1\">\n<p class=\"brz-tp-lg-paragraph brz-text-xs-center brz-css-egMEk\" data-generated-css=\"brz-css-sVjsz\" data-uniq-id=\"m92nm\"><span class=\"brz-cp-color5\">Approximately, three in four children experience physical and\/or emotional victimization. For sexual abuse, this rate is one in five in women and 1 in 13 in men (World Health Organization, 2020). <\/span><\/p>\n<p class=\"brz-tp-lg-paragraph brz-text-xs-center brz-css-ci3p6\" data-generated-css=\"brz-css-vyDIb\" data-uniq-id=\"xcp5Z\"><span class=\"brz-cp-color5\"> <\/span><\/p>\n<p class=\"brz-tp-lg-paragraph brz-text-xs-center brz-css-iJwxh\" data-generated-css=\"brz-css-cf2zP\" data-uniq-id=\"cwe_W\"><span class=\"brz-cp-color5\">Hiljutine metaanal\u00fc\u00fcs n\u00e4itas, et umbes pooltel, keda on lapsena seksuaalset kuritarvitatud, on oht uuesti ohvriks langeda. Lisaks dissotsiatsiooni, posttraumaatilise stressih\u00e4ire (PTSH) s\u00fcmptomitele ja emotsioonide d\u00fcsregulatsioonile, mis toovad kaasa suurema haavatavuse, kogevad paljud neist ka ohvri s\u00fc\u00fcdistamist.<\/span><\/p>\n<p class=\"brz-tp-lg-paragraph brz-text-xs-center brz-css-xYqCi\" data-generated-css=\"brz-css-vbcTb\" data-uniq-id=\"rX1bR\"><span class=\"brz-cp-color5\"> <\/span><\/p>\n<p class=\"brz-tp-lg-paragraph brz-text-xs-center brz-css-iBNgl\" data-generated-css=\"brz-css-tGdX0\" data-uniq-id=\"v2Yiw\"><span class=\"brz-cp-color5\">K\u00fcsimused, mille \u00fcle arutleme:<\/span><\/p>\n<ul>\n<li class=\"brz-tp-lg-paragraph brz-text-xs-center brz-bcp-color5 brz-css-rY5Cv\" data-generated-css=\"brz-css-eBwOm\" data-uniq-id=\"fIKYp\"><span class=\"brz-cp-color5\">Who is to be blamed? &#8211; controversial messages from society <\/span><\/li>\n<li class=\"brz-tp-lg-paragraph brz-text-xs-center brz-bcp-color5 brz-css-dT_0F\" data-generated-css=\"brz-css-ejwWP\" data-uniq-id=\"gnj7n\"><span class=\"brz-cp-color5\">Miks pereliikmed valivad sageli v\u00e4givallatseja poole?<\/span><\/li>\n<li class=\"brz-tp-lg-paragraph brz-text-xs-center brz-bcp-color5 brz-css-jWAAq\" data-generated-css=\"brz-css-dJ_kL\" data-uniq-id=\"alGo5\"><span class=\"brz-cp-color5\">Miks pereliikmed ja sugulased eelistavad vaikida, selle asemel, et aktiivselt v\u00e4givallale vastanduda? <\/span><\/li>\n<li class=\"brz-tp-lg-paragraph brz-text-xs-center brz-bcp-color5 brz-css-mdiJ3\" data-generated-css=\"brz-css-bh6qO\" data-uniq-id=\"k7x6A\"><span class=\"brz-cp-color5\"> Kuidas see m\u00f5jutab ohvrit?<\/span><\/li>\n<li class=\"brz-tp-lg-paragraph brz-text-xs-center brz-bcp-color5 brz-css-gagU9\" data-generated-css=\"brz-css-c96tw\" data-uniq-id=\"cWSG_\"><span class=\"brz-cp-color5\">Kuidas p\u00e4\u00e4seda v\u00e4lja kannatuste ja ohvristaatuse ringist? <\/span><\/li>\n<\/ul>\n<p class=\"brz-tp-lg-paragraph brz-text-xs-center brz-css-ol4tF\" data-generated-css=\"brz-css-o78Wj\" data-uniq-id=\"aJUTe\"><span class=\"brz-cp-color5\"> <\/span><\/p>\n<p class=\"brz-tp-lg-paragraph brz-text-xs-center brz-css-x2wUo\" data-generated-css=\"brz-css-rT5Dx\" data-uniq-id=\"bbfWd\"><span class=\"brz-cp-color5\">Olete v\u00e4ga oodatud liituma, kui olete kogenud v\u00e4givalda, olete ohvri sugulane v\u00f5i s\u00f5ber v\u00f5i t\u00f6\u00f6tate v\u00e4givalla ohvritega ja soovite teada, mida v\u00e4ltida ja millega arvestada.<\/span><\/p>\n<p class=\"brz-tp-lg-paragraph brz-text-xs-center brz-css-jCA8f\" data-generated-css=\"brz-css-bJpgz\" data-uniq-id=\"on3gQ\"><span class=\"brz-cp-color5\"> <\/span><\/p>\n<p class=\"brz-tp-lg-paragraph brz-text-xs-center brz-css-dcl4R\" data-generated-css=\"brz-css-eCzPF\" data-uniq-id=\"gjdej\"><span class=\"brz-cp-color5\">Palun registreerige end alloleva kontaktvormi kaudu ja me saadame teile lingi \u00fcks p\u00e4ev enne \u00fcritust.<\/span><\/p>\n<p class=\"brz-tp-lg-paragraph brz-text-xs-center brz-css-ldd8g\" data-generated-css=\"brz-css-hU9rW\" data-uniq-id=\"hd0bo\"><span class=\"brz-cp-color5\">Osav\u00f5tutasuna palume teil teha annetus <\/span><a class=\"link--external brz-cp-color5\" href=\"https:\/\/svtugigrupp.ee\/toeta-meid\/\" data-brz-link-type=\"external\">MT\u00dc SV Tugigrupid aadressil,<\/a><span class=\"brz-cp-color5\">mis tegeleb lapsep\u00f5lve seksuaalse v\u00e4\u00e4rkohtlemise kogemusega inimeste toetamisega.<\/span><\/p>\n<p data-uniq-id=\"exaDR\" data-generated-css=\"brz-css-rP2SJ\" class=\"brz-css-zKPvV\"><\/p>\n<p class=\"brz-tp-lg-paragraph brz-text-xs-center brz-css-u6enU\" data-generated-css=\"brz-css-fVHi5\" data-uniq-id=\"ln6mF\"><strong class=\"brz-cp-color5\">MT\u00dc EESTI SV TUGIGRUPID EE631010220290532226<\/strong><span class=\"brz-cp-color5 brz-span\"> <\/span><\/p>\n<p class=\"brz-tp-lg-paragraph brz-text-xs-center brz-css-kPIsU\" data-generated-css=\"brz-css-kjrTW\" data-uniq-id=\"blHK1\"><span class=\"brz-cp-color5 brz-span\"> <\/span><\/p>\n<h4 data-generated-css=\"brz-css-tPpno\" data-uniq-id=\"fHzVJ\" class=\"brz-text-xs-center brz-text-lg-center brz-ff-titillium_web brz-ft-google brz-fs-lg-29 brz-fss-lg-px brz-fw-lg-700 brz-ls-lg-0 brz-lh-lg-1_3 brz-vfw-lg-400 brz-fwdth-lg-100 brz-fsft-lg-0 brz-tp-lg-heading4 brz-css-w3N0z\"><span class=\"brz-cp-color5 brz-span\">Vajuta <\/span><a class=\"brz-cp-color5 link--external\" href=\"https:\/\/us02web.zoom.us\/j\/89512798278?pwd=NshmfggkWFh8ZUa9RF1SS8oyQeOorm.1\" data-brz-link-type=\"external\">SIIA<\/a><span class=\"brz-cp-color5 brz-span\"> et kohtumisele siseneda.  <\/span><\/h4>\n<p class=\"brz-tp-lg-paragraph brz-text-xs-center brz-css-iB0K9\" data-generated-css=\"brz-css-cD4Vz\" data-uniq-id=\"n46ut\"><span class=\"brz-cp-color5\"> <\/span><\/p>\n<\/div>\n<\/div>\n<\/div>\n<div id=\"\" class=\"brz-css-t2ml2n brz-css-rqt93v brz-css-z061fx brz-wrapper\">\n<div class=\"brz-spacer brz-css-1kd1fp1 brz-css-vjw03p\"><\/div>\n<\/div>\n<div id=\"\" class=\"brz-css-t2ml2n brz-css-rqt93v brz-css-1ve9xzw brz-wrapper\">\n<div class=\"brz-spacer brz-css-1kd1fp1 brz-css-1dvcf4m\"><\/div>\n<\/div>\n<\/div>\n<\/div>\n<\/div>\n<\/div>\n<\/div>\n<\/div>\n<\/div>\n<\/div>\n<\/div>\n<\/div>\n<\/section>\n<section id=\"_pVTwDy7kCsbE\" class=\"brz-section brz-css-5062g6\">\n<div class=\"brz-section__content brz-section--boxed brz-css-1gbpas4 brz-css-m1uwxb\" data-brz-custom-id=\"k0r9tswRXosY\">\n<div class=\"brz-bg\">\n<div class=\"brz-bg-image\"><\/div>\n<div class=\"brz-bg-color\"><\/div>\n<\/div>\n<div class=\"brz-container brz-css-7gm486\">\n<div class=\"brz-row__container brz-css-1epy64z\" data-brz-custom-id=\"tcd673ziW4_9\">\n<div class=\"brz-bg\"><\/div>\n<div class=\"brz-row brz-css-hewmlg brz-css-bbg1cv\">\n<div class=\"brz-columns brz-css-itgy62 brz-css-t8xnr1\" data-brz-custom-id=\"hRodYFBBQ6Cg\">\n<div class=\"brz-bg\"><\/div>\n<div class=\"brz-column__items brz-css-1e8p5nf brz-css-15xr2lv\">\n<div id=\"\" class=\"brz-css-t2ml2n brz-wrapper\">\n<div class=\"brz-rich-text brz-rich-text__custom brz-css-1jscx62\" data-brz-custom-id=\"z6GP4tjoL37V\">\n<div data-brz-translate-text=\"1\">\n<h2 class=\"brz-text-xs-center brz-tp-lg-heading2 brz-css-eAS7o\" data-generated-css=\"brz-css-sqvQC\" data-uniq-id=\"g1L5I\"><span style=\"opacity: 1\" class=\"brz-cp-color4\">Tule ja liitu aruteluga!<\/span><\/h2>\n<\/div>\n<\/div>\n<\/div>\n<div id=\"\" class=\"brz-css-t2ml2n brz-css-rqt93v brz-css-19p9o5x brz-wrapper\">\n<div class=\"brz-spacer brz-css-1kd1fp1 brz-css-ndxbm\"><\/div>\n<\/div>\n<div id=\"\" class=\"brz-css-t2ml2n brz-css-rqt93v brz-css-1by1ho5 brz-wrapper\">\n<div class=\"brz-spacer brz-css-1kd1fp1 brz-css-1v5grn5\"><\/div>\n<\/div>\n<div id=\"\" class=\"brz-css-t2ml2n brz-css-rqt93v brz-css-1cxgac3 brz-wrapper\">\n<div class=\"brz-spacer brz-css-1kd1fp1 brz-css-1bxcl3i\"><\/div>\n<\/div>\n<div id=\"\" class=\"brz-css-t2ml2n brz-css-rqt93v brz-css-1fhxhug brz-wrapper\">\n<div class=\"brz-spacer brz-css-1kd1fp1 brz-css-ovz9vk\"><\/div>\n<\/div>\n<\/div>\n<\/div>\n<div class=\"brz-columns brz-css-itgy62 brz-css-5za9wc\" data-brz-custom-id=\"xzV696vpysfZ\">\n<div class=\"brz-bg\">\n<div class=\"brz-bg-color\"><\/div>\n<\/div>\n<div class=\"brz-column__items brz-css-1e8p5nf brz-css-1pp5loe\">\n<div id=\"\" class=\"brz-css-t2ml2n brz-css-rqt93v brz-css-1ucdi9s brz-wrapper\">\n<div class=\"brz-spacer brz-css-1kd1fp1 brz-css-149u4oi\"><\/div>\n<\/div>\n<div id=\"\" class=\"brz-css-t2ml2n brz-wrapper\">\n<div class=\"brz-rich-text brz-rich-text__custom brz-css-1jscx62\" data-brz-custom-id=\"cTFobVfpKSok\">\n<div data-brz-translate-text=\"1\">\n<p class=\"brz-tp-lg-subtitle brz-css-u5i6d\" data-generated-css=\"brz-css-jHj0B\"><strong style=\"opacity: 1\" class=\"brz-cp-color4\">LIITU<\/strong><\/p>\n<\/div>\n<\/div>\n<\/div>\n<div id=\"\" class=\"brz-css-t2ml2n brz-wrapper\">\n<div data-brz-form-version=\"2\" class=\"brz-forms2 brz-css-8zkogb\" data-brz-custom-id=\"qhRscni5NzDQ\">\n<div data-brz-translate-text=\"1\" class=\"brz-forms2__item brz-css-1l3ue2y brz-css-p0xkb7 brz-css-1twusba\"><\/div>\n<div data-brz-translate-text=\"1\" class=\"brz-forms2__item brz-css-1l3ue2y brz-css-p0xkb7 brz-css-1twusba brz-css-ky62hw\"><\/div>\n<div data-brz-translate-text=\"1\" class=\"brz-forms2__item brz-css-1l3ue2y brz-css-p0xkb7 brz-css-1twusba brz-css-9rk1l7\"><\/div>\n<div data-brz-translate-text=\"1\" class=\"brz-forms2__item brz-css-1l3ue2y brz-css-p0xkb7 brz-css-1twusba\"><\/div>\n<div data-brz-translate-text=\"1\" class=\"brz-forms2__item brz-css-1l3ue2y brz-css-p0xkb7 brz-css-1twusba brz-css-3tggls\"><textarea id=\"xNpQQPilIqXe_\" name=\"zmUz3h6fKXpc\" data-brz-type=\"Paragraph\" data-brz-label=\"Your text...\" data-brz-placeholder=\"Your text...\" class=\"brz-textarea brz-forms2__field brz-forms2__field-paragraph\"><\/textarea><\/div>\n<div class=\"brz-forms2 brz-forms2__item brz-forms2__item-button\" data-brz-custom-id=\"qhRscni5NzDQ\"><button class=\"brz-btn brz-btn-submit brz-css-i9g2py brz-css-42qlia\" data-brz-custom-id=\"rY5GrfhLDrYC\"><span data-brz-translate-text=\"1\" class=\"brz-span brz-text__editor\">SAADA<\/span><\/button><\/div>\n<div class=\"brz-g-recaptcha\" data-sitekey=\"\" data-size=\"invisible\" data-callback=\"brzFormV2Captcha\"><\/div>\n<\/div>\n<\/div>\n<div id=\"\" class=\"brz-css-t2ml2n brz-css-rqt93v brz-css-am2gwm brz-wrapper\">\n<div class=\"brz-spacer brz-css-1kd1fp1 brz-css-otzqar\"><\/div>\n<\/div>\n<\/div>\n<\/div>\n<\/div>\n<\/div>\n<\/div>\n<\/div>\n<\/section>\n<\/div>\n<p>    <!-- version:1737082892 --><\/p>","protected":false},"excerpt":{"rendered":"<p>Fundraising: a day of good deeds Information: 16.11.2024, Sat 11-13 Online Language: Estonian Leader: Kaire Talviste-Baiocco Join Zoom Meeting Meeting ID: 895 1279 8278 Passcode: 041381 OPEN DISCUSSION Childhood sexual abuse and victim blaming 18 November &#8211; World Day for the Prevention of and Healing from Child Sexual Exploitation, Abuse and Violence Approximately, three in [&hellip;]<\/p>\n","protected":false},"author":1,"featured_media":0,"parent":0,"menu_order":0,"comment_status":"closed","ping_status":"closed","template":"brizy-blank-template.php","meta":{"footnotes":""},"class_list":["post-32042","page","type-page","status-publish","hentry"],"brizy_media":[{"id":31793,"url":"https:\/\/egtc.ee\/wp-content\/uploads\/2024\/10\/child-6969637_1280.jpg","name":"child-6969637_1280.jpg","meta":{"brizy_attachment_uid":"wp-b03ce1027d22fdcef3fd16a06e3dacb7.jpg","brizy_post_uid":["465bb0abce16ac92a7a6b29c1b59d25a","888329e164d1223675bdefecef39bc6a","3ca7efa163241069a33f3a01fc203a87"]}}],"_links":{"self":[{"href":"https:\/\/egtc.ee\/et\/wp-json\/wp\/v2\/pages\/32042","targetHints":{"allow":["GET"]}}],"collection":[{"href":"https:\/\/egtc.ee\/et\/wp-json\/wp\/v2\/pages"}],"about":[{"href":"https:\/\/egtc.ee\/et\/wp-json\/wp\/v2\/types\/page"}],"author":[{"embeddable":true,"href":"https:\/\/egtc.ee\/et\/wp-json\/wp\/v2\/users\/1"}],"replies":[{"embeddable":true,"href":"https:\/\/egtc.ee\/et\/wp-json\/wp\/v2\/comments?post=32042"}],"version-history":[{"count":5,"href":"https:\/\/egtc.ee\/et\/wp-json\/wp\/v2\/pages\/32042\/revisions"}],"predecessor-version":[{"id":33124,"href":"https:\/\/egtc.ee\/et\/wp-json\/wp\/v2\/pages\/32042\/revisions\/33124"}],"wp:attachment":[{"href":"https:\/\/egtc.ee\/et\/wp-json\/wp\/v2\/media?parent=32042"}],"curies":[{"name":"wp","href":"https:\/\/api.w.org\/{rel}","templated":true}]}}