{"id":30595,"date":"2024-09-22T17:29:26","date_gmt":"2024-09-22T17:29:26","guid":{"rendered":"http:\/\/egtc.ee\/?page_id=30595"},"modified":"2026-01-23T17:17:53","modified_gmt":"2026-01-23T17:17:53","slug":"self-care-for-helpers","status":"publish","type":"page","link":"https:\/\/egtc.ee\/et\/self-care-for-helpers\/","title":{"rendered":"Aitajate enesehool"},"content":{"rendered":"<div class=\"brz-root__container brz-reset-all brz brz-root__container-page\">\n<section id=\"_xKBqeqL5KGxF\" class=\"brz-section brz-css-1eav3e8 brz-css-10l55j5\">\n<div class=\"brz-section__content brz-section--boxed brz-css-15z21kv brz-css-1h9j8bk\" data-brz-custom-id=\"f4VnoG3NHRAL\">\n<div class=\"brz-bg\">\n<div class=\"brz-bg-color\"><\/div>\n<div class=\"brz-bg-shape brz-bg-shape__top\"><\/div>\n<div class=\"brz-bg-shape brz-bg-shape__bottom\"><\/div>\n<\/div>\n<div class=\"brz-container brz-css-cj0owj\">\n<div class=\"brz-row__container brz-css-1wyj7p\" data-brz-custom-id=\"xko50N4_FOFs\">\n<div class=\"brz-bg\"><\/div>\n<div class=\"brz-row brz-css-14weo5w brz-css-a8uwe9\">\n<div class=\"brz-columns brz-css-vu1385 brz-css-hm6cl5\" data-brz-custom-id=\"k4t58MLtQrK9\">\n<div class=\"brz-bg\"><\/div>\n<div class=\"brz-column__items brz-css-1ktz8zr\">\n<div id=\"\" class=\"brz-css-w0x59o brz-wrapper\">\n<div class=\"brz-rich-text brz-rich-text__custom brz-css-1fnpifl\" data-brz-custom-id=\"e8XtRrZGkFhg\">\n<div data-brz-translate-text=\"1\">\n<h2 class=\"brz-tp-lg-heading2 brz-css-tOMfn\" data-uniq-id=\"wQVGm\" data-generated-css=\"brz-css-ajHZq\"><span style=\"opacity: 0.61\">Vaimse tervise kuu!<\/span><\/h2>\n<\/div>\n<\/div>\n<\/div>\n<div id=\"\" class=\"brz-css-w0x59o brz-css-m3y4um brz-wrapper\">\n<div class=\"brz-spacer brz-css-f6g437 brz-css-185gep1\"><\/div>\n<\/div>\n<\/div>\n<\/div>\n<\/div>\n<\/div>\n<\/div>\n<\/div>\n<\/section>\n<section id=\"_mvwc1VqWdXFR\" class=\"brz-section brz-css-1eav3e8\">\n<div class=\"brz-section__content brz-section--boxed brz-css-15z21kv brz-css-dgwedz\" data-brz-custom-id=\"ih0Cl1dvGRNI\">\n<div class=\"brz-container brz-css-cj0owj brz-css-3uhgpo\">\n<div class=\"brz-row__container brz-css-1wyj7p\" data-brz-custom-id=\"oMrjgeZEiz3n\">\n<div class=\"brz-bg\"><\/div>\n<div class=\"brz-row brz-css-14weo5w brz-css-a8uwe9\">\n<div class=\"brz-columns brz-css-vu1385 brz-css-6fkgua\" data-brz-custom-id=\"c2_JhWCbCZQ6\">\n<div class=\"brz-bg\">\n<div class=\"brz-bg-color\"><\/div>\n<\/div>\n<div class=\"brz-column__items brz-css-1ktz8zr brz-css-1mtz5bq\">\n<div id=\"\" class=\"brz-css-w0x59o brz-wrapper\">\n<div class=\"brz-image brz-css-ngjuso\" data-brz-custom-id=\"sEbOU6CU5thc\"><img decoding=\"async\" class=\"brz-img\" src=\"http:\/\/egtc.ee\/wp-content\/uploads\/brizy\/imgs\/depression-8104302_1280-300x225x0x0x300x225x1725369406.jpg\" alt=\"\" loading=\"lazy\"><\/div>\n<\/div>\n<div id=\"\" class=\"brz-css-w0x59o brz-wrapper\">\n<div class=\"brz-rich-text brz-rich-text__custom brz-css-1fnpifl\" data-brz-custom-id=\"pzWMq0QlUz47\">\n<div data-brz-translate-text=\"1\">\n<h5 data-uniq-id=\"f4rtC\" data-generated-css=\"brz-css-bvZS8\" class=\"brz-text-xs-center brz-tp-lg-heading5 brz-css-vIaeG\"><span class=\"brz-cp-color7\">Info<\/span><\/h5>\n<\/div>\n<\/div>\n<\/div>\n<div id=\"\" class=\"brz-css-w0x59o brz-wrapper\">\n<div class=\"brz-icon-text brz-css-58pkj6\" data-brz-custom-id=\"sPdE7gdgokcQ\">\n<div class=\"brz-icon__container\" data-brz-custom-id=\"y2cTMxYodn4R\"><span class=\"brz-icon brz-span brz-css-a8xgrx brz-css-ib6mh1\"><\/span><\/div>\n<div class=\"brz-text-btn\">\n<div class=\"brz-rich-text brz-rich-text__custom brz-css-1fnpifl\" data-brz-custom-id=\"a54LsTrc4PRB\">\n<div data-brz-translate-text=\"1\">\n<p class=\"brz-tp-lg-subtitle brz-css-wTTBX\" data-uniq-id=\"lU6at\" data-generated-css=\"brz-css-p8MVH\"><strong style=\"opacity: 1\" class=\"brz-cp-color5\">26.10.2024, L 10-17 (kl 13-14 l\u00f5una) <\/strong><\/p>\n<\/div>\n<\/div>\n<\/div>\n<\/div>\n<\/div>\n<div id=\"\" class=\"brz-css-w0x59o brz-wrapper\">\n<div class=\"brz-icon-text brz-css-58pkj6\" data-brz-custom-id=\"tcv2wOWbhKqf\">\n<div class=\"brz-icon__container\" data-brz-custom-id=\"xHjAnJ8QqDin\"><span class=\"brz-icon brz-span brz-css-a8xgrx brz-css-18d1wdg\"><\/span><\/div>\n<div class=\"brz-text-btn\">\n<div class=\"brz-rich-text brz-rich-text__custom brz-css-1fnpifl\" data-brz-custom-id=\"mka_lna9bfA_\">\n<div data-brz-translate-text=\"1\">\n<p class=\"brz-tp-lg-subtitle brz-css-wvzQn\" data-generated-css=\"brz-css-mz7bs\" data-uniq-id=\"i_iIi\"><span class=\"brz-cp-color5 brz-span\" style=\"opacity: 1\"><strong>Von Stackelberg Hotel, Tallinn, Toompuiestee 23<\/strong><\/span><\/p>\n<\/div>\n<\/div>\n<\/div>\n<\/div>\n<\/div>\n<div id=\"\" class=\"brz-css-w0x59o brz-wrapper\">\n<div class=\"brz-icon-text brz-css-58pkj6\" data-brz-custom-id=\"hVo6w9NXb1Ew\">\n<div class=\"brz-icon__container\" data-brz-custom-id=\"gasiooFSR64I\"><span class=\"brz-icon brz-span brz-css-a8xgrx brz-css-qosqge\"><\/span><\/div>\n<div class=\"brz-text-btn\">\n<div class=\"brz-rich-text brz-rich-text__custom brz-css-1fnpifl\" data-brz-custom-id=\"xZeRIQ_AWimI\">\n<div data-brz-translate-text=\"1\">\n<p data-uniq-id=\"nd1zB\" data-generated-css=\"brz-css-oE044\" class=\"brz-tp-lg-subtitle brz-css-eNOZq\"><strong style=\"opacity: 1\" class=\"brz-cp-color5\">Inglise keeles <\/strong><\/p>\n<\/div>\n<\/div>\n<\/div>\n<\/div>\n<\/div>\n<div id=\"\" class=\"brz-css-w0x59o brz-wrapper\">\n<div class=\"brz-icon-text brz-css-58pkj6\" data-brz-custom-id=\"ubxUeq4ZsIF4\">\n<div class=\"brz-icon__container\" data-brz-custom-id=\"xRGRwY4YEi7m\"><span class=\"brz-icon brz-span brz-css-a8xgrx brz-css-1m9f6tk\"><\/span><\/div>\n<div class=\"brz-text-btn\">\n<div class=\"brz-rich-text brz-rich-text__custom brz-css-1fnpifl\" data-brz-custom-id=\"usQIVC2zsXJ6\">\n<div data-brz-translate-text=\"1\">\n<p class=\"brz-tp-lg-subtitle brz-css-rvCKK\" data-generated-css=\"brz-css-bBDcw\" data-uniq-id=\"rqFF5\"><strong style=\"opacity: 1\" class=\"brz-cp-color5\">Koolitajad: Oliver Baiocco<\/strong><\/p>\n<p class=\"brz-tp-lg-subtitle brz-css-cND9x\" data-generated-css=\"brz-css-bBDcw\" data-uniq-id=\"rqFF5\"><strong style=\"opacity: 1\" class=\"brz-cp-color5\">Kaire Talviste-Baiocco <\/strong><\/p>\n<\/div>\n<\/div>\n<\/div>\n<\/div>\n<\/div>\n<div id=\"\" class=\"brz-css-w0x59o brz-wrapper\">\n<div class=\"brz-icon-text brz-css-58pkj6\" data-brz-custom-id=\"r5h1MiDFPifp\">\n<div class=\"brz-icon__container\" data-brz-custom-id=\"pXcI6oO0c06_\"><span class=\"brz-icon brz-span brz-css-a8xgrx brz-css-16wzg60\"><\/span><\/div>\n<div class=\"brz-text-btn\">\n<div class=\"brz-rich-text brz-rich-text__custom brz-css-1fnpifl\" data-brz-custom-id=\"g_2LqFz7T_My\">\n<div data-brz-translate-text=\"1\">\n<p class=\"brz-tp-lg-subtitle brz-css-atCqN\" data-generated-css=\"brz-css-tpJec\" data-uniq-id=\"omnB0\"><strong style=\"opacity: 1\" class=\"brz-cp-color5\">Tasuta. Sissep\u00e4\u00e4s eelregistreerimisega<\/strong><\/p>\n<p class=\"brz-tp-lg-subtitle brz-css-nihuW\" data-generated-css=\"brz-css-tpJec\" data-uniq-id=\"omnB0\"><strong style=\"opacity: 1\" class=\"brz-cp-color5\">kaire<\/strong><strong style=\"opacity: 1\" class=\"brz-cp-color5 brz-pre-population-visible\">@egtc.ee<\/strong><strong style=\"opacity: 1\" class=\"brz-cp-color5\"> <\/strong><\/p>\n<\/div>\n<\/div>\n<\/div>\n<\/div>\n<\/div>\n<\/div>\n<\/div>\n<div class=\"brz-columns brz-css-vu1385 brz-css-tzeom1\" data-brz-custom-id=\"uVyGIaS77B7C\">\n<div class=\"brz-bg\"><\/div>\n<div class=\"brz-column__items brz-css-1ktz8zr brz-css-gwc1p1\">\n<div class=\"brz-row__container brz-css-1wyj7p\" data-brz-custom-id=\"rMYBY_5EzO4r\">\n<div class=\"brz-bg\"><\/div>\n<div class=\"brz-row brz-row--inner brz-css-14weo5w brz-css-a8uwe9\">\n<div class=\"brz-columns brz-css-vu1385 brz-css-p0oojz\" data-brz-custom-id=\"nIQ3CYrKaaOw\">\n<div class=\"brz-bg\"><\/div>\n<div class=\"brz-column__items brz-css-1ktz8zr brz-css-1ttn2ph\">\n<div id=\"\" class=\"brz-css-w0x59o brz-wrapper\">\n<div class=\"brz-rich-text brz-rich-text__custom brz-css-1fnpifl\" data-brz-custom-id=\"rHDHJ3G5hzsI\">\n<div data-brz-translate-text=\"1\">\n<p class=\"brz-tp-lg-abovetitle brz-css-aIGXn\" data-generated-css=\"brz-css-kECgl\" data-uniq-id=\"fDTTw\"><span class=\"brz-cp-color7\">PROFESSIONAALNE TOETUS<\/span><\/p>\n<\/div>\n<\/div>\n<\/div>\n<div id=\"\" class=\"brz-css-w0x59o brz-wrapper\">\n<div class=\"brz-rich-text brz-rich-text__custom brz-css-1fnpifl\" data-brz-custom-id=\"rHfsrREmUb8J\">\n<div data-brz-translate-text=\"1\">\n<h2 class=\"brz-tp-lg-heading2 brz-text-xs-center brz-css-dGS8B\" data-uniq-id=\"uGPxS\" data-generated-css=\"brz-css-dQa8u\"><span style=\"opacity: 1\" class=\"brz-cp-color5\">Enesehool aitajatele<\/span><\/h2>\n<\/div>\n<\/div>\n<\/div>\n<div id=\"\" class=\"brz-css-w0x59o brz-wrapper\">\n<div class=\"brz-rich-text brz-rich-text__custom brz-css-1fnpifl\" data-brz-custom-id=\"dz0cCXHpFKgE\">\n<div data-brz-translate-text=\"1\">\n<h3 class=\"brz-tp-lg-heading3 brz-text-xs-center brz-text-lg-left brz-css-gd5aM\" data-generated-css=\"brz-css-sMdH4\" data-uniq-id=\"y74mv\"><strong style=\"opacity: 1\" class=\"brz-cp-color5\">Mental health month &#8211; time to take care of yourself<\/strong><\/h3>\n<\/div>\n<\/div>\n<\/div>\n<div id=\"\" class=\"brz-css-w0x59o brz-wrapper\">\n<div class=\"brz-rich-text brz-rich-text__custom brz-css-1fnpifl\" data-brz-custom-id=\"azaLiRpNrxZu\">\n<div data-brz-translate-text=\"1\">\n<p class=\"brz-tp-lg-paragraph brz-text-xs-center brz-css-cVHpP\" data-generated-css=\"brz-css-wOy6C\" data-uniq-id=\"cnwpW\"><span class=\"brz-cp-color5\">Kutsen\u00f5uded ja t\u00f6\u00f6koormus n\u00e4ivad pidevalt kasvavat. Samal ajal on \u00fcha v\u00e4hem v\u00f5imalusi v\u00e4lja l\u00fclituda ja akusid laadida. Liigsete n\u00f5udmiste olukord v\u00f5ib p\u00e4\u00e4dida stressi, pettumuse, huvipuuduse, k\u00fc\u00fcnilisuse ja l\u00f5puks l\u00e4bip\u00f5lemisega.<\/span><\/p>\n<p class=\"brz-tp-lg-paragraph brz-text-xs-center brz-css-zudlm\" data-generated-css=\"brz-css-iGV4v\" data-uniq-id=\"nVQ6x\"><span class=\"brz-cp-color5\">Probleem ei ole mitte \u00fchekordses stressisituatsioonis, vaid piisavate puhkepauside puudumises, mis on vajalikud taastumiseks. Tervishoiualastes teadust\u00f6\u00f6des r\u00e4\u00e4gitakse \u201ekroonilisest stressist\u201c, mis v\u00f5ib p\u00f5hjustada m\u00e4rkimisv\u00e4\u00e4rseid f\u00fc\u00fcsilisi, ps\u00fchholoogilisi ja sotsiaalseid kahjustusi.&nbsp;<\/span><\/p>\n<p class=\"brz-tp-lg-paragraph brz-text-xs-center brz-css-d77rE\" data-generated-css=\"brz-css-cLU0T\" data-uniq-id=\"g7rlX\"><span class=\"brz-cp-color5\"> <\/span><\/p>\n<p class=\"brz-tp-lg-paragraph brz-text-xs-center brz-css-ifDQO\" data-generated-css=\"brz-css-mG0tH\" data-uniq-id=\"vwAG3\"><span class=\"brz-cp-color5\">Kui unustame oma vajadused v\u00f5i ei hoolitse nende eest, oleme ohustatud kaastundmisv\u00e4simusest, sekundaarsest traumaatilisest stressist ja kaastraumast. M\u00f5ned s\u00fcmptomid, mida sel puhul v\u00f5ime kogeda, on j\u00e4rgmised:<\/span><strong class=\"brz-cp-color5\"> <\/strong><span class=\"brz-cp-color5\">increased emotional load, feeling alienated in one&#8217;s own life, lack of achievement, decreased self-esteem, experience of not being able to influence one&#8217;s work and private life.<\/span><\/p>\n<p class=\"brz-tp-lg-paragraph brz-text-xs-center brz-css-rGdgM\" data-generated-css=\"brz-css-u3bWq\" data-uniq-id=\"iS2zh\"><span class=\"brz-cp-color5\"> <\/span><\/p>\n<p class=\"brz-tp-lg-paragraph brz-text-xs-center brz-css-tpPAt\" data-generated-css=\"brz-css-tWZmG\" data-uniq-id=\"gnoSy\"><span class=\"brz-cp-color5\">Seet\u00f5ttu on oluline varakult \u00e4ra tunda, kui asjad hakkavad kuhjuma ja t\u00f6\u00f6tada v\u00e4lja asjakohased vastustrateegiad. \u00dcheks selliseks meetmeks on nn enesehool. Uurimistulemused n\u00e4itavad, et t\u00f6\u00f6alane heaolu tugevdab ka teisi eluvaldkondi ja suurendab klientide abistamise t\u00f5husust. See saavutatakse k\u00f5ige paremini, kui hoolitseme ennetavalt enda eest.<\/span><\/p>\n<p class=\"brz-tp-lg-paragraph brz-text-xs-center brz-css-eyiai\" data-generated-css=\"brz-css-g3aAs\" data-uniq-id=\"lWVv4\"><span class=\"brz-cp-color5\"> <\/span><\/p>\n<p class=\"brz-tp-lg-paragraph brz-text-xs-center brz-css-zutU5\" data-generated-css=\"brz-css-z8I1g\" data-uniq-id=\"m_g7M\"><span class=\"brz-cp-color5\">Enesehooldus on teadmiste, oskuste ja hoiakute spekter, mis h\u00f5lmab inimest koos k\u00f5igi tema elutingimustega. See on palju enamat kui \u201eainult\u201c treenimine, tervislik toitumine ja piisav uni. Kui aitad professionaalselt teisi, v\u00f5ta see p\u00e4ev enda jaoks, et selgitada v\u00e4lja midagi, mis on just sinu jaoks oluline, et suudaksid t\u00f6\u00f6olukordades enda eest hoolitseda ja end kaitsta.  <\/span><\/p>\n<\/div>\n<\/div>\n<\/div>\n<div id=\"\" class=\"brz-css-w0x59o brz-wrapper\">\n<div class=\"brz-image brz-css-tvidto\" data-brz-custom-id=\"bD9n8OfwPOmf\"><img decoding=\"async\" class=\"brz-img\" src=\"http:\/\/egtc.ee\/wp-content\/uploads\/brizy\/imgs\/405283213_679892987583039_2688172068698456557_n-170x170x0x19x170x125x1702489345.png\" alt=\"\" loading=\"lazy\"><\/div>\n<\/div>\n<div id=\"\" class=\"brz-css-w0x59o brz-wrapper\">\n<div class=\"brz-rich-text brz-rich-text__custom brz-css-1fnpifl\" data-brz-custom-id=\"xH6dCZyeyhQe\">\n<div data-brz-translate-text=\"1\">\n<p class=\"brz-fsft-lg-0 brz-fwdth-lg-100 brz-vfw-lg-400 brz-lh-lg-1_8 brz-ls-lg-0 brz-fw-lg-600 brz-fss-lg-px brz-fs-lg-18 brz-ft-google brz-ff-titillium_web brz-tp-lg-empty brz-text-xs-center brz-text-lg-center brz-css-acAau\" data-uniq-id=\"zEczQ\" data-generated-css=\"brz-css-mi6G4\"><a class=\"brz-cp-color7 link--external\" href=\"http:\/\/safe.egtc.ee\" data-brz-link-type=\"external\">\u201eNoorsoot\u00f6\u00f6tajad ja asendustrauma oht professionaalses valdkonnas. Integratiivne enesehoolduspraktika koolitus kui l\u00e4henemine vastupanuv\u00f5ime toetamiseks\u201c (2023-1-EE01-KA220-YOU-000159097), kaasrahastab ERASMUS+.<\/a><span class=\"brz-cp-color7\"><br \/><\/span><\/p>\n<\/div>\n<\/div>\n<\/div>\n<div id=\"\" class=\"brz-css-w0x59o brz-css-m3y4um brz-css-kyojbp brz-wrapper\">\n<div class=\"brz-spacer brz-css-f6g437 brz-css-11e1cya\"><\/div>\n<\/div>\n<div id=\"\" class=\"brz-css-w0x59o brz-css-m3y4um brz-css-38noe0 brz-wrapper\">\n<div class=\"brz-spacer brz-css-f6g437 brz-css-utdd44\"><\/div>\n<\/div>\n<div id=\"\" class=\"brz-css-w0x59o brz-css-m3y4um brz-css-u8foba brz-wrapper\">\n<div class=\"brz-spacer brz-css-f6g437 brz-css-170jacz\"><\/div>\n<\/div>\n<\/div>\n<\/div>\n<\/div>\n<\/div>\n<\/div>\n<\/div>\n<\/div>\n<\/div>\n<\/div>\n<\/div>\n<\/section>\n<section id=\"_hFQzeBl1dCRl\" class=\"brz-section brz-css-1eav3e8\">\n<div class=\"brz-section__content brz-section--boxed brz-css-15z21kv brz-css-aswedk\" data-brz-custom-id=\"rQhWvLnOcycv\">\n<div class=\"brz-bg\">\n<div class=\"brz-bg-image\"><\/div>\n<div class=\"brz-bg-color\"><\/div>\n<\/div>\n<div class=\"brz-container brz-css-cj0owj\">\n<div class=\"brz-row__container brz-css-1wyj7p\" data-brz-custom-id=\"psN7ReVbSK9_\">\n<div class=\"brz-bg\"><\/div>\n<div class=\"brz-row brz-css-14weo5w brz-css-a8uwe9\">\n<div class=\"brz-columns brz-css-vu1385 brz-css-q0t2y9\" data-brz-custom-id=\"v2K7UXIIgili\">\n<div class=\"brz-bg\"><\/div>\n<div class=\"brz-column__items brz-css-1ktz8zr brz-css-7tgd3h\">\n<div id=\"\" class=\"brz-css-w0x59o brz-wrapper\">\n<div class=\"brz-rich-text brz-rich-text__custom brz-css-1fnpifl\" data-brz-custom-id=\"kFO8nZ87OVI2\">\n<div data-brz-translate-text=\"1\">\n<h2 class=\"brz-text-xs-center brz-tp-lg-heading2 brz-css-cmFwB\" data-generated-css=\"brz-css-vFSUQ\" data-uniq-id=\"rBgwd\"><span class=\"brz-cp-color3\">Tule ja kanna enda eest hoolt!<\/span><\/h2>\n<\/div>\n<\/div>\n<\/div>\n<div id=\"\" class=\"brz-css-w0x59o brz-css-m3y4um brz-css-8xlu0a brz-wrapper\">\n<div class=\"brz-spacer brz-css-f6g437 brz-css-rh6z0j\"><\/div>\n<\/div>\n<div id=\"\" class=\"brz-css-w0x59o brz-css-m3y4um brz-css-4ifc0p brz-wrapper\">\n<div class=\"brz-spacer brz-css-f6g437 brz-css-k64hk0\"><\/div>\n<\/div>\n<div id=\"\" class=\"brz-css-w0x59o brz-css-m3y4um brz-css-aafsqr brz-wrapper\">\n<div class=\"brz-spacer brz-css-f6g437 brz-css-19ehxmx\"><\/div>\n<\/div>\n<div id=\"\" class=\"brz-css-w0x59o brz-css-m3y4um brz-css-1ioua61 brz-wrapper\">\n<div class=\"brz-spacer brz-css-f6g437 brz-css-togkpu\"><\/div>\n<\/div>\n<\/div>\n<\/div>\n<div class=\"brz-columns brz-css-vu1385 brz-css-a93yw3\" data-brz-custom-id=\"isdkCdnaHouZ\">\n<div class=\"brz-bg\">\n<div class=\"brz-bg-color\"><\/div>\n<\/div>\n<div class=\"brz-column__items brz-css-1ktz8zr brz-css-1nvnpfv\">\n<div id=\"\" class=\"brz-css-w0x59o brz-css-m3y4um brz-css-vmhbk4 brz-wrapper\">\n<div class=\"brz-spacer brz-css-f6g437 brz-css-1cnffqp\"><\/div>\n<\/div>\n<div id=\"\" class=\"brz-css-w0x59o brz-wrapper\">\n<div class=\"brz-rich-text brz-rich-text__custom brz-css-1fnpifl\" data-brz-custom-id=\"fgAw4iH2tSsp\">\n<div data-brz-translate-text=\"1\">\n<p class=\"brz-tp-lg-subtitle brz-css-fDnNi\" data-generated-css=\"brz-css-jHj0B\"><strong style=\"opacity: 1\" class=\"brz-cp-color4\">LIITU<\/strong><\/p>\n<\/div>\n<\/div>\n<\/div>\n<div id=\"\" class=\"brz-css-w0x59o brz-wrapper\">\n<div data-brz-form-version=\"2\" class=\"brz-forms2 brz-css-xyek13\" data-brz-custom-id=\"kJHlcpCTLNUT\">\n<div data-brz-translate-text=\"1\" class=\"brz-forms2__item brz-css-jwdh9h brz-css-s2pby8 brz-css-4cj1gi\"><\/div>\n<div data-brz-translate-text=\"1\" class=\"brz-forms2__item brz-css-jwdh9h brz-css-s2pby8 brz-css-4cj1gi brz-css-11hqm4e\"><\/div>\n<div data-brz-translate-text=\"1\" class=\"brz-forms2__item brz-css-jwdh9h brz-css-s2pby8 brz-css-4cj1gi brz-css-ztn0p0\"><\/div>\n<div data-brz-translate-text=\"1\" class=\"brz-forms2__item brz-css-jwdh9h brz-css-s2pby8 brz-css-4cj1gi\"><\/div>\n<div data-brz-translate-text=\"1\" class=\"brz-forms2__item brz-css-jwdh9h brz-css-s2pby8 brz-css-4cj1gi brz-css-1gmdmqy\"><textarea id=\"mXWBLLkxzRMx_\" name=\"mYWqTzGdLgqF\" data-brz-type=\"Paragraph\" data-brz-label=\"Your text...\" data-brz-placeholder=\"Your text...\" class=\"brz-textarea brz-forms2__field brz-forms2__field-paragraph\"><\/textarea><\/div>\n<div class=\"brz-forms2 brz-forms2__item brz-forms2__item-button\" data-brz-custom-id=\"kJHlcpCTLNUT\"><button class=\"brz-btn brz-btn-submit brz-css-151jnnq brz-css-1lvtolc\" data-brz-custom-id=\"gls5X1HYPpRx\"><span data-brz-translate-text=\"1\" class=\"brz-span brz-text__editor\">SAADA<\/span><\/button><\/div>\n<div class=\"brz-g-recaptcha\" data-sitekey=\"\" data-size=\"invisible\" data-callback=\"brzFormV2Captcha\"><\/div>\n<\/div>\n<\/div>\n<div id=\"\" class=\"brz-css-w0x59o brz-css-m3y4um brz-css-5uwd5w brz-wrapper\">\n<div class=\"brz-spacer brz-css-f6g437 brz-css-daqdzs\"><\/div>\n<\/div>\n<\/div>\n<\/div>\n<\/div>\n<\/div>\n<\/div>\n<\/div>\n<\/section>\n<\/div>\n<p>    <!-- version:1737058979 --><\/p>","protected":false},"excerpt":{"rendered":"<p>Mental health month! Information: 26.10.2024, Sat 10-17 Von Stackelberg Hotel, Tallinn, Toompuiestee 23 Language: English Leaders: Oliver Baiocco, Kaire Talviste-Baiocco Free entrance with pre-registration kaire@egtc.ee PROFESSIONAL SUPPORT Self-care for professionals Mental health month &#8211; time to take care of yourself Professional demands and the workload seems to be constantly increasing. At the same time fewer [&hellip;]<\/p>\n","protected":false},"author":1,"featured_media":0,"parent":0,"menu_order":0,"comment_status":"closed","ping_status":"closed","template":"brizy-blank-template.php","meta":{"footnotes":""},"class_list":["post-30595","page","type-page","status-publish","hentry"],"brizy_media":[{"id":19207,"url":"https:\/\/egtc.ee\/wp-content\/uploads\/2023\/12\/405283213_679892987583039_2688172068698456557_n.png","name":"405283213_679892987583039_2688172068698456557_n.png","meta":{"brizy_attachment_uid":"wp-c7fa529bab50e4223ad5d6f46b7c0e88.png","brizy_post_uid":["6efcce11d1b622b0f1e23d4450487299","5a004cce1706da123300559dc64e541c","465bb0abce16ac92a7a6b29c1b59d25a","888329e164d1223675bdefecef39bc6a","8e5dbbb9ffedd7f2b96de61ec37f35c4","6e9e27fecdf9bd7a2282a98cfddd43a2","2fa2d230280de14f9f0dc0783c3fb00b","c0d38d91d130d3f5c1a9c1b95b9acfab"]}},{"id":29638,"url":"https:\/\/egtc.ee\/wp-content\/uploads\/2024\/09\/depression-8104302_1280.jpg","name":"depression-8104302_1280.jpg","meta":{"brizy_attachment_uid":"wp-398665597dba9049a701e5f5cb271a33.jpg","brizy_post_uid":["888329e164d1223675bdefecef39bc6a","465bb0abce16ac92a7a6b29c1b59d25a","8e5dbbb9ffedd7f2b96de61ec37f35c4"]}}],"_links":{"self":[{"href":"https:\/\/egtc.ee\/et\/wp-json\/wp\/v2\/pages\/30595","targetHints":{"allow":["GET"]}}],"collection":[{"href":"https:\/\/egtc.ee\/et\/wp-json\/wp\/v2\/pages"}],"about":[{"href":"https:\/\/egtc.ee\/et\/wp-json\/wp\/v2\/types\/page"}],"author":[{"embeddable":true,"href":"https:\/\/egtc.ee\/et\/wp-json\/wp\/v2\/users\/1"}],"replies":[{"embeddable":true,"href":"https:\/\/egtc.ee\/et\/wp-json\/wp\/v2\/comments?post=30595"}],"version-history":[{"count":5,"href":"https:\/\/egtc.ee\/et\/wp-json\/wp\/v2\/pages\/30595\/revisions"}],"predecessor-version":[{"id":33367,"href":"https:\/\/egtc.ee\/et\/wp-json\/wp\/v2\/pages\/30595\/revisions\/33367"}],"wp:attachment":[{"href":"https:\/\/egtc.ee\/et\/wp-json\/wp\/v2\/media?parent=30595"}],"curies":[{"name":"wp","href":"https:\/\/api.w.org\/{rel}","templated":true}]}}