{"id":29332,"date":"2024-09-01T13:26:01","date_gmt":"2024-09-01T13:26:01","guid":{"rendered":"http:\/\/egtc.ee\/?page_id=29332"},"modified":"2026-01-24T20:40:14","modified_gmt":"2026-01-24T20:40:14","slug":"uus-kursus","status":"publish","type":"page","link":"https:\/\/egtc.ee\/et\/uus-kursus\/","title":{"rendered":"Uus kursus"},"content":{"rendered":"<div class=\"brz-root__container brz-reset-all brz brz-root__container-page\">\n<section id=\"_eJ7ZAl9w_F3U\" class=\"brz-section brz-css-1vfqcuv brz-css-1ywvtbg\">\n<div class=\"brz-section__content brz-section--boxed brz-css-l9k3rh brz-css-szou0e\" data-brz-custom-id=\"qFps1ZU06xY5\">\n<div class=\"brz-bg\">\n<div class=\"brz-bg-image\"><\/div>\n<div class=\"brz-bg-color\"><\/div>\n<div class=\"brz-bg-shape brz-bg-shape__top\"><\/div>\n<div class=\"brz-bg-shape brz-bg-shape__bottom\"><\/div>\n<\/div>\n<div class=\"brz-container brz-css-16smmuo\">\n<div class=\"brz-row__container brz-css-qet4pi\" data-brz-custom-id=\"rlB6LuNKVdTi\">\n<div class=\"brz-bg\"><\/div>\n<div class=\"brz-row brz-css-1nti4od brz-css-1b1hcbj\">\n<div class=\"brz-columns brz-css-124u704 brz-css-7owo5v\" data-brz-custom-id=\"t3JRtPzXf_8O\">\n<div class=\"brz-bg\"><\/div>\n<div class=\"brz-column__items brz-css-1f4vdln\">\n<div id=\"\" class=\"brz-css-1shoj1t brz-wrapper\">\n<div class=\"brz-rich-text brz-rich-text__custom brz-css-4qnhgl\" data-brz-custom-id=\"qPLUBWG8RCLe\">\n<div data-brz-translate-text=\"1\">\n<h2 class=\"brz-tp-lg-heading2 brz-css-abzn2\" data-generated-css=\"brz-css-mTKI2\" data-uniq-id=\"mn29k\"><span style=\"opacity: 0.61\">Uus kursus<\/span><\/h2>\n<\/div>\n<\/div>\n<\/div>\n<div id=\"\" class=\"brz-css-1shoj1t brz-css-h3yir8 brz-wrapper\">\n<div class=\"brz-spacer brz-css-l76kpv brz-css-1d4jhba\"><\/div>\n<\/div>\n<\/div>\n<\/div>\n<div class=\"brz-columns brz-css-124u704\" data-brz-custom-id=\"yfAtKsCyzpDQ\">\n<div class=\"brz-bg\"><\/div>\n<div class=\"brz-column__items brz-css-1f4vdln\">\n<div id=\"\" class=\"brz-css-1shoj1t brz-css-h3yir8 brz-wrapper\">\n<div class=\"brz-spacer brz-css-l76kpv\"><\/div>\n<\/div>\n<\/div>\n<\/div>\n<\/div>\n<\/div>\n<\/div>\n<\/div>\n<\/section>\n<section id=\"_e97QLSf3gwp5\" class=\"brz-section brz-css-1vfqcuv\">\n<div class=\"brz-section__content brz-section--boxed brz-css-l9k3rh brz-css-pwaf43\" data-brz-custom-id=\"t0ZFYDZFjS8o\">\n<div class=\"brz-container brz-css-16smmuo brz-css-1gcbj\">\n<div class=\"brz-row__container brz-css-qet4pi\" data-brz-custom-id=\"xvsrYJ9KErxq\">\n<div class=\"brz-bg\"><\/div>\n<div class=\"brz-row brz-css-1nti4od brz-css-1b1hcbj\">\n<div class=\"brz-columns brz-css-124u704 brz-css-celgea\" data-brz-custom-id=\"rS91ZLEhPTTm\">\n<div class=\"brz-bg\">\n<div class=\"brz-bg-color\"><\/div>\n<\/div>\n<div class=\"brz-column__items brz-css-1f4vdln brz-css-vkbuye\">\n<div id=\"\" class=\"brz-css-1shoj1t brz-wrapper\">\n<div class=\"brz-image brz-css-srqavt\" data-brz-custom-id=\"ydELK130a8Q9\"><img decoding=\"async\" class=\"brz-img\" src=\"http:\/\/egtc.ee\/wp-content\/uploads\/brizy\/imgs\/egtc-training-course-e1660665179284-342x225x21x0x300x225x1693309614.jpg\" alt=\"\" loading=\"lazy\"><\/div>\n<\/div>\n<div id=\"\" class=\"brz-css-1shoj1t brz-wrapper\">\n<div class=\"brz-rich-text brz-rich-text__custom brz-css-4qnhgl\" data-brz-custom-id=\"eFazYd9a7kiJ\">\n<div data-brz-translate-text=\"1\">\n<h5 data-uniq-id=\"f4rtC\" data-generated-css=\"brz-css-bvZS8\" class=\"brz-text-xs-center brz-tp-lg-heading5 brz-css-nSpKN\"><span class=\"brz-cp-color7\">Info<\/span><\/h5>\n<\/div>\n<\/div>\n<\/div>\n<div id=\"\" class=\"brz-css-1shoj1t brz-wrapper\">\n<div class=\"brz-icon-text brz-css-vyncr6\" data-brz-custom-id=\"p9jMfUZ3qsl9\">\n<div class=\"brz-icon__container\" data-brz-custom-id=\"bQUxmrwII_3u\"><span class=\"brz-icon brz-span brz-css-no7eb0 brz-css-1on9qtd\"><\/span><\/div>\n<div class=\"brz-text-btn\">\n<div class=\"brz-rich-text brz-rich-text__custom brz-css-4qnhgl\" data-brz-custom-id=\"yQv6bBTEYMe_\">\n<div data-brz-translate-text=\"1\">\n<p class=\"brz-tp-lg-subtitle brz-css-pXaWf\" data-generated-css=\"brz-css-eGIeD\" data-uniq-id=\"fUbns\"><strong style=\"opacity: 1\" class=\"brz-cp-color5\">15.06.2024, Laup 10-17 (l\u00f5una 13-14) <\/strong><\/p>\n<\/div>\n<\/div>\n<\/div>\n<\/div>\n<\/div>\n<div id=\"\" class=\"brz-css-1shoj1t brz-wrapper\">\n<div class=\"brz-icon-text brz-css-vyncr6\" data-brz-custom-id=\"lQeHqdj8uXkZ\">\n<div class=\"brz-icon__container\" data-brz-custom-id=\"xWlgEXbrBSf6\"><span class=\"brz-icon brz-span brz-css-no7eb0 brz-css-1gqxkru\"><\/span><\/div>\n<div class=\"brz-text-btn\">\n<div class=\"brz-rich-text brz-rich-text__custom brz-css-4qnhgl\" data-brz-custom-id=\"njGQEKJDXR0D\">\n<div data-brz-translate-text=\"1\">\n<p class=\"brz-tp-lg-subtitle brz-css-tZYlP\" data-uniq-id=\"qJfAo\" data-generated-css=\"brz-css-ayXeI\"><span class=\"brz-cp-color5 brz-span\" style=\"opacity: 1\"><strong>Graniidi 1, Tallinn, Tasapisi Tasakaal<\/strong><\/span><\/p>\n<\/div>\n<\/div>\n<\/div>\n<\/div>\n<\/div>\n<div id=\"\" class=\"brz-css-1shoj1t brz-wrapper\">\n<div class=\"brz-icon-text brz-css-vyncr6\" data-brz-custom-id=\"uNrXDXlxREsa\">\n<div class=\"brz-icon__container\" data-brz-custom-id=\"tqHGcNV0pT4M\"><span class=\"brz-icon brz-span brz-css-no7eb0 brz-css-13iv1rj\"><\/span><\/div>\n<div class=\"brz-text-btn\">\n<div class=\"brz-rich-text brz-rich-text__custom brz-css-4qnhgl\" data-brz-custom-id=\"bXeabUgYw8Ts\">\n<div data-brz-translate-text=\"1\">\n<p data-uniq-id=\"nd1zB\" data-generated-css=\"brz-css-oE044\" class=\"brz-tp-lg-subtitle brz-css-zNbVj\"><strong style=\"opacity: 1\" class=\"brz-cp-color5\">Inglise keeles <\/strong><\/p>\n<\/div>\n<\/div>\n<\/div>\n<\/div>\n<\/div>\n<div id=\"\" class=\"brz-css-1shoj1t brz-wrapper\">\n<div class=\"brz-icon-text brz-css-vyncr6\" data-brz-custom-id=\"mwSkEJ2RNsDa\">\n<div class=\"brz-icon__container\" data-brz-custom-id=\"mP6m61jNox79\"><span class=\"brz-icon brz-span brz-css-no7eb0 brz-css-1ft6jmi\"><\/span><\/div>\n<div class=\"brz-text-btn\">\n<div class=\"brz-rich-text brz-rich-text__custom brz-css-4qnhgl\" data-brz-custom-id=\"mMqKBd0jj8mH\">\n<div data-brz-translate-text=\"1\">\n<p class=\"brz-tp-lg-subtitle brz-css-cbYay\" data-generated-css=\"brz-css-bwu_i\" data-uniq-id=\"dVMUs\"><strong style=\"opacity: 1\" class=\"brz-cp-color5\">Osalustasu 80\u20ac <\/strong><\/p>\n<\/div>\n<\/div>\n<\/div>\n<\/div>\n<\/div>\n<\/div>\n<\/div>\n<div class=\"brz-columns brz-css-124u704 brz-css-1rr4wi8\" data-brz-custom-id=\"vt1fWvOGcFTb\">\n<div class=\"brz-bg\"><\/div>\n<div class=\"brz-column__items brz-css-1f4vdln brz-css-1pkft7u\">\n<div class=\"brz-row__container brz-css-qet4pi\" data-brz-custom-id=\"yq5gS78RLTtP\">\n<div class=\"brz-bg\"><\/div>\n<div class=\"brz-row brz-row--inner brz-css-1nti4od brz-css-1b1hcbj\">\n<div class=\"brz-columns brz-css-124u704 brz-css-pf6jbk\" data-brz-custom-id=\"r8iVVc10zXy4\">\n<div class=\"brz-bg\"><\/div>\n<div class=\"brz-column__items brz-css-1f4vdln brz-css-79q34c\">\n<div id=\"\" class=\"brz-css-1shoj1t brz-wrapper\">\n<div class=\"brz-rich-text brz-rich-text__custom brz-css-4qnhgl\" data-brz-custom-id=\"c83AEhJCdFEI\">\n<div data-brz-translate-text=\"1\">\n<p data-generated-css=\"brz-css-wkObF\" data-uniq-id=\"uRjRv\" class=\"brz-tp-lg-abovetitle brz-css-amHzq\"><span class=\"brz-cp-color7\">ENESEARENGU KURSUS<\/span><\/p>\n<\/div>\n<\/div>\n<\/div>\n<div id=\"\" class=\"brz-css-1shoj1t brz-wrapper\">\n<div class=\"brz-rich-text brz-rich-text__custom brz-css-4qnhgl\" data-brz-custom-id=\"wIjRASBCNEVN\">\n<div data-brz-translate-text=\"1\">\n<h2 class=\"brz-text-xs-center brz-tp-lg-heading2 brz-css-dp_sX\" data-generated-css=\"brz-css-owFz0\" data-uniq-id=\"hDL08\"><span style=\"opacity: 1\" class=\"brz-cp-color5\">Mis on Gestalt? -<\/span><\/h2>\n<\/div>\n<\/div>\n<\/div>\n<div id=\"\" class=\"brz-css-1shoj1t brz-wrapper\">\n<div class=\"brz-rich-text brz-rich-text__custom brz-css-4qnhgl\" data-brz-custom-id=\"rcjog5Fc4Z9w\">\n<div data-brz-translate-text=\"1\">\n<h3 class=\"brz-tp-lg-heading3 brz-text-xs-center brz-text-lg-left brz-css-vW0ME\" data-generated-css=\"brz-css-yJcFs\" data-uniq-id=\"ukJ4v\"><strong style=\"opacity: 1\" class=\"brz-cp-color5\">Sissejuhatus gestaltteraapiasse<\/strong><\/h3>\n<\/div>\n<\/div>\n<\/div>\n<div id=\"\" class=\"brz-css-1shoj1t brz-wrapper\">\n<div class=\"brz-rich-text brz-rich-text__custom brz-css-4qnhgl\" data-brz-custom-id=\"i0PjUdPWa9VT\">\n<div data-brz-translate-text=\"1\">\n<p class=\"brz-text-xs-center brz-tp-lg-paragraph brz-css-sKg0c\" data-uniq-id=\"eilJ6\" data-generated-css=\"brz-css-lHPdm\"><span class=\"brz-cp-color7\">Elu muutub \u00fcha keerulisemaks, isiklikud, sotsiaalsed ja professionaalsed n\u00f5udmised kasvavad pidevalt,<\/span><\/p>\n<p class=\"brz-text-xs-center brz-tp-lg-paragraph brz-css-l99_P\" data-uniq-id=\"u3pwU\" data-generated-css=\"brz-css-wtCGb\"><span class=\"brz-cp-color7\">ent tihtipeale puudub meil selle k\u00f5igega toimetulekuks tugiraamistik. Iga p\u00e4ev on v\u00f5itlus uue selguse nimel. <\/span><\/p>\n<\/div>\n<\/div>\n<\/div>\n<div id=\"\" class=\"brz-css-1shoj1t brz-wrapper\">\n<div class=\"brz-rich-text brz-rich-text__custom brz-css-4qnhgl\" data-brz-custom-id=\"pS_43IGzgnvs\">\n<div data-brz-translate-text=\"1\">\n<h5 data-generated-css=\"brz-css-ovjT2\" data-uniq-id=\"lRyKS\" class=\"brz-text-xs-center brz-tp-lg-heading5 brz-css-y65ub\"><strong class=\"brz-cp-color7\">Kuidas sellega toime tulla?<\/strong><\/h5>\n<\/div>\n<\/div>\n<\/div>\n<div id=\"\" class=\"brz-css-1shoj1t brz-wrapper\">\n<div class=\"brz-rich-text brz-rich-text__custom brz-css-4qnhgl\" data-brz-custom-id=\"kTm7oIuqiiUX\">\n<div data-brz-translate-text=\"1\">\n<p class=\"brz-tp-lg-paragraph brz-text-xs-center brz-css-mYFRw\" data-generated-css=\"brz-css-f4nag\" data-uniq-id=\"dzfDR\"><span class=\"brz-cp-color7\">Integratiivne gestaltteraapia on \u00fcleilmselt tunnustatud ja praktiseeritav isiksuse arengut toetav l\u00e4henemine nii ps\u00fchhoteraapias, n\u00f5ustamisel kui ka koolitustel.<\/span><\/p>\n<\/div>\n<\/div>\n<\/div>\n<div id=\"\" class=\"brz-css-1shoj1t brz-wrapper\">\n<div class=\"brz-rich-text brz-rich-text__custom brz-css-4qnhgl\" data-brz-custom-id=\"fTSsTGLpJ__J\">\n<div data-brz-translate-text=\"1\">\n<p class=\"brz-text-xs-center brz-tp-lg-paragraph brz-css-srTJR\" data-uniq-id=\"qnTFj\" data-generated-css=\"brz-css-rbiat\"><span class=\"brz-cp-color7\">Gestalt therapy is a humanistic, experimental, and dialogical way to <\/span><strong class=\"brz-cp-color7\">Eesm\u00e4rk on s\u00fcvendada oma teadlikkust kontaktis, <\/strong><span class=\"brz-cp-color7\">siin ja praegu.<\/span><\/p>\n<\/div>\n<\/div>\n<\/div>\n<div id=\"\" class=\"brz-css-1shoj1t brz-wrapper\">\n<div class=\"brz-rich-text brz-rich-text__custom brz-css-4qnhgl\" data-brz-custom-id=\"zlUGXWQWgRsN\">\n<div data-brz-translate-text=\"1\">\n<p class=\"brz-tp-lg-paragraph brz-text-xs-center brz-css-frchY\" data-generated-css=\"brz-css-hVi4H\" data-uniq-id=\"rLx9d\"><span class=\"brz-cp-color7\">Gestaltteraapia on humanistlik, eksperimentaalne ja dialoogiline viis oma teadlikkuse s\u00fcvendamiseks kontaktis siin ja praegu. Gestaltteraapia teoreetilise raamistikuga luuakse tingimused, kus eneseareng on parimal moel toetatud.<\/span><\/p>\n<\/div>\n<\/div>\n<\/div>\n<div id=\"\" class=\"brz-css-1shoj1t brz-wrapper\">\n<div class=\"brz-rich-text brz-rich-text__custom brz-css-4qnhgl\" data-brz-custom-id=\"uwpF8ya6HyS8\">\n<div data-brz-translate-text=\"1\">\n<p class=\"brz-text-xs-center brz-tp-lg-paragraph brz-css-cZSr4\" data-uniq-id=\"cqjmx\" data-generated-css=\"brz-css-aK4sB\"><strong class=\"brz-cp-color7\">Teadlikkus iseendast, tagab paremad suhted ja suhtluse. <\/strong><span class=\"brz-cp-color7\">Need oskused tulevad kasuks isiklikus ning ka t\u00f6\u00f6elus, eriti abistavate elukutsete esindajatele.<\/span><\/p>\n<\/div>\n<\/div>\n<\/div>\n<div id=\"\" class=\"brz-css-1shoj1t brz-wrapper\">\n<div class=\"brz-rich-text brz-rich-text__custom brz-css-4qnhgl\" data-brz-custom-id=\"sWBPSgG0qOkR\">\n<div data-brz-translate-text=\"1\">\n<p class=\"brz-text-xs-center brz-tp-lg-paragraph brz-css-enHVZ\" data-uniq-id=\"zYiFR\" data-generated-css=\"brz-css-cY8D7\"><span class=\"brz-cp-color7\">See \u00fchep\u00e4evane kursus on avatud k\u00f5igile, kes on huvitatud gestaltteraapiast v\u00f5i v\u00f5imalustest edasiseks v\u00e4lja\u00f5ppeks, aga ka neile, kes soovivad tutvuda gestaltteraapia l\u00e4henemisega professionaalsest huvist t\u00e4iendkoolitusena.<\/span><\/p>\n<\/div>\n<\/div>\n<\/div>\n<div id=\"\" class=\"brz-css-1shoj1t brz-wrapper\">\n<div class=\"brz-rich-text brz-rich-text__custom brz-css-4qnhgl\" data-brz-custom-id=\"tf3bc4KEpgzJ\">\n<div data-brz-translate-text=\"1\">\n<p class=\"brz-text-xs-center brz-tp-lg-paragraph brz-css-hJbN6\" data-uniq-id=\"s5KZi\" data-generated-css=\"brz-css-x0Mrr\"><strong class=\"brz-cp-color7\">PROGRAMM:<\/strong><\/p>\n<ul>\n<li class=\"brz-text-xs-center brz-tp-lg-paragraph brz-bcp-color7 brz-css-lr8FO\" data-uniq-id=\"wx_Ya\" data-generated-css=\"brz-css-o2KyR\"><span class=\"brz-cp-color7\">Teooria: gestaltteraapia p\u00f5hialused<\/span><\/li>\n<li class=\"brz-text-xs-center brz-tp-lg-paragraph brz-bcp-color7 brz-css-fIUoL\" data-uniq-id=\"sfzkw\" data-generated-css=\"brz-css-hD59B\"><span class=\"brz-cp-color7\">Praktika: eksperimendid teooria rakendamiseks ning teadlikkuse t\u00f5stmiseks<\/span><\/li>\n<li class=\"brz-text-xs-center brz-tp-lg-paragraph brz-bcp-color7 brz-css-oNOhL\" data-uniq-id=\"ua3yj\" data-generated-css=\"brz-css-mZpkt\"><span class=\"brz-cp-color7\">Info: v\u00f5imalused edasi\u00f5ppimiseks ja isiksuslikuks arenguks<\/span><\/li>\n<\/ul>\n<\/div>\n<\/div>\n<\/div>\n<div id=\"\" class=\"brz-css-1shoj1t brz-wrapper\">\n<div class=\"brz-rich-text brz-rich-text__custom brz-css-4qnhgl\" data-brz-custom-id=\"b5ZTt_B4OZbo\">\n<div data-brz-translate-text=\"1\">\n<h3 data-generated-css=\"brz-css-bR1VI\" data-uniq-id=\"jwVDv\" class=\"brz-text-xs-center brz-text-lg-left ql-align-center brz-tp-lg-heading3 brz-css-oTkE3\"><strong style=\"opacity: 1\" class=\"brz-cp-color5\">Tule ja liitu p\u00f5neva koolitusega!<\/strong><\/h3>\n<\/div>\n<\/div>\n<\/div>\n<div id=\"\" class=\"brz-css-1shoj1t brz-wrapper\">\n<div class=\"brz-rich-text brz-rich-text__custom brz-css-4qnhgl\" data-brz-custom-id=\"ikiXhaOZE7hn\">\n<div data-brz-translate-text=\"1\">\n<ul>\n<li class=\"brz-tp-lg-paragraph brz-bcp-color7 brz-css-hzEJg\" data-uniq-id=\"hvT15\" data-generated-css=\"brz-css-vohpW\"><span class=\"brz-cp-color7\">Kursus toimub inglise keeles.<\/span><\/li>\n<li class=\"brz-tp-lg-paragraph brz-bcp-color7 brz-css-bJ3SV\" data-uniq-id=\"xKXsk\" data-generated-css=\"brz-css-z8fde\"><span class=\"brz-cp-color7\">Osalustasu 80\u20ac<\/span><\/li>\n<li class=\"brz-tp-lg-paragraph brz-bcp-color7 brz-css-vMnXb\" data-uniq-id=\"tk8k1\" data-generated-css=\"brz-css-vntCQ\"><span class=\"brz-cp-color7\">Kursust juhivad gestaltterapeudid Kaire Talviste-Baiocco ja Oliver Baiocco.<\/span><\/li>\n<li class=\"brz-bcp-color7 brz-tp-lg-paragraph brz-css-waVOJ\" data-uniq-id=\"fKu7O\" data-generated-css=\"brz-css-qF3VR\"><span class=\"brz-cp-color7\">Lisainfo:&nbsp;<\/span><strong class=\"brz-cp-color7\">kaire<\/strong><strong class=\"brz-cp-color7 brz-pre-population-visible\">@egtc.ee<\/strong><\/li>\n<\/ul>\n<\/div>\n<\/div>\n<\/div>\n<div id=\"\" class=\"brz-css-1shoj1t brz-css-h3yir8 brz-css-gdbb7q brz-wrapper\">\n<div class=\"brz-spacer brz-css-l76kpv brz-css-v9cajk\"><\/div>\n<\/div>\n<div id=\"\" class=\"brz-css-1shoj1t brz-css-h3yir8 brz-css-1335o3o brz-wrapper\">\n<div class=\"brz-spacer brz-css-l76kpv brz-css-dy0nbs\"><\/div>\n<\/div>\n<\/div>\n<\/div>\n<\/div>\n<\/div>\n<\/div>\n<\/div>\n<\/div>\n<\/div>\n<\/div>\n<\/div>\n<\/section>\n<section id=\"_hcO7WKjVEyic\" class=\"brz-section brz-css-1vfqcuv\">\n<div class=\"brz-section__content brz-section--boxed brz-css-l9k3rh brz-css-1vymfyo\" data-brz-custom-id=\"xbNBN8bpPr4T\">\n<div class=\"brz-bg\">\n<div class=\"brz-bg-image\"><\/div>\n<div class=\"brz-bg-color\"><\/div>\n<\/div>\n<div class=\"brz-container brz-css-16smmuo\">\n<div class=\"brz-row__container brz-css-qet4pi\" data-brz-custom-id=\"lvrcPFJOLaxp\">\n<div class=\"brz-bg\"><\/div>\n<div class=\"brz-row brz-css-1nti4od brz-css-1b1hcbj\">\n<div class=\"brz-columns brz-css-124u704 brz-css-342hr6\" data-brz-custom-id=\"j7o_m7vlRHZW\">\n<div class=\"brz-bg\"><\/div>\n<div class=\"brz-column__items brz-css-1f4vdln brz-css-1s0nbrd\">\n<div id=\"\" class=\"brz-css-1shoj1t brz-wrapper\">\n<div class=\"brz-rich-text brz-rich-text__custom brz-css-4qnhgl\" data-brz-custom-id=\"aRAFHqmKFU0l\">\n<div data-brz-translate-text=\"1\">\n<h2 class=\"brz-tp-lg-heading2 brz-text-xs-center brz-css-oNSnX\" data-uniq-id=\"bjy7g\" data-generated-css=\"brz-css-fIJIf\"><span style=\"opacity: 1\" class=\"brz-cp-color4\">Tule ja saa osa p\u00f5nevast kogemusest!<\/span><\/h2>\n<\/div>\n<\/div>\n<\/div>\n<div id=\"\" class=\"brz-css-1shoj1t brz-css-h3yir8 brz-css-122pedy brz-wrapper\">\n<div class=\"brz-spacer brz-css-l76kpv brz-css-1ewwtiq\"><\/div>\n<\/div>\n<div id=\"\" class=\"brz-css-1shoj1t brz-css-h3yir8 brz-css-diwajx brz-wrapper\">\n<div class=\"brz-spacer brz-css-l76kpv brz-css-1fbxs84\"><\/div>\n<\/div>\n<div id=\"\" class=\"brz-css-1shoj1t brz-css-h3yir8 brz-css-qhh9n7 brz-wrapper\">\n<div class=\"brz-spacer brz-css-l76kpv brz-css-7jvf9m\"><\/div>\n<\/div>\n<div id=\"\" class=\"brz-css-1shoj1t brz-css-h3yir8 brz-css-myeaob brz-wrapper\">\n<div class=\"brz-spacer brz-css-l76kpv brz-css-1cks930\"><\/div>\n<\/div>\n<\/div>\n<\/div>\n<div class=\"brz-columns brz-css-124u704 brz-css-g9xopl\" data-brz-custom-id=\"tqMHpSvU6V37\">\n<div class=\"brz-bg\">\n<div class=\"brz-bg-color\"><\/div>\n<\/div>\n<div class=\"brz-column__items brz-css-1f4vdln brz-css-6luusg\">\n<div id=\"\" class=\"brz-css-1shoj1t brz-css-h3yir8 brz-css-vb8eih brz-wrapper\">\n<div class=\"brz-spacer brz-css-l76kpv brz-css-4as32e\"><\/div>\n<\/div>\n<div id=\"\" class=\"brz-css-1shoj1t brz-wrapper\">\n<div class=\"brz-rich-text brz-rich-text__custom brz-css-4qnhgl\" data-brz-custom-id=\"om_b5LeLaXAF\">\n<div data-brz-translate-text=\"1\">\n<p class=\"brz-tp-lg-subtitle brz-css-kEWeA\" data-uniq-id=\"bzUvw\" data-generated-css=\"brz-css-mpkCq\"><strong style=\"opacity: 1\" class=\"brz-cp-color4\">Uuele kursusele registreerumine<\/strong><\/p>\n<\/div>\n<\/div>\n<\/div>\n<div id=\"\" class=\"brz-css-1shoj1t brz-wrapper\">\n<div data-brz-form-version=\"2\" class=\"brz-forms2 brz-css-1e27m13\" data-brz-custom-id=\"c_esDf2za_HZ\">\n<div data-brz-translate-text=\"1\" class=\"brz-forms2__item brz-css-cjd9xh brz-css-1fi3ysk brz-css-iv1ga5 brz-css-ixly73\"><\/div>\n<div data-brz-translate-text=\"1\" class=\"brz-forms2__item brz-css-cjd9xh brz-css-1fi3ysk brz-css-iv1ga5 brz-css-1ep9pnm\"><\/div>\n<div data-brz-translate-text=\"1\" class=\"brz-forms2__item brz-css-cjd9xh brz-css-1fi3ysk brz-css-iv1ga5\"><\/div>\n<div data-brz-translate-text=\"1\" class=\"brz-forms2__item brz-css-cjd9xh brz-css-1fi3ysk brz-css-iv1ga5 brz-css-19bibi4\"><textarea id=\"nMqtZz3ftgG4_\" name=\"sMwFzdZevb2t\" data-brz-type=\"Paragraph\" data-brz-label=\"Your text...\" data-brz-placeholder=\"Your text...\" class=\"brz-textarea brz-forms2__field brz-forms2__field-paragraph\"><\/textarea><\/div>\n<div class=\"brz-forms2 brz-forms2__item brz-forms2__item-button\" data-brz-custom-id=\"c_esDf2za_HZ\"><button class=\"brz-btn brz-btn-submit brz-css-k6j0bf brz-css-84r7m2\" data-brz-custom-id=\"gtCvnm08q4Ob\"><span data-brz-translate-text=\"1\" class=\"brz-span brz-text__editor\">SAADA<\/span><\/button><\/div>\n<div class=\"brz-g-recaptcha\" data-sitekey=\"\" data-size=\"invisible\" data-callback=\"brzFormV2Captcha\"><\/div>\n<\/div>\n<\/div>\n<div id=\"\" class=\"brz-css-1shoj1t brz-css-h3yir8 brz-css-1puinvw brz-wrapper\">\n<div class=\"brz-spacer brz-css-l76kpv brz-css-w28c64\"><\/div>\n<\/div>\n<\/div>\n<\/div>\n<\/div>\n<\/div>\n<\/div>\n<\/div>\n<\/section>\n<\/div>\n<p>    <!-- version:1737955691 --><\/p>","protected":false},"excerpt":{"rendered":"<p>Uus kursus Information: 15.06.2024, Sat 10-17 (lunch 13-14) Graniidi 1, Tallinn, Tasapisi Tasakaal Language: English Fee 80\u20ac SELF-DEVELOPMENT COURSE What is Gestalt? An introduction to GESTALT Therapy in theory and praxis Life seems to become more and more complex and complicated. Change is everywhere. Private, social, and professional requirements are increasing steadily and at the [&hellip;]<\/p>\n","protected":false},"author":1,"featured_media":0,"parent":0,"menu_order":0,"comment_status":"closed","ping_status":"closed","template":"brizy-blank-template.php","meta":{"footnotes":""},"class_list":["post-29332","page","type-page","status-publish","hentry"],"brizy_media":[],"_links":{"self":[{"href":"https:\/\/egtc.ee\/et\/wp-json\/wp\/v2\/pages\/29332","targetHints":{"allow":["GET"]}}],"collection":[{"href":"https:\/\/egtc.ee\/et\/wp-json\/wp\/v2\/pages"}],"about":[{"href":"https:\/\/egtc.ee\/et\/wp-json\/wp\/v2\/types\/page"}],"author":[{"embeddable":true,"href":"https:\/\/egtc.ee\/et\/wp-json\/wp\/v2\/users\/1"}],"replies":[{"embeddable":true,"href":"https:\/\/egtc.ee\/et\/wp-json\/wp\/v2\/comments?post=29332"}],"version-history":[{"count":5,"href":"https:\/\/egtc.ee\/et\/wp-json\/wp\/v2\/pages\/29332\/revisions"}],"predecessor-version":[{"id":29419,"href":"https:\/\/egtc.ee\/et\/wp-json\/wp\/v2\/pages\/29332\/revisions\/29419"}],"wp:attachment":[{"href":"https:\/\/egtc.ee\/et\/wp-json\/wp\/v2\/media?parent=29332"}],"curies":[{"name":"wp","href":"https:\/\/api.w.org\/{rel}","templated":true}]}}