{"id":18169,"date":"2023-12-11T18:19:22","date_gmt":"2023-12-11T18:19:22","guid":{"rendered":"http:\/\/egtc.ee\/?page_id=18169"},"modified":"2026-01-23T00:29:14","modified_gmt":"2026-01-23T00:29:14","slug":"what-is-gestalt","status":"publish","type":"page","link":"https:\/\/egtc.ee\/et\/courses\/what-is-gestalt\/","title":{"rendered":"Mis on Gestalt? -"},"content":{"rendered":"<div class=\"brz-root__container brz-reset-all brz brz-root__container-page\">\n<section id=\"5a924d8b11b0106a668b_zzyDz9pUB7QD\" class=\"brz-section brz-css-12nr94v brz-css-187dobe\">\n<div class=\"brz-section__content brz-section--boxed brz-css-5uhr3y brz-css-wp1sp5\" data-brz-custom-id=\"jF3F7Zl5s6IC\">\n<div class=\"brz-bg\">\n<div class=\"brz-bg-color\"><\/div>\n<div class=\"brz-bg-shape brz-bg-shape__top\"><\/div>\n<div class=\"brz-bg-shape brz-bg-shape__bottom\"><\/div>\n<\/div>\n<div class=\"brz-container brz-css-11vca5 brz-css-150me5\">\n<div class=\"brz-row__container brz-css-1horiy1 brz-css-t4qzbz\" data-brz-custom-id=\"pf4WoPs_FPlH\">\n<div class=\"brz-row brz-css-c2kzw9 brz-css-1wb8o4z brz-css-3met07\">\n<div class=\"brz-columns brz-css-pnhtk5 brz-css-1gi8537\" data-brz-custom-id=\"bvq1dwI9KFG8\">\n<div class=\"brz-column__items brz-css-1kbyull brz-css-uz3uq3\">\n<div id=\"\" class=\"brz-css-v75bmo brz-css-liy3a5 brz-wrapper\">\n<div class=\"brz-rich-text brz-rich-text__custom brz-css-a13kkx brz-css-mlefr7\" data-brz-custom-id=\"tLAbpeVoMSkH\">\n<div data-brz-translate-text=\"1\">\n<h2 class=\"brz-tp-lg-heading2 brz-css-jaJzx\" data-generated-css=\"brz-css-dkslO\" data-uniq-id=\"dFZ77\"><span style=\"opacity: 0.61\">\u00dchep\u00e4evane tutvustus<\/span><\/h2>\n<\/div>\n<\/div>\n<\/div>\n<div id=\"\" class=\"brz-css-v75bmo brz-css-zkfu5k brz-css-8caa3q brz-wrapper\">\n<div class=\"brz-spacer brz-css-xe10s3 brz-css-1ngz6o7\"><\/div>\n<\/div>\n<\/div>\n<\/div>\n<div class=\"brz-columns brz-css-pnhtk5 brz-css-dynn9n\" data-brz-custom-id=\"pqCLTTIjdVOs\">\n<div class=\"brz-column__items brz-css-1kbyull brz-css-1oi82rs\">\n<div id=\"\" class=\"brz-css-v75bmo brz-css-zkfu5k brz-css-1d6vzil brz-wrapper\">\n<div class=\"brz-spacer brz-css-xe10s3 brz-css-1si8hc6\"><\/div>\n<\/div>\n<\/div>\n<\/div>\n<\/div>\n<\/div>\n<\/div>\n<\/div>\n<\/section>\n<section id=\"b23e57e8ba323e309eaf_sbFwPm8XfPM8\" class=\"brz-section brz-css-12nr94v brz-css-ism29t\">\n<div class=\"brz-section__content brz-section--boxed brz-css-5uhr3y brz-css-1egysij\" data-brz-custom-id=\"o8I7knT55yVA\">\n<div class=\"brz-container brz-css-11vca5 brz-css-nmmg5a\">\n<div class=\"brz-row__container brz-css-1horiy1 brz-css-1x3qmuo\" data-brz-custom-id=\"g8Y2rm5Bs8rC\">\n<div class=\"brz-row brz-css-c2kzw9 brz-css-1wb8o4z brz-css-1r79oun\">\n<div class=\"brz-columns brz-css-pnhtk5 brz-css-1cyeu3u\" data-brz-custom-id=\"cjlFGuKRsYu0\">\n<div class=\"brz-bg\">\n<div class=\"brz-bg-color\"><\/div>\n<\/div>\n<div class=\"brz-column__items brz-css-1kbyull brz-css-3df0va\">\n<div id=\"\" class=\"brz-css-v75bmo brz-css-1cfbip3 brz-wrapper\">\n<div class=\"brz-image brz-css-1qqirxt brz-css-1y1fm0g\" data-brz-custom-id=\"cS1p9jTFZfIa\"><img decoding=\"async\" class=\"brz-img\" src=\"http:\/\/egtc.ee\/wp-content\/uploads\/brizy\/imgs\/spiral-geaeb50e4a_1920-300x225x0x0x300x225x1725368070.jpg\" alt=\"\" title=\"spiral-geaeb50e4a_1920\" loading=\"lazy\"><\/div>\n<\/div>\n<div id=\"\" class=\"brz-css-v75bmo brz-css-s3ma6s brz-wrapper\">\n<div class=\"brz-rich-text brz-rich-text__custom brz-css-a13kkx brz-css-tegi6o\" data-brz-custom-id=\"yf06I4B2xg6F\">\n<div data-brz-translate-text=\"1\">\n<h5 data-uniq-id=\"f4rtC\" data-generated-css=\"brz-css-bvZS8\" class=\"brz-text-xs-center brz-tp-lg-heading5 brz-css-qz0Nh\"><span class=\"brz-cp-color7\">Info<\/span><\/h5>\n<\/div>\n<\/div>\n<\/div>\n<div id=\"\" class=\"brz-css-v75bmo brz-css-fexwtb brz-wrapper\">\n<div class=\"brz-icon-text brz-css-15uyca5 brz-css-1jd0ex5\" data-brz-custom-id=\"bUifp1kJQ6YY\">\n<div class=\"brz-icon__container\" data-brz-custom-id=\"e5XO4y6cxO1R\"><span class=\"brz-icon brz-span brz-css-xio56j brz-css-1mk5x3u\"><\/span><\/div>\n<div class=\"brz-text-btn\">\n<div class=\"brz-rich-text brz-rich-text__custom brz-css-a13kkx brz-css-1gdiihm\" data-brz-custom-id=\"tks4twCqiXLx\">\n<div data-brz-translate-text=\"1\">\n<p class=\"brz-tp-lg-subtitle brz-css-tKNsh\" data-generated-css=\"brz-css-sVzQq\" data-uniq-id=\"y99jq\"><strong style=\"opacity: 1\" class=\"brz-cp-color5\">24.05.2025, Sat 10-17 (lunch 13-14)<\/strong><\/p>\n<\/div>\n<\/div>\n<\/div>\n<\/div>\n<\/div>\n<div id=\"\" class=\"brz-css-v75bmo brz-css-1o5fcz4 brz-wrapper\">\n<div class=\"brz-icon-text brz-css-15uyca5 brz-css-yr7vvx\" data-brz-custom-id=\"pOd7DboDK3qG\">\n<div class=\"brz-icon__container\" data-brz-custom-id=\"srw5zEq41Jk8\"><span class=\"brz-icon brz-span brz-css-xio56j brz-css-1jlrjyg\"><\/span><\/div>\n<div class=\"brz-text-btn\">\n<div class=\"brz-rich-text brz-rich-text__custom brz-css-a13kkx brz-css-1mi9rjk\" data-brz-custom-id=\"nxcGbxLOEZQR\">\n<div data-brz-translate-text=\"1\">\n<p class=\"brz-tp-lg-subtitle brz-css-rn1CQ\" data-uniq-id=\"rjOaI\" data-generated-css=\"brz-css-oGDbM\"><span class=\"brz-cp-color5 brz-span\" style=\"opacity: 1\"><strong>Graniidi 1, Tallinn<\/strong><\/span><\/p>\n<\/div>\n<\/div>\n<\/div>\n<\/div>\n<\/div>\n<div id=\"\" class=\"brz-css-v75bmo brz-css-u6w15g brz-wrapper\">\n<div class=\"brz-icon-text brz-css-15uyca5 brz-css-1uamvgs\" data-brz-custom-id=\"fEeIthV7AVsV\">\n<div class=\"brz-icon__container\" data-brz-custom-id=\"qO9WVrHp6M0M\"><span class=\"brz-icon brz-span brz-css-xio56j brz-css-5u1he4\"><\/span><\/div>\n<div class=\"brz-text-btn\">\n<div class=\"brz-rich-text brz-rich-text__custom brz-css-a13kkx brz-css-x321sf\" data-brz-custom-id=\"yW08FYuVQfXW\">\n<div data-brz-translate-text=\"1\">\n<p data-uniq-id=\"nd1zB\" data-generated-css=\"brz-css-oE044\" class=\"brz-tp-lg-subtitle brz-css-d2lWJ\"><strong style=\"opacity: 1\" class=\"brz-cp-color5\">Inglise keeles <\/strong><\/p>\n<\/div>\n<\/div>\n<\/div>\n<\/div>\n<\/div>\n<div id=\"\" class=\"brz-css-v75bmo brz-css-v8i84r brz-wrapper\">\n<div class=\"brz-icon-text brz-css-15uyca5 brz-css-p93tmd\" data-brz-custom-id=\"uJItVLKo5RSe\">\n<div class=\"brz-icon__container\" data-brz-custom-id=\"vSsZOlM0cTGo\"><span class=\"brz-icon brz-span brz-css-xio56j brz-css-11hv6ap\"><\/span><\/div>\n<div class=\"brz-text-btn\">\n<div class=\"brz-rich-text brz-rich-text__custom brz-css-a13kkx brz-css-37erm2\" data-brz-custom-id=\"eJwOAnHlMSpm\">\n<div data-brz-translate-text=\"1\">\n<p class=\"brz-tp-lg-subtitle brz-css-kCQ0D\" data-generated-css=\"brz-css-bBDcw\" data-uniq-id=\"rqFF5\"><strong style=\"opacity: 1\" class=\"brz-cp-color5\">Koolitajad: Oliver Baiocco<\/strong><\/p>\n<p class=\"brz-tp-lg-subtitle brz-css-a5CIt\" data-generated-css=\"brz-css-bBDcw\" data-uniq-id=\"rqFF5\"><strong style=\"opacity: 1\" class=\"brz-cp-color5\">Kaire Talviste-Baiocco <\/strong><\/p>\n<\/div>\n<\/div>\n<\/div>\n<\/div>\n<\/div>\n<div id=\"\" class=\"brz-css-v75bmo brz-css-1z9ywj brz-wrapper\">\n<div class=\"brz-icon-text brz-css-15uyca5 brz-css-ocm4jj\" data-brz-custom-id=\"g5EgJyZGlPgw\">\n<div class=\"brz-icon__container\" data-brz-custom-id=\"eoj0SEpzOW9y\"><span class=\"brz-icon brz-span brz-css-xio56j brz-css-1duvhwr\"><\/span><\/div>\n<div class=\"brz-text-btn\">\n<div class=\"brz-rich-text brz-rich-text__custom brz-css-a13kkx brz-css-xonl90\" data-brz-custom-id=\"r26odCyPhqq1\">\n<div data-brz-translate-text=\"1\">\n<p class=\"brz-tp-lg-subtitle brz-css-qus57\" data-generated-css=\"brz-css-hlLEO\" data-uniq-id=\"betCu\"><strong style=\"opacity: 1\" class=\"brz-cp-color5\">80 \u20ac, eelregistreerimisega<\/strong><\/p>\n<\/div>\n<\/div>\n<\/div>\n<\/div>\n<\/div>\n<\/div>\n<\/div>\n<div class=\"brz-columns brz-css-pnhtk5 brz-css-low63\" data-brz-custom-id=\"xiSNDsFH537P\">\n<div class=\"brz-bg\"><\/div>\n<div class=\"brz-column__items brz-css-1kbyull brz-css-xyelw8\">\n<div class=\"brz-row__container brz-css-1horiy1 brz-css-bkbox0\" data-brz-custom-id=\"fe5V3HMDJKpQ\">\n<div class=\"brz-row brz-row--inner brz-css-c2kzw9 brz-css-1wb8o4z brz-css-1uv7xx2\">\n<div class=\"brz-columns brz-css-pnhtk5 brz-css-t4qyhp\" data-brz-custom-id=\"hsrJbHGTGQg4\">\n<div class=\"brz-column__items brz-css-1kbyull brz-css-1on9moo\">\n<div id=\"\" class=\"brz-css-v75bmo brz-css-g81cil brz-wrapper\">\n<div class=\"brz-rich-text brz-rich-text__custom brz-css-a13kkx brz-css-1xkf62m\" data-brz-custom-id=\"sofUnIqd3zqQ\">\n<div data-brz-translate-text=\"1\">\n<p class=\"brz-tp-lg-abovetitle brz-css-f2ztk\" data-generated-css=\"brz-css-nO5wv\" data-uniq-id=\"jwqoj\"><span class=\"brz-cp-color7\">Tutvustav t\u00f6\u00f6tuba<\/span><\/p>\n<\/div>\n<\/div>\n<\/div>\n<div id=\"\" class=\"brz-css-v75bmo brz-css-1c5izha brz-wrapper\">\n<div class=\"brz-rich-text brz-rich-text__custom brz-css-a13kkx brz-css-1gineg3\" data-brz-custom-id=\"gvqqH4zFw4xX\">\n<div data-brz-translate-text=\"1\">\n<h2 class=\"brz-tp-lg-heading2 brz-text-xs-center brz-css-mjWO0\" data-uniq-id=\"eFtTy\" data-generated-css=\"brz-css-jUPG1\"><span style=\"opacity: 1\" class=\"brz-cp-color5\">Sissejuhatus gestaltteraapiasse - teooria ja praktika<\/span><\/h2>\n<\/div>\n<\/div>\n<\/div>\n<div id=\"\" class=\"brz-css-v75bmo brz-css-1ssy9oi brz-wrapper\">\n<div class=\"brz-rich-text brz-rich-text__custom brz-css-a13kkx brz-css-1ukaa8r\" data-brz-custom-id=\"a2hVToVBpSvH\">\n<div data-brz-translate-text=\"1\">\n<p class=\"brz-tp-lg-paragraph brz-text-xs-center brz-css-umduW\" data-generated-css=\"brz-css-aJaz0\" data-uniq-id=\"nicbI\"><span class=\"brz-cp-color7\">Gestaltteraapia on humanistlik l\u00e4henemine - see on eksistentsiaalne, eksperimentaalne ja kogemuslik. Integratiivne gestaltteraapia on \u00fcleilmselt tunnustatud ja praktiseeritav isiksuse arengut toetav l\u00e4henemine nii ps\u00fchhoteraapias, n\u00f5ustamisel kui ka koolitustel. <\/span><\/p>\n<p class=\"brz-tp-lg-paragraph brz-text-xs-center brz-css-mgzzW\" data-generated-css=\"brz-css-fbPlH\" data-uniq-id=\"vr2HU\"><span class=\"brz-cp-color7\">German word &#8220;Gestalt&#8221; is referring to perception of things in their entirety rather than as separate elements &#8211; person<\/span><strong class=\"brz-cp-color7\">.<\/strong><span class=\"brz-cp-color7\">Keha, m\u00f5istus ja fenomenoloogiline v\u00e4li on teinetseisest lahutamatud.<\/span><\/p>\n<p class=\"brz-tp-lg-paragraph brz-text-xs-center brz-css-gj6Y_\" data-generated-css=\"brz-css-l4tMb\" data-uniq-id=\"v4B35\"><span class=\"brz-cp-color7\">Gestaltteraapias on keskne koht eksperimenteerimisel, dialoogilise l\u00e4henemise eesm\u00e4rk on s\u00fcvendada oma teadlikkust kontaktis<\/span><strong class=\"brz-cp-color7\"> <\/strong><span class=\"brz-cp-color7\">siin ja praegu.<\/span><\/p>\n<p class=\"brz-tp-lg-paragraph brz-text-xs-center brz-css-xqyVB\" data-generated-css=\"brz-css-v5LWw\" data-uniq-id=\"jTKJw\"><span class=\"brz-cp-color7\"> <\/span><\/p>\n<p class=\"brz-tp-lg-paragraph brz-text-xs-center brz-css-tTpPN\" data-generated-css=\"brz-css-jxT15\" data-uniq-id=\"syv8A\"><span class=\"brz-cp-color7\">Kolm gestaltteraapia sammast on:<\/span><\/p>\n<ol>\n<li class=\"brz-text-lg-left brz-tp-lg-paragraph brz-text-xs-center brz-bcp-color7 brz-css-ne1m4\" data-generated-css=\"brz-css-eXTZO\" data-uniq-id=\"sTDxY\"><span class=\"brz-cp-color7\">v\u00e4ljateooria (inimese kogemust vaadeldakse seoses tema olukorraga)<\/span><\/li>\n<li class=\"brz-text-lg-left brz-tp-lg-paragraph brz-text-xs-center brz-bcp-color7 brz-css-rS7yK\" data-generated-css=\"brz-css-gjzxG\" data-uniq-id=\"zw94N\"><span class=\"brz-cp-color7\">fenomenoloogia (interpretatsioonita subjektiivse kogemuse uurimine)<\/span><\/li>\n<li class=\"brz-text-lg-left brz-tp-lg-paragraph brz-text-xs-center brz-bcp-color7 brz-css-d4eg2\" data-generated-css=\"brz-css-qYmDZ\" data-uniq-id=\"dLhMW\"><span class=\"brz-cp-color7\">dialoogilisus (kohtumine maailma ja teise inimesega kogu meie inimlikkuses)<\/span><\/li>\n<\/ol>\n<p class=\"brz-tp-lg-paragraph brz-text-xs-center brz-css-m2Tk9\" data-generated-css=\"brz-css-y7_4z\" data-uniq-id=\"oyop2\"><span class=\"brz-cp-color7\">Gestaltteraapiale panid aluse Frederick \u2032Fritz\u2032 Perls, Laura Perls ja Paul Goodman 1951. aastal. <\/span><\/p>\n<p class=\"brz-tp-lg-paragraph brz-text-xs-center brz-css-jaRER\" data-generated-css=\"brz-css-rMkmh\" data-uniq-id=\"pTvGy\"><span class=\"brz-cp-color7\">See \u00fchep\u00e4evane kursus on avatud k\u00f5igile, kes on huvitatud gestaltteraapiast v\u00f5i v\u00f5imalustest edasiseks v\u00e4lja\u00f5ppeks, aga ka neile, kes soovivad tutvuda gestaltteraapia l\u00e4henemisega professionaalsest huvist t\u00e4iendkoolitusena.<\/span><\/p>\n<p class=\"brz-tp-lg-paragraph brz-text-xs-center brz-css-aocXJ\" data-generated-css=\"brz-css-rMgp0\" data-uniq-id=\"gvXnk\"><\/p>\n<p class=\"brz-tp-lg-paragraph brz-text-xs-center brz-css-ziM1K\" data-generated-css=\"brz-css-krjUT\" data-uniq-id=\"k9JRI\"><strong class=\"brz-cp-color7\">PROGRAMM:<\/strong><\/p>\n<ul>\n<li class=\"brz-tp-lg-paragraph brz-text-xs-center brz-bcp-color7 brz-css-tLvKk\" data-generated-css=\"brz-css-oF1AV\" data-uniq-id=\"isLah\"><span class=\"brz-cp-color7\">Teooria: gestaltteraapia p\u00f5hialused <\/span><\/li>\n<li class=\"brz-tp-lg-paragraph brz-text-xs-center brz-bcp-color7 brz-css-gDd2e\" data-generated-css=\"brz-css-vdD6o\" data-uniq-id=\"moXEJ\"><span class=\"brz-cp-color7\">Praktika: eksperimendid teooria rakendamiseks ning teadlikkuse t\u00f5stmiseks<\/span><\/li>\n<li class=\"brz-tp-lg-paragraph brz-text-xs-center brz-bcp-color7 brz-css-sp8Yd\" data-generated-css=\"brz-css-yQwvC\" data-uniq-id=\"mSb5m\"><span class=\"brz-cp-color7\">Info: v\u00f5imalused edasi\u00f5ppimiseks ja isiksuslikuks arenguks<\/span><\/li>\n<\/ul>\n<p class=\"brz-tp-lg-paragraph brz-text-xs-center brz-css-rUcdX\" data-generated-css=\"brz-css-sllKl\" data-uniq-id=\"u2Bas\"><\/p>\n<\/div>\n<\/div>\n<\/div>\n<div id=\"\" class=\"brz-css-v75bmo brz-css-zkfu5k brz-css-r3n7lq brz-wrapper\">\n<div class=\"brz-spacer brz-css-xe10s3 brz-css-10olsj7\"><\/div>\n<\/div>\n<div id=\"\" class=\"brz-css-v75bmo brz-css-zkfu5k brz-css-5d8jxr brz-wrapper\">\n<div class=\"brz-spacer brz-css-xe10s3 brz-css-wkaivt\"><\/div>\n<\/div>\n<\/div>\n<\/div>\n<\/div>\n<\/div>\n<\/div>\n<\/div>\n<\/div>\n<\/div>\n<\/div>\n<\/div>\n<\/section>\n<section id=\"d48a6083ce7a0b5c0c6c_x_3MZRwsSe90\" class=\"brz-section brz-css-12nr94v brz-css-c7f52k\">\n<div class=\"brz-section__content brz-section--boxed brz-css-5uhr3y brz-css-1fy0dl\" data-brz-custom-id=\"lcYQ0BqnTHci\">\n<div class=\"brz-bg\">\n<div class=\"brz-bg-image\"><\/div>\n<div class=\"brz-bg-color\"><\/div>\n<\/div>\n<div class=\"brz-container brz-css-11vca5 brz-css-1ipzx13\">\n<div class=\"brz-row__container brz-css-1horiy1 brz-css-2h8y1\" data-brz-custom-id=\"fdbwkJP9Q3Zm\">\n<div class=\"brz-row brz-css-c2kzw9 brz-css-1wb8o4z brz-css-1m8zgyb\">\n<div class=\"brz-columns brz-css-pnhtk5 brz-css-ubobe0\" data-brz-custom-id=\"lgHvcjIuy4JY\">\n<div class=\"brz-column__items brz-css-1kbyull brz-css-1e7ulya\">\n<div id=\"\" class=\"brz-css-v75bmo brz-css-1f0mnd6 brz-wrapper\">\n<div class=\"brz-rich-text brz-rich-text__custom brz-css-a13kkx brz-css-1fjam8y\" data-brz-custom-id=\"qg_BZN_baEkZ\">\n<div data-brz-translate-text=\"1\">\n<h2 class=\"brz-tp-lg-heading2 brz-text-xs-center brz-css-yfppK\" data-uniq-id=\"bjy7g\" data-generated-css=\"brz-css-fIJIf\"><span style=\"opacity: 1\" class=\"brz-cp-color4\">Tule ja saa osa p\u00f5nevast kogemusest!<\/span><\/h2>\n<\/div>\n<\/div>\n<\/div>\n<div id=\"\" class=\"brz-css-v75bmo brz-css-zkfu5k brz-css-v7awr6 brz-wrapper\">\n<div class=\"brz-spacer brz-css-xe10s3 brz-css-vb793z\"><\/div>\n<\/div>\n<div id=\"\" class=\"brz-css-v75bmo brz-css-zkfu5k brz-css-orm3q2 brz-wrapper\">\n<div class=\"brz-spacer brz-css-xe10s3 brz-css-cjskcp\"><\/div>\n<\/div>\n<div id=\"\" class=\"brz-css-v75bmo brz-css-zkfu5k brz-css-1b3zzvc brz-wrapper\">\n<div class=\"brz-spacer brz-css-xe10s3 brz-css-1lk636b\"><\/div>\n<\/div>\n<div id=\"\" class=\"brz-css-v75bmo brz-css-zkfu5k brz-css-q0bhtb brz-wrapper\">\n<div class=\"brz-spacer brz-css-xe10s3 brz-css-hghcsm\"><\/div>\n<\/div>\n<\/div>\n<\/div>\n<div class=\"brz-columns brz-css-pnhtk5 brz-css-1fslrk\" data-brz-custom-id=\"ma0QbyuMRSkJ\">\n<div class=\"brz-bg\">\n<div class=\"brz-bg-color\"><\/div>\n<\/div>\n<div class=\"brz-column__items brz-css-1kbyull brz-css-197crbw\">\n<div id=\"\" class=\"brz-css-v75bmo brz-css-zkfu5k brz-css-53p77m brz-wrapper\">\n<div class=\"brz-spacer brz-css-xe10s3 brz-css-6updso\"><\/div>\n<\/div>\n<div id=\"\" class=\"brz-css-v75bmo brz-css-z9bgvx brz-wrapper\">\n<div class=\"brz-rich-text brz-rich-text__custom brz-css-a13kkx brz-css-197of54\" data-brz-custom-id=\"rhQzT7EP7sYm\">\n<div data-brz-translate-text=\"1\">\n<p class=\"brz-tp-lg-subtitle brz-css-vNiLk\" data-generated-css=\"brz-css-jHj0B\"><strong style=\"opacity: 1\" class=\"brz-cp-color4\">LIITU<\/strong><\/p>\n<\/div>\n<\/div>\n<\/div>\n<div id=\"\" class=\"brz-css-v75bmo brz-css-1e9p8ia brz-wrapper\">\n<div data-brz-form-version=\"2\" class=\"brz-forms2 brz-css-hykkit brz-css-15vuyih\" data-brz-custom-id=\"nbNwi4HtYcbc\">\n<div data-brz-translate-text=\"1\" class=\"brz-forms2__item brz-css-zjwcmg brz-css-13smav9 brz-css-6syozy brz-css-wvy9gp\"><\/div>\n<div data-brz-translate-text=\"1\" class=\"brz-forms2__item brz-css-zjwcmg brz-css-13smav9 brz-css-6syozy brz-css-11ik3mu\"><\/div>\n<div data-brz-translate-text=\"1\" class=\"brz-forms2__item brz-css-zjwcmg brz-css-13smav9 brz-css-6syozy brz-css-mlnhg6\"><\/div>\n<div data-brz-translate-text=\"1\" class=\"brz-forms2__item brz-css-zjwcmg brz-css-13smav9 brz-css-6syozy brz-css-58qrns\"><\/div>\n<div data-brz-translate-text=\"1\" class=\"brz-forms2__item brz-css-zjwcmg brz-css-13smav9 brz-css-6syozy brz-css-1hnxczw\"><textarea id=\"nnkdcptgJG1__ed8d9aa4725d1e2dfe69\" name=\"m9kQqvuofakf\" data-brz-type=\"Paragraph\" data-brz-label=\"Your text...\" data-brz-placeholder=\"Your text...\" class=\"brz-textarea brz-forms2__field brz-forms2__field-paragraph\"><\/textarea><\/div>\n<div class=\"brz-forms2 brz-forms2__item brz-forms2__item-button\" data-brz-custom-id=\"nbNwi4HtYcbc\"><button class=\"brz-btn brz-btn-submit brz-css-p91is brz-css-19m3kwp\" data-brz-custom-id=\"zGZG8ETzgaMU\"><span data-brz-translate-text=\"1\" class=\"brz-span brz-text__editor\">SAADA<\/span><\/button><\/div>\n<div class=\"brz-g-recaptcha\" data-sitekey=\"\" data-size=\"invisible\" data-callback=\"brzFormV2Captcha\"><\/div>\n<\/div>\n<\/div>\n<div id=\"\" class=\"brz-css-v75bmo brz-css-zkfu5k brz-css-1lts8v7 brz-wrapper\">\n<div class=\"brz-spacer brz-css-xe10s3 brz-css-1q4pkjs\"><\/div>\n<\/div>\n<\/div>\n<\/div>\n<\/div>\n<\/div>\n<\/div>\n<\/div>\n<\/section>\n<\/div>\n<p>    <!-- version:1751318780 --><\/p>","protected":false},"excerpt":{"rendered":"<p>One day course Information: 24.05.2025, Sat 10-17 (lunch 13-14) Graniidi 1, Tallinn Language: English Leaders: Oliver Baiocco, Kaire Talviste-Baiocco 80 \u20ac, pre-registration Workshop An introduction to GESTALT Therapy in theory and practice Gestalt therapy is a humanistic approach, it is existential, experimental and experiential. Gestalt as an acknowledged integrative development approach is worldwide used in [&hellip;]<\/p>\n","protected":false},"author":1,"featured_media":17226,"parent":26,"menu_order":0,"comment_status":"closed","ping_status":"closed","template":"brizy-blank-template.php","meta":{"footnotes":""},"class_list":["post-18169","page","type-page","status-publish","has-post-thumbnail","hentry"],"brizy_media":[{"id":17226,"url":"https:\/\/egtc.ee\/wp-content\/uploads\/2023\/08\/egtc-training-course-e1660665179284.jpg","name":"egtc-training-course-e1660665179284.jpg","meta":{"brizy_attachment_uid":"wp-c63fd44e4bcf7b1b7dd7497e498d47ae.jpg","brizy_post_uid":["888329e164d1223675bdefecef39bc6a","6efcce11d1b622b0f1e23d4450487299","70bd2e8ed4a27fff617844e277b46a3f"]}},{"id":17232,"url":"https:\/\/egtc.ee\/wp-content\/uploads\/2023\/08\/Logo_egtc-training.png","name":"Logo_egtc-training.png","meta":{"brizy_attachment_uid":"wp-e0f22620d95852fcc56e17cb4e041772.png","brizy_post_uid":["888329e164d1223675bdefecef39bc6a","70bd2e8ed4a27fff617844e277b46a3f"]}},{"id":17698,"url":"https:\/\/egtc.ee\/wp-content\/uploads\/2023\/12\/d08-d08-background15.jpg","name":"d08-d08-background15.jpg","meta":{"brizy_attachment_uid":"d08-d08-background15.jpg","brizy_post_uid":["70bd2e8ed4a27fff617844e277b46a3f"]}},{"id":18761,"url":"https:\/\/egtc.ee\/wp-content\/uploads\/2023\/12\/background-73-scaled.jpg","name":"background-73.jpg","meta":{"brizy_attachment_uid":"wp-d7a11339f7050d01d1eda4c001b33985.jpg","brizy_post_uid":["6d2c976ec1762b1e42fa55321c7ed992","70bd2e8ed4a27fff617844e277b46a3f"]}},{"id":29521,"url":"https:\/\/egtc.ee\/wp-content\/uploads\/2024\/09\/spiral-geaeb50e4a_1920.jpg","name":"spiral-geaeb50e4a_1920.jpg","meta":{"brizy_attachment_uid":"wp-fd19801c7ac70bc8c77ae64129f4f5a8.jpg","brizy_post_uid":["888329e164d1223675bdefecef39bc6a","465bb0abce16ac92a7a6b29c1b59d25a","70bd2e8ed4a27fff617844e277b46a3f"]}}],"_links":{"self":[{"href":"https:\/\/egtc.ee\/et\/wp-json\/wp\/v2\/pages\/18169","targetHints":{"allow":["GET"]}}],"collection":[{"href":"https:\/\/egtc.ee\/et\/wp-json\/wp\/v2\/pages"}],"about":[{"href":"https:\/\/egtc.ee\/et\/wp-json\/wp\/v2\/types\/page"}],"author":[{"embeddable":true,"href":"https:\/\/egtc.ee\/et\/wp-json\/wp\/v2\/users\/1"}],"replies":[{"embeddable":true,"href":"https:\/\/egtc.ee\/et\/wp-json\/wp\/v2\/comments?post=18169"}],"version-history":[{"count":5,"href":"https:\/\/egtc.ee\/et\/wp-json\/wp\/v2\/pages\/18169\/revisions"}],"predecessor-version":[{"id":36391,"href":"https:\/\/egtc.ee\/et\/wp-json\/wp\/v2\/pages\/18169\/revisions\/36391"}],"up":[{"embeddable":true,"href":"https:\/\/egtc.ee\/et\/wp-json\/wp\/v2\/pages\/26"}],"wp:featuredmedia":[{"embeddable":true,"href":"https:\/\/egtc.ee\/et\/wp-json\/wp\/v2\/media\/17226"}],"wp:attachment":[{"href":"https:\/\/egtc.ee\/et\/wp-json\/wp\/v2\/media?parent=18169"}],"curies":[{"name":"wp","href":"https:\/\/api.w.org\/{rel}","templated":true}]}}